{"id":72418,"date":"2023-01-23T09:55:45","date_gmt":"2023-01-23T08:55:45","guid":{"rendered":"https:\/\/secureus.se\/produkt\/powerg-wireless-pir-360-10m-pg8862\/"},"modified":"2025-12-31T20:39:40","modified_gmt":"2025-12-31T19:39:40","slug":"dsc-wireless-pir-360-pg8862","status":"publish","type":"product","link":"https:\/\/secureus.se\/fi\/dsc-wireless-pir-360-pg8862\/","title":{"rendered":"DSC Wireless PIR 360\u00b0 &quot;10m&quot; Wireless PG8862"},"content":{"rendered":"<p><strong>DSC langaton PIR PG8862<\/strong> on edistyksellinen liiketunnistin, joka on suunniteltu tarjoamaan 360 asteen tunnistus, mik\u00e4 tekee siit\u00e4 ihanteellisen kattoasennukseen keskikokoisissa huoneissa.<\/p>\n<p>Jopa 20 metrin tunnistuss\u00e4teell\u00e4 t\u00e4m\u00e4 ilmaisin voidaan sijoittaa 2\u20136 metrin korkeuteen, mik\u00e4 varmistaa, ett\u00e4 se kattaa suuren alueen ilman kuolleita kulmia.<\/p>\n<p>Yksi PG8862:n merkitt\u00e4vimmist\u00e4 ominaisuuksista on sen kyky mukautua erilaisiin ymp\u00e4rist\u00f6ihin, jolloin se tunnistaa liikkeen reagoimatta ei-toivottuihin h\u00e4iri\u00f6ihin.<\/p>\n<p>Se on my\u00f6s varustettu LED-ilmaisimilla, jotka n\u00e4ytt\u00e4v\u00e4t tilan asennuksen ja huollon aikana, mik\u00e4 helpottaa j\u00e4rjestelm\u00e4n suorituskyvyn valvontaa ja optimointia.<\/p>\n<p>Lis\u00e4ksi PG8862 on suunniteltu energiatehokkaaksi, ja sen akun k\u00e4ytt\u00f6ik\u00e4 on jopa 3 vuotta, mik\u00e4 takaa luotettavan toiminnan pidemm\u00e4n ajan.<\/p>\n<p>Se toimii 868 MHz:n taajuudella ja on helppo integroida DSC PowerSeries NEO -j\u00e4rjestelmiin, joten se on erinomainen valinta sek\u00e4 asuin- ett\u00e4 kaupallisiin sovelluksiin.<\/p>\n<p>DSC Wireless PIR PG8862:lla et saa vain ilmaisinta; saat luotettavan suojaj\u00e4rjestelm\u00e4n, joka tarjoaa turvallisuutta kaikissa tilanteissa.<\/p>","protected":false},"excerpt":{"rendered":"<p>DSC Wireless PIR PG8862 on langaton liiketunnistin, joka kattaa 360 astetta kattoon asennettavaksi ja sopii erinomaisesti keskikokoisten huoneiden suojaamiseen.<\/p>\n<p>Sen tunnistuss\u00e4de on 20 metri\u00e4 ja asennuskorkeus jopa 6 metri\u00e4, joten se tarjoaa luotettavan suojan tunkeutumiselta.<\/p>\n<p>Varustettu LED-indikaattoreilla ja pitk\u00e4ll\u00e4 akunkestolla, se varmistaa helpon asennuksen ja pitk\u00e4n k\u00e4ytt\u00f6i\u00e4n.<\/p>\n<p>&nbsp;<\/p>","protected":false},"featured_media":141212,"template":"","meta":{"_acf_changed":false},"product_brand":[],"product_cat":[1322,3326],"product_tag":[3152,3311,2472],"class_list":{"0":"post-72418","1":"product","2":"type-product","3":"status-publish","4":"has-post-thumbnail","6":"product_cat-dsc-larm-neo-power-hybridlarm","7":"product_cat-rorelsedetektor","8":"product_tag-cr123-tillbehor","9":"product_tag-dsc-neo-svensk-manual","10":"product_tag-sbsc-larmklassr","11":"product_shipping_class-postnord-varubrev","12":"pa_brands-4dsc","13":"tm-has-options","15":"first","16":"instock","17":"sale","18":"featured","19":"taxable","20":"shipping-taxable","21":"purchasable","22":"product-type-simple"},"acf":[],"_links":{"self":[{"href":"https:\/\/secureus.se\/fi\/wp-json\/wp\/v2\/product\/72418","targetHints":{"allow":["GET"]}}],"collection":[{"href":"https:\/\/secureus.se\/fi\/wp-json\/wp\/v2\/product"}],"about":[{"href":"https:\/\/secureus.se\/fi\/wp-json\/wp\/v2\/types\/product"}],"wp:featuredmedia":[{"embeddable":true,"href":"https:\/\/secureus.se\/fi\/wp-json\/wp\/v2\/media\/141212"}],"wp:attachment":[{"href":"https:\/\/secureus.se\/fi\/wp-json\/wp\/v2\/media?parent=72418"}],"wp:term":[{"taxonomy":"product_brand","embeddable":true,"href":"https:\/\/secureus.se\/fi\/wp-json\/wp\/v2\/product_brand?post=72418"},{"taxonomy":"product_cat","embeddable":true,"href":"https:\/\/secureus.se\/fi\/wp-json\/wp\/v2\/product_cat?post=72418"},{"taxonomy":"product_tag","embeddable":true,"href":"https:\/\/secureus.se\/fi\/wp-json\/wp\/v2\/product_tag?post=72418"}],"curies":[{"name":"wp","href":"https:\/\/api.w.org\/{rel}","templated":true}]}}