{"id":72422,"date":"2023-01-23T09:55:45","date_gmt":"2023-01-23T08:55:45","guid":{"rendered":"https:\/\/secureus.se\/produkt\/dsc-neo-power-g-wireless-repeater-pg8920-2\/"},"modified":"2026-02-23T14:45:39","modified_gmt":"2026-02-23T13:45:39","slug":"dsc-repeater-pg8920-powerg-wireless","status":"publish","type":"product","link":"https:\/\/secureus.se\/fi\/dsc-repeater-pg8920-powerg-wireless\/","title":{"rendered":"DSC-toistin PG8920 PowerG Wireless"},"content":{"rendered":"<p><strong>DSC-toistin PG8920<\/strong> on langaton linkkiasema, joka on v\u00e4ltt\u00e4m\u00e4t\u00f6n PowerSeries Neo -h\u00e4lytysj\u00e4rjestelmien viestint\u00e4alueen laajentamiseksi.<\/p>\n<p>Toistimena se laajentaa langattoman signaalin h\u00e4lytysj\u00e4rjestelm\u00e4n ja muiden PowerG-laitteiden v\u00e4lill\u00e4 varmistaen, ett\u00e4 j\u00e4rjestelm\u00e4n kaikki osat kommunikoivat tehokkaasti rakennuksen koosta tai materiaaleista riippumatta.<\/p>\n<p>PG8920:n toimintas\u00e4de on jopa 2 km n\u00e4k\u00f6et\u00e4isyydell\u00e4 ja automaattinen vaihteiston voimakkuuden s\u00e4\u00e4t\u00f6 mahdollistaa sen, ett\u00e4 PG8920 parantaa liitettyjen laitteiden akun k\u00e4ytt\u00f6ik\u00e4\u00e4 minimoimalla tarvittavan l\u00e4hetystehon.<\/p>\n<p>Se on my\u00f6s varustettu LED-signaalin voimakkuuden ilmaisimella, joka helpottaa ja tehostaa asennusta auttamalla asentajaa valitsemaan optimaalisen asennuspaikan.<\/p>\n<p>PG8920:n mukana tulee virtal\u00e4hde ja sis\u00e4\u00e4nrakennettu ladattava Ni-MH-akku, joka tarjoaa 48 tunnin varmuuskopioinnin s\u00e4hk\u00f6katkon sattuessa.<\/p>\n<p>Vahvojen turvaominaisuuksien ja modernin suunnittelun ansiosta PG8920 on t\u00e4ydellinen lis\u00e4 varmistaaksesi luotettavan viestinn\u00e4n ja maksimaalisen turvallisuuden PowerG-h\u00e4lytysj\u00e4rjestelm\u00e4ss\u00e4si.<\/p>","protected":false},"excerpt":{"rendered":"<p>DSC Repeater PG8920 on tehokas linkkiasema PowerG-j\u00e4rjestelmille, joka on suunniteltu laajentamaan langatonta kantamaa h\u00e4lytysj\u00e4rjestelm\u00e4n ja muiden laitteiden v\u00e4lill\u00e4.<\/p>\n<p>Automaattisen vaihteiston voimakkuuden s\u00e4\u00e4d\u00f6n ja 48 tunnin akun varauksen ansiosta se varmistaa vakaan ja luotettavan tiedonsiirron haastavimmissakin ymp\u00e4rist\u00f6iss\u00e4.<\/p>","protected":false},"featured_media":141202,"template":"","meta":{"_acf_changed":false},"product_brand":[],"product_cat":[3338,1322],"product_tag":[3311],"class_list":{"0":"post-72422","1":"product","2":"type-product","3":"status-publish","4":"has-post-thumbnail","6":"product_cat-repeater","7":"product_cat-dsc-larm-neo-power-hybridlarm","8":"product_tag-dsc-neo-svensk-manual","9":"product_shipping_class-postnord-varubrev","10":"pa_brands-4dsc","11":"tm-has-options","13":"first","14":"instock","15":"sale","16":"featured","17":"taxable","18":"shipping-taxable","19":"purchasable","20":"product-type-simple"},"acf":[],"_links":{"self":[{"href":"https:\/\/secureus.se\/fi\/wp-json\/wp\/v2\/product\/72422","targetHints":{"allow":["GET"]}}],"collection":[{"href":"https:\/\/secureus.se\/fi\/wp-json\/wp\/v2\/product"}],"about":[{"href":"https:\/\/secureus.se\/fi\/wp-json\/wp\/v2\/types\/product"}],"wp:featuredmedia":[{"embeddable":true,"href":"https:\/\/secureus.se\/fi\/wp-json\/wp\/v2\/media\/141202"}],"wp:attachment":[{"href":"https:\/\/secureus.se\/fi\/wp-json\/wp\/v2\/media?parent=72422"}],"wp:term":[{"taxonomy":"product_brand","embeddable":true,"href":"https:\/\/secureus.se\/fi\/wp-json\/wp\/v2\/product_brand?post=72422"},{"taxonomy":"product_cat","embeddable":true,"href":"https:\/\/secureus.se\/fi\/wp-json\/wp\/v2\/product_cat?post=72422"},{"taxonomy":"product_tag","embeddable":true,"href":"https:\/\/secureus.se\/fi\/wp-json\/wp\/v2\/product_tag?post=72422"}],"curies":[{"name":"wp","href":"https:\/\/api.w.org\/{rel}","templated":true}]}}