{"id":72425,"date":"2023-01-23T09:55:44","date_gmt":"2023-01-23T08:55:44","guid":{"rendered":"https:\/\/secureus.se\/produkt\/dsc-neo-power-g-transceiver-hsm2host-2\/"},"modified":"2025-12-31T20:36:52","modified_gmt":"2025-12-31T19:36:52","slug":"dsc-hsm2host-transceiver-module","status":"publish","type":"product","link":"https:\/\/secureus.se\/fi\/dsc-hsm2host-transceiver-module\/","title":{"rendered":"DSC HSM2HOST l\u00e4hetin-vastaanotinmoduuli"},"content":{"rendered":"<p><strong>DSC HSM2HOST<\/strong> on tehokas radiol\u00e4hetin-vastaanotin, joka on suunniteltu optimoimaan PowerSeries NEO- ja PEO-h\u00e4lytysj\u00e4rjestelmien langattomat asennukset.<\/p>\n<p>HSM2HOST tarjoaa vaikuttavan, jopa 2 km:n kantaman, ja se on erinomainen valinta sek\u00e4 asuin- ett\u00e4 yritysymp\u00e4rist\u00f6ihin, jotka vaativat luotettavaa turvallisuutta ja joustavuutta.<\/p>\n<p>T\u00e4m\u00e4 moduuli tarjoaa 128-bittisen AES-salauksen, joka suojaa laitteiden v\u00e4list\u00e4 viestint\u00e4\u00e4 ja varmistaa, ett\u00e4 kaikki tiedonsiirrot ovat turvallisia.<\/p>\n<p>HSM2HOSTin avulla kullekin langattomalle ilmaisimelle voidaan m\u00e4\u00e4ritt\u00e4\u00e4 vy\u00f6hykenumero, mik\u00e4 mahdollistaa jopa 128 vy\u00f6hykkeen tehokkaan ja helpon hallinnan.<\/p>\n<p>Laite voidaan liitt\u00e4\u00e4 j\u00e4rjestelm\u00e4\u00e4n ilman rajoituksia ja se voi toimia linkkiasemien kanssa kantomatkan lis\u00e4\u00e4miseksi tarvittaessa.<\/p>\n<p>Huomaa, ett\u00e4 vain yksi radiol\u00e4hetin-vastaanotin voidaan kytke\u00e4 j\u00e4rjestelm\u00e4\u00e4 kohden ja ett\u00e4 sit\u00e4 ei voi yhdist\u00e4\u00e4 n\u00e4pp\u00e4imist\u00f6ihin, joissa on sis\u00e4\u00e4nrakennettu radiol\u00e4hetin-vastaanotin.<\/p>\n<p>HSM2HOST on v\u00e4ltt\u00e4m\u00e4t\u00f6n komponentti niille, jotka haluavat maksimoida asennustensa turvallisuuden ja hy\u00f6dynt\u00e4\u00e4 PowerG-teknologian etuja.<\/p>\n<p>Vain 60 mA:n virrankulutuksella se on my\u00f6s energiatehokas, joten se on ihanteellinen jatkuvaan k\u00e4ytt\u00f6\u00f6n.<\/p>","protected":false},"excerpt":{"rendered":"<p>DSC HSM2HOST on edistyksellinen radiol\u00e4hetin-vastaanotin, joka mahdollistaa kaksisuuntaisen langattoman viestinn\u00e4n PowerSeries NEO -h\u00e4lytysj\u00e4rjestelmille.<\/p>\n<p>Jopa 2 km:n kantama ja 128-bittinen AES-salaus takaavat luotettavan ja turvallisen tiedonsiirron.<\/p>\n<p>Se on ihanteellinen langattoman verkon tehokkaaseen laajentamiseen ja vankan suojausratkaisun luomiseen.<\/p>","protected":false},"featured_media":140791,"template":"","meta":{"_acf_changed":false},"product_brand":[],"product_cat":[3338,1322],"product_tag":[3311],"class_list":{"0":"post-72425","1":"product","2":"type-product","3":"status-publish","4":"has-post-thumbnail","6":"product_cat-repeater","7":"product_cat-dsc-larm-neo-power-hybridlarm","8":"product_tag-dsc-neo-svensk-manual","9":"product_shipping_class-postnord-varubrev","10":"pa_brands-4dsc","11":"tm-has-options","13":"first","14":"instock","15":"sale","16":"featured","17":"taxable","18":"shipping-taxable","19":"purchasable","20":"product-type-simple"},"acf":[],"_links":{"self":[{"href":"https:\/\/secureus.se\/fi\/wp-json\/wp\/v2\/product\/72425","targetHints":{"allow":["GET"]}}],"collection":[{"href":"https:\/\/secureus.se\/fi\/wp-json\/wp\/v2\/product"}],"about":[{"href":"https:\/\/secureus.se\/fi\/wp-json\/wp\/v2\/types\/product"}],"wp:featuredmedia":[{"embeddable":true,"href":"https:\/\/secureus.se\/fi\/wp-json\/wp\/v2\/media\/140791"}],"wp:attachment":[{"href":"https:\/\/secureus.se\/fi\/wp-json\/wp\/v2\/media?parent=72425"}],"wp:term":[{"taxonomy":"product_brand","embeddable":true,"href":"https:\/\/secureus.se\/fi\/wp-json\/wp\/v2\/product_brand?post=72425"},{"taxonomy":"product_cat","embeddable":true,"href":"https:\/\/secureus.se\/fi\/wp-json\/wp\/v2\/product_cat?post=72425"},{"taxonomy":"product_tag","embeddable":true,"href":"https:\/\/secureus.se\/fi\/wp-json\/wp\/v2\/product_tag?post=72425"}],"curies":[{"name":"wp","href":"https:\/\/api.w.org\/{rel}","templated":true}]}}