{"id":72426,"date":"2023-01-23T09:55:44","date_gmt":"2023-01-23T08:55:44","guid":{"rendered":"https:\/\/secureus.se\/produkt\/dsc-neo-power-g-wireless-magnetkontakt-small-pg8303-2\/"},"modified":"2026-04-01T14:39:14","modified_gmt":"2026-04-01T12:39:14","slug":"dsc-door-sensor-slim-pg8303","status":"publish","type":"product","link":"https:\/\/secureus.se\/fi\/dsc-door-sensor-slim-pg8303\/","title":{"rendered":"DSC-ovi-\/ikkuna-anturi Slim PG8303"},"content":{"rendered":"<p><strong>DSC-ovitunnistin, ohut PG8303<\/strong> on edistyksellinen langaton anturi, joka on suunniteltu suojaamaan ovet, ikkunat ja muut sis\u00e4\u00e4nk\u00e4ynnit tyylikk\u00e4\u00e4sti ja tehokkaasti. Pienen koon ansiosta anturi on huomaamaton ja helppo asentaa, mik\u00e4 sopii t\u00e4ydellisesti sek\u00e4 kotiin ett\u00e4 yritykseen.<\/p>\n<p>Uusimmalla PowerG-tekniikalla varustettu PG8303 tarjoaa turvallisen ja luotettavan valvonnan jopa 2 kilometrin et\u00e4isyydell\u00e4 ulkoilmassa.<\/p>\n<p>T\u00e4m\u00e4 anturi on ihanteellinen asennettavaksi keskikokoisiin oviin ja ikkunoihin ja tarjoaa akun k\u00e4ytt\u00f6i\u00e4n jopa 6 vuotta minimoiden toistuvan huollon tarpeen.<\/p>\n<p>Sis\u00e4\u00e4nrakennettu ilmaisinsignaali antaa sinulle mahdollisuuden tarkistaa signaalin laadun ja varmistaa, ett\u00e4 anturi toimii optimaalisesti.<\/p>\n<p>DSC Door Sensor Slim PG8303 on yhteensopiva PowerSeries NEO- ja PRO -j\u00e4rjestelmien kanssa, joten se on erinomainen osa kattavaa turvaj\u00e4rjestelm\u00e4\u00e4.<\/p>\n<p>Luotettavan suorituskyvyn ja tyylikk\u00e4\u00e4n muotoilunsa ansiosta PG8303 auttaa luomaan turvallisen kodin estetiikasta tinkim\u00e4tt\u00e4.<\/p>","protected":false},"excerpt":{"rendered":"<p>DSC Door Sensor Slim PG8303 on langaton anturi, joka tarjoaa huomaamattoman ja tehokkaan ovien ja ikkunoiden valvonnan.<\/p>\n<p>Kompakti muotoilu ja PowerG-tekniikka takaavat luotettavan havaitsemisen ja voidaan asentaa helposti.<\/p>\n<p>Sen akunkesto on jopa 6 vuotta ja se on yhteensopiva PowerSeries NEO- ja PRO -j\u00e4rjestelmien kanssa, joten se on ihanteellinen kotisi tai yrityksesi turvallisuuden varmistamiseen.<\/p>","protected":false},"featured_media":140631,"template":"","meta":{"_acf_changed":false},"product_brand":[],"product_cat":[1322,3337],"product_tag":[3311,2472],"class_list":{"0":"post-72426","1":"product","2":"type-product","3":"status-publish","4":"has-post-thumbnail","6":"product_cat-dsc-larm-neo-power-hybridlarm","7":"product_cat-magnetkontakt-pg","8":"product_tag-dsc-neo-svensk-manual","9":"product_tag-sbsc-larmklassr","10":"product_shipping_class-postnord-varubrev","11":"pa_brands-4dsc","12":"tm-has-options","14":"first","15":"instock","16":"sale","17":"featured","18":"taxable","19":"shipping-taxable","20":"purchasable","21":"product-type-simple"},"acf":[],"_links":{"self":[{"href":"https:\/\/secureus.se\/fi\/wp-json\/wp\/v2\/product\/72426","targetHints":{"allow":["GET"]}}],"collection":[{"href":"https:\/\/secureus.se\/fi\/wp-json\/wp\/v2\/product"}],"about":[{"href":"https:\/\/secureus.se\/fi\/wp-json\/wp\/v2\/types\/product"}],"wp:featuredmedia":[{"embeddable":true,"href":"https:\/\/secureus.se\/fi\/wp-json\/wp\/v2\/media\/140631"}],"wp:attachment":[{"href":"https:\/\/secureus.se\/fi\/wp-json\/wp\/v2\/media?parent=72426"}],"wp:term":[{"taxonomy":"product_brand","embeddable":true,"href":"https:\/\/secureus.se\/fi\/wp-json\/wp\/v2\/product_brand?post=72426"},{"taxonomy":"product_cat","embeddable":true,"href":"https:\/\/secureus.se\/fi\/wp-json\/wp\/v2\/product_cat?post=72426"},{"taxonomy":"product_tag","embeddable":true,"href":"https:\/\/secureus.se\/fi\/wp-json\/wp\/v2\/product_tag?post=72426"}],"curies":[{"name":"wp","href":"https:\/\/api.w.org\/{rel}","templated":true}]}}