{"id":72428,"date":"2023-01-23T09:55:43","date_gmt":"2023-01-23T08:55:43","guid":{"rendered":"https:\/\/secureus.se\/produkt\/neo-communicator-ip-4g-cell-eth-tl280le\/"},"modified":"2026-04-07T09:16:48","modified_gmt":"2026-04-07T07:16:48","slug":"dsc-dual-path-tl280le","status":"publish","type":"product","link":"https:\/\/secureus.se\/fi\/dsc-dual-path-tl280le\/","title":{"rendered":"DSC Dual Path TL280LE (Ethernet 4G IP)"},"content":{"rendered":"<p><strong>DSC Dual Path TL280LE<\/strong> on edistyksellinen radiol\u00e4hetin-vastaanotin, joka on suunniteltu parantamaan PowerSeries NEO -h\u00e4lytysj\u00e4rjestelmien turvallisuutta ja viestint\u00e4ominaisuuksia.<\/p>\n<p>Sek\u00e4 IP- ett\u00e4 4G-yhteyksi\u00e4 tukeva TL280LE tarjoaa kaksinkertaisen tiedonsiirtotien, mik\u00e4 varmistaa h\u00e4lytysviestien nopean ja luotettavan v\u00e4lityksen.<\/p>\n<p>Se on suunniteltu k\u00e4ytt\u00e4m\u00e4\u00e4n 2G-, 3G- ja 4G-verkkoja maksimaalisen luotettavuuden ja joustavuuden saavuttamiseksi.<\/p>\n<p>Yksikk\u00f6 on helppo asentaa ja se sijoitetaan ohjauspaneelin p\u00e4\u00e4koteloon mukana tulevalla asennuslevyll\u00e4.<\/p>\n<p>TL280LE tukee DLS-et\u00e4ohjelmointia ja pystyy k\u00e4sittelem\u00e4\u00e4n h\u00e4lytysmuotoja, kuten SIA ja Contact ID.<\/p>\n<p>Se on my\u00f6s varustettu LED-tilan ilmaisimella signaalin voimakkuutta ja virheiden k\u00e4sittely\u00e4 varten.<\/p>\n<p>Virrankulutuksella 120 mA min ja 400 mA max, TL280LE voidaan helposti integroida erilaisiin turvaratkaisuihin.<\/p>\n<p>Se tarjoaa 128-bittisen AES-salatun tiedonsiirron suojatakseen tietoja siirrett\u00e4ess\u00e4, mik\u00e4 lis\u00e4\u00e4 turvallisuutta entisest\u00e4\u00e4n.<\/p>\n<p>TL280LE on yhteensopiva Sur-Gard System I-IP \/ II \/ III \/ IV \/ 5 h\u00e4lytysvastaanottimien kanssa ja tarjoaa joustavan ratkaisun sek\u00e4 kotiin ett\u00e4 yrityksille.<\/p>\n<p>&nbsp;<\/p>","protected":false},"excerpt":{"rendered":"<p>DSC Dual Path TL280LE on radiol\u00e4hetin-vastaanotin, joka tarjoaa sek\u00e4 IP- ett\u00e4 4G-yhteyden PowerSeries NEO -h\u00e4lytysj\u00e4rjestelmille.<\/p>\n<p>Se tarjoaa korkean luotettavuuden ja tukee 2G-, 3G- ja 4G-verkkoja, ja sit\u00e4 voidaan k\u00e4ytt\u00e4\u00e4 ensisijaisena tai toissijaisena h\u00e4lytysl\u00e4hettimen\u00e4.<\/p>\n<p>TL280LE on helppo asentaa ja ohjelmoida, joten se on optimaalinen ratkaisu luotettavaan h\u00e4lytyksen v\u00e4litt\u00e4miseen.<\/p>","protected":false},"featured_media":140655,"template":"","meta":{"_acf_changed":false},"product_brand":[],"product_cat":[3320,1322],"product_tag":[3311,3024],"class_list":{"0":"post-72428","1":"product","2":"type-product","3":"status-publish","4":"has-post-thumbnail","6":"product_cat-larmsandare-dsc-larm-neo-power-hybridlarm","7":"product_cat-dsc-larm-neo-power-hybridlarm","8":"product_tag-dsc-neo-svensk-manual","9":"product_tag-neo-gsm-ip-4g-larmsandare","10":"product_shipping_class-postnord-varubrev","11":"pa_brands-4dsc","12":"tm-has-options","14":"first","15":"instock","16":"sale","17":"featured","18":"taxable","19":"shipping-taxable","20":"purchasable","21":"product-type-simple"},"acf":[],"_links":{"self":[{"href":"https:\/\/secureus.se\/fi\/wp-json\/wp\/v2\/product\/72428","targetHints":{"allow":["GET"]}}],"collection":[{"href":"https:\/\/secureus.se\/fi\/wp-json\/wp\/v2\/product"}],"about":[{"href":"https:\/\/secureus.se\/fi\/wp-json\/wp\/v2\/types\/product"}],"wp:featuredmedia":[{"embeddable":true,"href":"https:\/\/secureus.se\/fi\/wp-json\/wp\/v2\/media\/140655"}],"wp:attachment":[{"href":"https:\/\/secureus.se\/fi\/wp-json\/wp\/v2\/media?parent=72428"}],"wp:term":[{"taxonomy":"product_brand","embeddable":true,"href":"https:\/\/secureus.se\/fi\/wp-json\/wp\/v2\/product_brand?post=72428"},{"taxonomy":"product_cat","embeddable":true,"href":"https:\/\/secureus.se\/fi\/wp-json\/wp\/v2\/product_cat?post=72428"},{"taxonomy":"product_tag","embeddable":true,"href":"https:\/\/secureus.se\/fi\/wp-json\/wp\/v2\/product_tag?post=72428"}],"curies":[{"name":"wp","href":"https:\/\/api.w.org\/{rel}","templated":true}]}}