{"id":72434,"date":"2023-01-23T09:55:42","date_gmt":"2023-01-23T08:55:42","guid":{"rendered":"https:\/\/secureus.se\/produkt\/dsc-neo-power-g-wireless-utomhus-ir-detektor-gardin-pg8902-2\/"},"modified":"2025-12-31T20:50:48","modified_gmt":"2025-12-31T19:50:48","slug":"dsc-pir-pg8902-outdoor-curtain-powerg","status":"publish","type":"product","link":"https:\/\/secureus.se\/fi\/dsc-pir-pg8902-outdoor-curtain-powerg\/","title":{"rendered":"DSC PIR PG8902 Outdoor Curtain PowerG"},"content":{"rendered":"<p><strong>DSC PIR PG8902<\/strong> on innovatiivinen langaton PIR-ilmaisin, joka on suunniteltu tarjoamaan kattavaa suojaa toimimalla &quot;verhona&quot; oville ja ikkunoille.<\/p>\n<p>T\u00e4m\u00e4n ilmaisimen vaikuttava tunnistusalue on jopa 8 metri\u00e4, ja se k\u00e4ytt\u00e4\u00e4 edistynytt\u00e4 PowerG-tekniikkaa luotettavan suorituskyvyn ja pitk\u00e4n kantaman varmistamiseksi.<\/p>\n<p>Se sopii erityisen hyvin kaupallisiin ymp\u00e4rist\u00f6ihin, mik\u00e4 tekee siit\u00e4 vankan ja tehokkaan turvaratkaisun.<\/p>\n<p>Sen lis\u00e4ksi, ett\u00e4 PG8902 on kompakti ja moderni muotoilu, se on my\u00f6s immuuni lemmikkiel\u00e4imille, mik\u00e4 v\u00e4hent\u00e4\u00e4 el\u00e4inten aiheuttamien v\u00e4\u00e4rien h\u00e4lytysten riski\u00e4.<\/p>\n<p>Lis\u00e4ksi siin\u00e4 on peitt\u00e4misen estotoiminto, joka tarjoaa lis\u00e4suojaa tunkeutumiselta.<\/p>\n<p>T\u00e4m\u00e4 ilmaisin on luotettava ja k\u00e4yt\u00e4nn\u00f6llinen ratkaisu kotisi tai yrityksesi suojaamiseen, sill\u00e4 sen akun odotettu k\u00e4ytt\u00f6ik\u00e4 normaalissa k\u00e4yt\u00f6ss\u00e4 on jopa 5 vuotta ja asennus on helppoa.<\/p>\n<p>Integroitumalla PowerSeries Neo -j\u00e4rjestelm\u00e4\u00e4n PG8902 voi edist\u00e4\u00e4 kokonaisvaltaista tietoturvaratkaisua, joka pystyy valvomaan jopa 128 vy\u00f6hykett\u00e4 ja mukautumaan erilaisiin tietoturvatarpeisiin.<\/p>","protected":false},"excerpt":{"rendered":"<p>DSC PIR PG8902 on langaton ulkoilmaisin, joka toimii kuin verho ja suojaa ikkunoita ja ovia ilman ikkunaluukkuja.<\/p>\n<p>Jopa 8 metrin tunnistuset\u00e4isyydell\u00e4 ja sis\u00e4\u00e4nrakennetulla PowerG-tekniikalla se tarjoaa tunkeutumisen varhaisen havaitsemisen.<\/p>\n<p>Se on lemmikkiel\u00e4inten kest\u00e4v\u00e4 ja sen kompakti muotoilu tekee asennuksesta ja yll\u00e4pidosta helppoa.<\/p>","protected":false},"featured_media":141684,"template":"","meta":{"_acf_changed":false},"product_brand":[],"product_cat":[3326,1322],"product_tag":[3311,3016,2472],"class_list":{"0":"post-72434","1":"product","2":"type-product","3":"status-publish","4":"has-post-thumbnail","6":"product_cat-rorelsedetektor","7":"product_cat-dsc-larm-neo-power-hybridlarm","8":"product_tag-dsc-neo-svensk-manual","9":"product_tag-neo-detektorer","10":"product_tag-sbsc-larmklassr","11":"product_shipping_class-postnord-varubrev","12":"pa_brands-4dsc","13":"tm-has-options","15":"first","16":"instock","17":"sale","18":"featured","19":"taxable","20":"shipping-taxable","21":"purchasable","22":"product-type-simple"},"acf":[],"_links":{"self":[{"href":"https:\/\/secureus.se\/fi\/wp-json\/wp\/v2\/product\/72434","targetHints":{"allow":["GET"]}}],"collection":[{"href":"https:\/\/secureus.se\/fi\/wp-json\/wp\/v2\/product"}],"about":[{"href":"https:\/\/secureus.se\/fi\/wp-json\/wp\/v2\/types\/product"}],"wp:featuredmedia":[{"embeddable":true,"href":"https:\/\/secureus.se\/fi\/wp-json\/wp\/v2\/media\/141684"}],"wp:attachment":[{"href":"https:\/\/secureus.se\/fi\/wp-json\/wp\/v2\/media?parent=72434"}],"wp:term":[{"taxonomy":"product_brand","embeddable":true,"href":"https:\/\/secureus.se\/fi\/wp-json\/wp\/v2\/product_brand?post=72434"},{"taxonomy":"product_cat","embeddable":true,"href":"https:\/\/secureus.se\/fi\/wp-json\/wp\/v2\/product_cat?post=72434"},{"taxonomy":"product_tag","embeddable":true,"href":"https:\/\/secureus.se\/fi\/wp-json\/wp\/v2\/product_tag?post=72434"}],"curies":[{"name":"wp","href":"https:\/\/api.w.org\/{rel}","templated":true}]}}