{"id":72435,"date":"2023-01-23T09:55:42","date_gmt":"2023-01-23T08:55:42","guid":{"rendered":"https:\/\/secureus.se\/produkt\/powerg-wireless-pir-360-20m-pg8872\/"},"modified":"2025-12-31T20:36:30","modified_gmt":"2025-12-31T19:36:30","slug":"dsc-ceiling-pir-pg8872","status":"publish","type":"product","link":"https:\/\/secureus.se\/fi\/dsc-ceiling-pir-pg8872\/","title":{"rendered":"DSC Ceiling PIR PG8872 Langaton pitk\u00e4 kantama (20 m) 360\u00b0 PowerG PG8872"},"content":{"rendered":"<p><strong>DSC katto PIR PG8872<\/strong> on korkean suorituskyvyn langaton liiketunnistin, joka on suunniteltu tarjoamaan 360\u00b0 kattavuus, mik\u00e4 tekee siit\u00e4 ihanteellisen turvallisuuden suurissa huoneissa ja kaupallisissa tiloissa.<\/p>\n<p>Jopa 20 metrin tunnistuss\u00e4teell\u00e4 PG8872 varmistaa, ett\u00e4 huoneen jokaista nurkkaa valvotaan tehokkaasti.<\/p>\n<p>Huomaamaton muotoilu mahdollistaa sen sulautumisen mihin tahansa ymp\u00e4rist\u00f6\u00f6n, mik\u00e4 tekee siit\u00e4 erinomaisen valinnan sek\u00e4 yritykseen ett\u00e4 kotiin.<\/p>\n<p>T\u00e4m\u00e4 ilmaisin ei ole vain helppo asentaa, vaan sen akun arvioitu k\u00e4ytt\u00f6ik\u00e4 on 5 vuotta normaalik\u00e4yt\u00f6ss\u00e4, mik\u00e4 minimoi paristojen s\u00e4\u00e4nn\u00f6llisen vaihdon tarpeen.<\/p>\n<p>PG8872 k\u00e4ytt\u00e4\u00e4 uusinta PowerG-tekniikkaa, joka tarjoaa pitk\u00e4n kantaman ja luotettavuuden viestinn\u00e4ss\u00e4.<\/p>\n<p>PowerSeries Neo -j\u00e4rjestelm\u00e4n avulla voit valvoa jopa 128 vy\u00f6hykett\u00e4 ja m\u00e4\u00e4ritt\u00e4\u00e4 jopa 8 osiota, mik\u00e4 tarjoaa r\u00e4\u00e4t\u00e4l\u00f6idyn suojausratkaisun jokaiseen tilanteeseen.<\/p>\n<p>DSC Ceiling PIR PG8872 on t\u00e4ydellinen ratkaisu niille, jotka etsiv\u00e4t kest\u00e4v\u00e4\u00e4 ja tehokasta liiketunnistinta, jossa yhdistyv\u00e4t innovaatio ja helppok\u00e4ytt\u00f6isyys.<\/p>","protected":false},"excerpt":{"rendered":"<p>DSC Ceiling PIR PG8872 on langaton 360\u00b0 PIR-ilmaisin, joka tarjoaa jopa 20 metrin peittoalueen.<\/p>\n<p>Erityisesti PowerSeries Neo- ja Pro -j\u00e4rjestelmille suunniteltu se on kest\u00e4v\u00e4 ja ihanteellinen kaupallisiin ymp\u00e4rist\u00f6ihin.<\/p>\n<p>Moderni, huomaamaton muotoilu tekee asennuksesta helppoa ja akun arvioitu 5 vuoden k\u00e4ytt\u00f6ik\u00e4 takaa pitk\u00e4n k\u00e4ytt\u00f6i\u00e4n.<\/p>\n<p>&nbsp;<\/p>","protected":false},"featured_media":141700,"template":"","meta":{"_acf_changed":false},"product_brand":[],"product_cat":[1322,3326],"product_tag":[3311,2472],"class_list":{"0":"post-72435","1":"product","2":"type-product","3":"status-publish","4":"has-post-thumbnail","6":"product_cat-dsc-larm-neo-power-hybridlarm","7":"product_cat-rorelsedetektor","8":"product_tag-dsc-neo-svensk-manual","9":"product_tag-sbsc-larmklassr","10":"product_shipping_class-postnord-varubrev","11":"pa_brands-4dsc","12":"tm-has-options","14":"first","15":"instock","16":"sale","17":"featured","18":"taxable","19":"shipping-taxable","20":"purchasable","21":"product-type-simple"},"acf":[],"_links":{"self":[{"href":"https:\/\/secureus.se\/fi\/wp-json\/wp\/v2\/product\/72435","targetHints":{"allow":["GET"]}}],"collection":[{"href":"https:\/\/secureus.se\/fi\/wp-json\/wp\/v2\/product"}],"about":[{"href":"https:\/\/secureus.se\/fi\/wp-json\/wp\/v2\/types\/product"}],"wp:featuredmedia":[{"embeddable":true,"href":"https:\/\/secureus.se\/fi\/wp-json\/wp\/v2\/media\/141700"}],"wp:attachment":[{"href":"https:\/\/secureus.se\/fi\/wp-json\/wp\/v2\/media?parent=72435"}],"wp:term":[{"taxonomy":"product_brand","embeddable":true,"href":"https:\/\/secureus.se\/fi\/wp-json\/wp\/v2\/product_brand?post=72435"},{"taxonomy":"product_cat","embeddable":true,"href":"https:\/\/secureus.se\/fi\/wp-json\/wp\/v2\/product_cat?post=72435"},{"taxonomy":"product_tag","embeddable":true,"href":"https:\/\/secureus.se\/fi\/wp-json\/wp\/v2\/product_tag?post=72435"}],"curies":[{"name":"wp","href":"https:\/\/api.w.org\/{rel}","templated":true}]}}