{"id":72437,"date":"2023-01-23T09:55:42","date_gmt":"2023-01-23T08:55:42","guid":{"rendered":"https:\/\/secureus.se\/produkt\/neo-communicator-4g-cellular-le2080\/"},"modified":"2026-03-19T11:38:20","modified_gmt":"2026-03-19T10:38:20","slug":"dsc-le2080-4g-alarm-communicator","status":"publish","type":"product","link":"https:\/\/secureus.se\/fi\/dsc-le2080-4g-alarm-communicator\/","title":{"rendered":"DSC LE2080 4G h\u00e4lytysl\u00e4hetin LTE\/HSPA\/Internet-solukko\/kaksipolkuinen h\u00e4lytysviestint\u00e4 PowerSeries NEO:lle"},"content":{"rendered":"<p><b>DSC LE2080 4G <\/b>\u00a0on edistyksellinen h\u00e4lytysl\u00e4hetin, joka on suunniteltu tarjoamaan luotettavaa ja nopeaa tiedonsiirtoa DSC NEO -h\u00e4lytysj\u00e4rjestelm\u00e4si ja h\u00e4lytyskeskuksen v\u00e4lill\u00e4.<\/p>\n<p>4G-verkon tuen ansiosta se varmistaa, ett\u00e4 h\u00e4lytysviestisi tavoittavat sinut turvallisesti my\u00f6s 3G-yhteyden katkaisemisen j\u00e4lkeen.<\/p>\n<p>Sit\u00e4 voidaan k\u00e4ytt\u00e4\u00e4 joko ensisijaisena tai toissijaisena h\u00e4lytysl\u00e4hettimen\u00e4, ja se tarjoaa korkean toimintavarmuuden 2G:n, 3G:n ja 4G:n v\u00e4lill\u00e4 vaihtamisen ansiosta.<\/p>\n<p>LE2080 on yhteensopiva DLS-et\u00e4ohjelmoinnin kanssa, mik\u00e4 tekee j\u00e4rjestelm\u00e4asetusten ja p\u00e4ivitysten hallinnasta helppoa.<\/p>\n<p>Se tukee SIA- ja Contact ID -h\u00e4lytysmuotoja ja siin\u00e4 on my\u00f6s SMS-toiminnot ja mahdollisuus kuvien siirtoon Neo-kameratunnistimista.<\/p>\n<p>Asennus on yksinkertaista ja se suoritetaan mukana tulevalla asennuslevyll\u00e4 ja liit\u00e4nt\u00e4kaapelilla sek\u00e4 antennilla optimaalisen signaalin voimakkuuden takaamiseksi.<\/p>\n<p>Lis\u00e4ksi LE2080 on SBSC:n hyv\u00e4ksym\u00e4 h\u00e4lytysluokkaan 2, mik\u00e4 varmistaa, ett\u00e4 se t\u00e4ytt\u00e4\u00e4 tiukat turvallisuusstandardit.<\/p>\n<p>T\u00e4m\u00e4n h\u00e4lytysl\u00e4hettimen virrankulutus on 100 mA - 400 mA ja l\u00e4mp\u00f6tila-alue -10 - +55 \u00b0C, joten t\u00e4m\u00e4 h\u00e4lytysl\u00e4hetin on kest\u00e4v\u00e4 ratkaisu sek\u00e4 koteihin ett\u00e4 yrityksille.<\/p>","protected":false},"excerpt":{"rendered":"<p>DSC LE2080 4G on integroitu h\u00e4lytysl\u00e4hetin PowerSeries NEO -j\u00e4rjestelmiin, joka mahdollistaa tiedonsiirron 4G-verkon kautta.<\/p>\n<p>Koska se tukee 2G-, 3G- ja erityisesti 4G-verkkoja, sen k\u00e4ytt\u00f6luotettavuus on korkea, se voi toimia ensisijaisena tai toissijaisena h\u00e4lytysl\u00e4hettimen\u00e4.<\/p>\n<p>LE2080 tukee et\u00e4ohjelmointia ja k\u00e4sittelee erilaisia h\u00e4lytysmuotoja, mukaan lukien tekstiviestitoiminnot ja kuvansiirrot kameran ilmaisimista.<\/p>","protected":false},"featured_media":140828,"template":"","meta":{"_acf_changed":false},"product_brand":[],"product_cat":[3320,1322],"product_tag":[3311,3024],"class_list":{"0":"post-72437","1":"product","2":"type-product","3":"status-publish","4":"has-post-thumbnail","6":"product_cat-larmsandare-dsc-larm-neo-power-hybridlarm","7":"product_cat-dsc-larm-neo-power-hybridlarm","8":"product_tag-dsc-neo-svensk-manual","9":"product_tag-neo-gsm-ip-4g-larmsandare","10":"product_shipping_class-tunga-paket","11":"pa_brands-4dsc","12":"tm-has-options","14":"first","15":"instock","16":"sale","17":"featured","18":"taxable","19":"shipping-taxable","20":"purchasable","21":"product-type-simple"},"acf":[],"_links":{"self":[{"href":"https:\/\/secureus.se\/fi\/wp-json\/wp\/v2\/product\/72437","targetHints":{"allow":["GET"]}}],"collection":[{"href":"https:\/\/secureus.se\/fi\/wp-json\/wp\/v2\/product"}],"about":[{"href":"https:\/\/secureus.se\/fi\/wp-json\/wp\/v2\/types\/product"}],"wp:featuredmedia":[{"embeddable":true,"href":"https:\/\/secureus.se\/fi\/wp-json\/wp\/v2\/media\/140828"}],"wp:attachment":[{"href":"https:\/\/secureus.se\/fi\/wp-json\/wp\/v2\/media?parent=72437"}],"wp:term":[{"taxonomy":"product_brand","embeddable":true,"href":"https:\/\/secureus.se\/fi\/wp-json\/wp\/v2\/product_brand?post=72437"},{"taxonomy":"product_cat","embeddable":true,"href":"https:\/\/secureus.se\/fi\/wp-json\/wp\/v2\/product_cat?post=72437"},{"taxonomy":"product_tag","embeddable":true,"href":"https:\/\/secureus.se\/fi\/wp-json\/wp\/v2\/product_tag?post=72437"}],"curies":[{"name":"wp","href":"https:\/\/api.w.org\/{rel}","templated":true}]}}