{"id":72444,"date":"2023-01-23T09:55:41","date_gmt":"2023-01-23T08:55:41","guid":{"rendered":"https:\/\/secureus.se\/produkt\/dsc-neo-power-g-wireless-utomhus-magnetkontakt-pg8312-2\/"},"modified":"2026-02-26T10:34:28","modified_gmt":"2026-02-26T09:34:28","slug":"dsc-magnetkontakt-pg8312","status":"publish","type":"product","link":"https:\/\/secureus.se\/fi\/dsc-magnetkontakt-pg8312\/","title":{"rendered":"DSC magneettikosketin PG8312 Langaton ulkoinen magneettikosketin PowerG"},"content":{"rendered":"<p><b>DSC Magneettinen kosketin PG8312\u00a0<\/b>on t\u00e4ydellinen ratkaisu ulkoturvallisuuteen, suunniteltu suojaamaan ikkunat, ovet ja portit luvattomalta p\u00e4\u00e4sylt\u00e4.<\/p>\n<p>Uusimmalla PowerG-tekniikalla varustettu PG8312 tarjoaa kaksisuuntaisen viestinn\u00e4n ja luotettavan suorituskyvyn, joka varmistaa, ett\u00e4 turvaj\u00e4rjestelm\u00e4si on aina aktiivinen.<\/p>\n<p>Sen tunnistuset\u00e4isyys on jopa 8 metri\u00e4 ja IP66-sertifikaatti, joten se kest\u00e4\u00e4 ankarat s\u00e4\u00e4olosuhteet ja on rakennettu kest\u00e4m\u00e4\u00e4n vaativissa ymp\u00e4rist\u00f6iss\u00e4.<\/p>\n<p>Yksi PG8312:n merkitt\u00e4vimmist\u00e4 ominaisuuksista on sen leve\u00e4 aukkojen toleranssi, mik\u00e4 v\u00e4hent\u00e4\u00e4 v\u00e4\u00e4rien h\u00e4lytysten riski\u00e4 ja tekee asennuksesta paljon helpompaa.<\/p>\n<p>Lis\u00e4ksi magneettikoskettimen akun arvioitu k\u00e4ytt\u00f6ik\u00e4 on jopa 5 vuotta normaalik\u00e4yt\u00f6ss\u00e4, mik\u00e4 tekee siit\u00e4 kustannustehokkaan ratkaisun pitk\u00e4aikaiseen turvallisuuteen.<\/p>\n<p>DSC Magnetic Contact PG8312 on osa PowerSeries Neo -j\u00e4rjestelm\u00e4\u00e4, mik\u00e4 tarkoittaa, ett\u00e4 se voidaan integroida saumattomasti muihin turvakomponentteihin kokonaisvaltaisen ja r\u00e4\u00e4t\u00e4l\u00f6idyn turvallisuusratkaisun luomiseksi.<\/p>\n<p>T\u00e4m\u00e4n tuotteen avulla saat yhdistelm\u00e4n innovatiivista tekniikkaa ja helppok\u00e4ytt\u00f6isyytt\u00e4, mik\u00e4 antaa sinulle turvallisuutta ja mielenrauhaa.<\/p>","protected":false},"excerpt":{"rendered":"<p>DSC Magnetic Contact PG8312 on langaton ulkok\u00e4ytt\u00f6inen magneettikosketin, joka tarjoaa luotettavan suojan ikkunoille, oville ja porteille.<\/p>\n<p>IP66-sertifioinnin ansiosta se toimii tehokkaasti \u00e4\u00e4rimm\u00e4isiss\u00e4 s\u00e4\u00e4olosuhteissa ja sen akun k\u00e4ytt\u00f6ik\u00e4 on jopa 5 vuotta.<\/p>\n<p>Sen laaja v\u00e4litoleranssi minimoi v\u00e4\u00e4r\u00e4t h\u00e4lytykset ja helpottaa asennusta, mik\u00e4 tekee siit\u00e4 ihanteellisen ratkaisun sek\u00e4 asuin- ett\u00e4 liiketurvaj\u00e4rjestelmiin.<\/p>","protected":false},"featured_media":140836,"template":"","meta":{"_acf_changed":false},"product_brand":[],"product_cat":[1322,3337],"product_tag":[3311,2472],"class_list":{"0":"post-72444","1":"product","2":"type-product","3":"status-publish","4":"has-post-thumbnail","6":"product_cat-dsc-larm-neo-power-hybridlarm","7":"product_cat-magnetkontakt-pg","8":"product_tag-dsc-neo-svensk-manual","9":"product_tag-sbsc-larmklassr","10":"product_shipping_class-postnord-varubrev","11":"pa_brands-4dsc","12":"tm-has-options","14":"first","15":"instock","16":"sale","17":"featured","18":"taxable","19":"shipping-taxable","20":"purchasable","21":"product-type-simple"},"acf":[],"_links":{"self":[{"href":"https:\/\/secureus.se\/fi\/wp-json\/wp\/v2\/product\/72444","targetHints":{"allow":["GET"]}}],"collection":[{"href":"https:\/\/secureus.se\/fi\/wp-json\/wp\/v2\/product"}],"about":[{"href":"https:\/\/secureus.se\/fi\/wp-json\/wp\/v2\/types\/product"}],"wp:featuredmedia":[{"embeddable":true,"href":"https:\/\/secureus.se\/fi\/wp-json\/wp\/v2\/media\/140836"}],"wp:attachment":[{"href":"https:\/\/secureus.se\/fi\/wp-json\/wp\/v2\/media?parent=72444"}],"wp:term":[{"taxonomy":"product_brand","embeddable":true,"href":"https:\/\/secureus.se\/fi\/wp-json\/wp\/v2\/product_brand?post=72444"},{"taxonomy":"product_cat","embeddable":true,"href":"https:\/\/secureus.se\/fi\/wp-json\/wp\/v2\/product_cat?post=72444"},{"taxonomy":"product_tag","embeddable":true,"href":"https:\/\/secureus.se\/fi\/wp-json\/wp\/v2\/product_tag?post=72444"}],"curies":[{"name":"wp","href":"https:\/\/api.w.org\/{rel}","templated":true}]}}