{"id":72451,"date":"2023-01-23T09:55:40","date_gmt":"2023-01-23T08:55:40","guid":{"rendered":"https:\/\/secureus.se\/produkt\/neo-keypad-lcd-w-transceiver-hs2lcdrf-svensk-text\/"},"modified":"2026-01-06T20:52:12","modified_gmt":"2026-01-06T19:52:12","slug":"dsc-keypad-hs2lcdrf","status":"publish","type":"product","link":"https:\/\/secureus.se\/fi\/dsc-keypad-hs2lcdrf\/","title":{"rendered":"DSC-n\u00e4pp\u00e4imist\u00f6 HS2LCDRF \u2013 Langaton\/Transceiver Radio Ruotsinkielinen teksti"},"content":{"rendered":"<p><strong>DSC-n\u00e4pp\u00e4imist\u00f6 HS2LCDRF<\/strong> on edistyksellinen langaton n\u00e4pp\u00e4imist\u00f6, joka on suunniteltu toimimaan DSC Neo -h\u00e4lytysj\u00e4rjestelmien kanssa.<\/p>\n<p>Siin\u00e4 on selke\u00e4 LCD-n\u00e4ytt\u00f6, joka tukee ruotsia ja useita muita kieli\u00e4, joten se on helppok\u00e4ytt\u00f6inen kaikille k\u00e4ytt\u00e4jille.<\/p>\n<p>Sis\u00e4\u00e4nrakennettu radiovastaanotin mahdollistaa helpon integroinnin langattomien antureiden ja muiden Neo-tuotteiden kanssa, mik\u00e4 tarjoaa joustavan ja mukautuvan suojausratkaisun.<\/p>\n<p>N\u00e4pp\u00e4imist\u00f6 on varustettu vapaasti ohjelmoitavilla osioille ja h\u00e4lytysalueille tarkoitetuilla teksteill\u00e4, mik\u00e4 helpottaa viestien r\u00e4\u00e4t\u00e4l\u00f6imist\u00e4 eri turvavy\u00f6hykkeille.<\/p>\n<p>Siin\u00e4 on viisi toimintopainiketta pikakomentoja varten, kolme h\u00e4t\u00e4painiketta ja ruuviliit\u00e4nt\u00e4, jota voidaan k\u00e4ytt\u00e4\u00e4 langallisena osan tulona tai PGM-l\u00e4ht\u00f6n\u00e4.<\/p>\n<p>Vain 55-105 mA:n virrankulutuksella HS2LCDRF on sek\u00e4 energiatehokas ett\u00e4 luotettava.<\/p>\n<p>PowerSeries Neo -j\u00e4rjestelm\u00e4 on poikkeuksellinen suuriin asennuksiin, sill\u00e4 se pystyy valvomaan jopa 128 vy\u00f6hykett\u00e4 ja mahdollistaa r\u00e4\u00e4t\u00e4l\u00f6idyt kahdeksan osion turvaratkaisut.<\/p>\n<p>DSC-n\u00e4pp\u00e4imist\u00f6 HS2LCDRF yhdist\u00e4\u00e4 langallisten j\u00e4rjestelmien vakauden langattomien laitteiden joustavuuteen, mik\u00e4 tekee siit\u00e4 ihanteellisen ratkaisun sek\u00e4 kotiin ett\u00e4 yritykseen.<\/p>","protected":false},"excerpt":{"rendered":"<p>DSC-n\u00e4pp\u00e4imist\u00f6 HS2LCDRF on langaton n\u00e4pp\u00e4imist\u00f6 LCD-n\u00e4yt\u00f6ll\u00e4, joka tukee useita kieli\u00e4, mukaan lukien ruotsi.<\/p>\n<p>Se on suunniteltu Neo-h\u00e4lytysj\u00e4rjestelmiin ja siin\u00e4 on sis\u00e4\u00e4nrakennettu radio, joka mahdollistaa langattomien antureiden liitt\u00e4misen.<\/p>\n<p>Ohjelmoitavien tekstien, 5 toimintopainikkeen ja 3 h\u00e4t\u00e4painikkeen ansiosta se tarjoaa sek\u00e4 toimivuutta ett\u00e4 helppok\u00e4ytt\u00f6isyytt\u00e4, joten se on erinomainen valinta niin koteihin kuin yrityksille.<\/p>","protected":false},"featured_media":141733,"template":"","meta":{"_acf_changed":false},"product_brand":[],"product_cat":[3329,1322],"product_tag":[3311,3028,3029],"class_list":{"0":"post-72451","1":"product","2":"type-product","3":"status-publish","4":"has-post-thumbnail","6":"product_cat-knappsats-kod","7":"product_cat-dsc-larm-neo-power-hybridlarm","8":"product_tag-dsc-neo-svensk-manual","9":"product_tag-neo-knappsats-manoverpaneler","10":"product_tag-neo-dsc-knappsats-manoverpaneler","11":"product_shipping_class-tunga-paket","12":"pa_brands-4dsc","13":"tm-has-options","15":"first","16":"outofstock","17":"sale","18":"taxable","19":"shipping-taxable","20":"purchasable","21":"product-type-simple"},"acf":[],"_links":{"self":[{"href":"https:\/\/secureus.se\/fi\/wp-json\/wp\/v2\/product\/72451","targetHints":{"allow":["GET"]}}],"collection":[{"href":"https:\/\/secureus.se\/fi\/wp-json\/wp\/v2\/product"}],"about":[{"href":"https:\/\/secureus.se\/fi\/wp-json\/wp\/v2\/types\/product"}],"wp:featuredmedia":[{"embeddable":true,"href":"https:\/\/secureus.se\/fi\/wp-json\/wp\/v2\/media\/141733"}],"wp:attachment":[{"href":"https:\/\/secureus.se\/fi\/wp-json\/wp\/v2\/media?parent=72451"}],"wp:term":[{"taxonomy":"product_brand","embeddable":true,"href":"https:\/\/secureus.se\/fi\/wp-json\/wp\/v2\/product_brand?post=72451"},{"taxonomy":"product_cat","embeddable":true,"href":"https:\/\/secureus.se\/fi\/wp-json\/wp\/v2\/product_cat?post=72451"},{"taxonomy":"product_tag","embeddable":true,"href":"https:\/\/secureus.se\/fi\/wp-json\/wp\/v2\/product_tag?post=72451"}],"curies":[{"name":"wp","href":"https:\/\/api.w.org\/{rel}","templated":true}]}}