{"id":72808,"date":"2023-02-27T12:24:03","date_gmt":"2023-02-27T11:24:03","guid":{"rendered":"https:\/\/secureus.se\/produkt\/centralkort-hs2016-neo\/"},"modified":"2026-04-01T14:01:55","modified_gmt":"2026-04-01T12:01:55","slug":"dsc-security-control-panel-hs2016","status":"publish","type":"product","link":"https:\/\/secureus.se\/fi\/dsc-security-control-panel-hs2016\/","title":{"rendered":"DSC Security Control Panel HS2016"},"content":{"rendered":"<p><strong>DSC Security Control Panel HS2016<\/strong> on keskuskortti, joka on suunniteltu tarjoamaan korkeaa turvallisuutta ja joustavuutta. Se pystyy k\u00e4sittelem\u00e4\u00e4n jopa 16 osaa ja siin\u00e4 on 8 sis\u00e4\u00e4nrakennettua vy\u00f6hykett\u00e4, mik\u00e4 mahdollistaa sek\u00e4 pienten ett\u00e4 keskisuurten laitteistojen tehokkaan valvonnan.<\/p>\n<p>Mahdollisuus laajentaa jopa 128 langattomaan ja laitteistovy\u00f6hykkeeseen sek\u00e4 4 ohjelmoitavaa ulostuloa, joten j\u00e4rjestelm\u00e4 voidaan mukauttaa erityistarpeisiin.<\/p>\n<p>PowerSeries Neo -alusta tarjoaa ylivertaisen turvallisuuden yhdist\u00e4m\u00e4ll\u00e4 langallisen yhteyden kehittyneeseen langattomaan tekniikkaan. Se on hybridij\u00e4rjestelm\u00e4, joka integroi erilaisia langattomia laitteita ja lis\u00e4varusteita ja tarjoaa k\u00e4ytt\u00e4jille kattavan ja muokattavissa olevan turvaj\u00e4rjestelm\u00e4n.<\/p>\n<p>HS2016 on my\u00f6s varustettu innovatiivisilla ominaisuuksilla h\u00e4lytyksen varmentamiseen ja et\u00e4palveluihin, joiden avulla j\u00e4rjestelm\u00e4\u00e4 voidaan seurata ja ohjata et\u00e4n\u00e4 mobiilisovellusten tai tietokoneiden kautta.<\/p>\n<p>Intuitiivisen ohjelmointiliittym\u00e4n ja vankan k\u00e4ytt\u00e4j\u00e4koodien ja h\u00e4lytysviestien k\u00e4sittelyj\u00e4rjestelm\u00e4n ansiosta HS2016 varmistaa, ett\u00e4 kaikki tietoturvatarpeet t\u00e4ytet\u00e4\u00e4n tehokkaasti ja luotettavasti. Se on erinomainen valinta niin koteihin kuin yrityksille, jotka etsiv\u00e4t skaalautuvaa tietoturvaratkaisua.<\/p>\n<h3>Tekniset tiedot:<\/h3>\n<ul>\n<li><strong>Tuotteen nimi:<\/strong> HS2016 PCB<\/li>\n<li><strong>Valmistaja:<\/strong> DSC<\/li>\n<li><strong>Langallisten ja langattomien osien enimm\u00e4ism\u00e4\u00e4r\u00e4:<\/strong> 16<\/li>\n<li><strong>Osiotulojen m\u00e4\u00e4r\u00e4:<\/strong> 6<\/li>\n<li><strong>Alueet:<\/strong> 2<\/li>\n<li><strong>K\u00e4ytt\u00e4j\u00e4koodit:<\/strong> 48<\/li>\n<li><strong>PGM-l\u00e4hd\u00f6t:<\/strong> 2 (laajennettavissa enint\u00e4\u00e4n 22:een)<\/li>\n<li><strong>Langattomien kaukos\u00e4\u00e4timien enimm\u00e4ism\u00e4\u00e4r\u00e4:<\/strong> 16<\/li>\n<li><strong>Tapahtuman muisto:<\/strong> 500<\/li>\n<li><strong>Paino:<\/strong> 250 g<\/li>\n<li><strong>Mitat:<\/strong> 92 \u00d7 45 \u00d7 15 mm<\/li>\n<\/ul>\n<p>&nbsp;<\/p>","protected":false},"excerpt":{"rendered":"<p>DSC Security Control Panel HS2016 on skaalautuva tietoturvaratkaisu, joka hallitsee jopa 16 osaa.<\/p>\n<p>Sis\u00e4\u00e4nrakennettujen vy\u00f6hykkeiden ja langattoman laajennusmahdollisuuden ansiosta se on ihanteellinen sek\u00e4 koteihin ett\u00e4 yrityksille.<\/p>\n<p>Ohjelmoitavien l\u00e4ht\u00f6jen ja erilaisten viestint\u00e4vaihtoehtojen tuella HS2016 tarjoaa monipuolisen alustan tehokkaaseen turvallisuuden valvontaan.<\/p>","protected":false},"featured_media":140505,"template":"","meta":{"_acf_changed":false},"product_brand":[],"product_cat":[3321,1322],"product_tag":[3311,3022,3026],"class_list":{"0":"post-72808","1":"product","2":"type-product","3":"status-publish","4":"has-post-thumbnail","6":"product_cat-centralkort","7":"product_cat-dsc-larm-neo-power-hybridlarm","8":"product_tag-dsc-neo-svensk-manual","9":"product_tag-neo-central-kapslingar","10":"product_tag-neo-centralkort-lager","11":"product_shipping_class-postnord-varubrev","12":"pa_brands-4dsc","13":"tm-has-options","15":"first","16":"instock","17":"sale","18":"featured","19":"taxable","20":"shipping-taxable","21":"purchasable","22":"product-type-simple"},"acf":[],"_links":{"self":[{"href":"https:\/\/secureus.se\/fi\/wp-json\/wp\/v2\/product\/72808","targetHints":{"allow":["GET"]}}],"collection":[{"href":"https:\/\/secureus.se\/fi\/wp-json\/wp\/v2\/product"}],"about":[{"href":"https:\/\/secureus.se\/fi\/wp-json\/wp\/v2\/types\/product"}],"wp:featuredmedia":[{"embeddable":true,"href":"https:\/\/secureus.se\/fi\/wp-json\/wp\/v2\/media\/140505"}],"wp:attachment":[{"href":"https:\/\/secureus.se\/fi\/wp-json\/wp\/v2\/media?parent=72808"}],"wp:term":[{"taxonomy":"product_brand","embeddable":true,"href":"https:\/\/secureus.se\/fi\/wp-json\/wp\/v2\/product_brand?post=72808"},{"taxonomy":"product_cat","embeddable":true,"href":"https:\/\/secureus.se\/fi\/wp-json\/wp\/v2\/product_cat?post=72808"},{"taxonomy":"product_tag","embeddable":true,"href":"https:\/\/secureus.se\/fi\/wp-json\/wp\/v2\/product_tag?post=72808"}],"curies":[{"name":"wp","href":"https:\/\/api.w.org\/{rel}","templated":true}]}}