{"id":72809,"date":"2023-02-27T12:34:05","date_gmt":"2023-02-27T11:34:05","guid":{"rendered":"https:\/\/secureus.se\/produkt\/centralkort-hs2032-neo\/"},"modified":"2025-12-31T20:45:52","modified_gmt":"2025-12-31T19:45:52","slug":"dsc-security-control-panel-hs2032","status":"publish","type":"product","link":"https:\/\/secureus.se\/fi\/dsc-security-control-panel-hs2032\/","title":{"rendered":"DSC Security Control Panel HS2032 - ( EOL viittaamme HS2064-levyyn)."},"content":{"rendered":"<p><span style=\"text-decoration: underline\"><strong>HUOM! T\u00e4m\u00e4 tuote on End Of line ja viittaamme suurempaan keskustauluun HS2064.<\/strong><\/span><\/p>\n<p><strong>DSC Security Control Panel HS2032<\/strong> on edistyksellinen tietoturvaratkaisu, jonka avulla k\u00e4ytt\u00e4j\u00e4t voivat hallita jopa 32 osaa, mik\u00e4 tekee siit\u00e4 ihanteellisen pienille ja keskisuurille asennuksille.<\/p>\n<p>T\u00e4m\u00e4 keskuskortti on suunniteltu helposti ohjaamaan ja jakamaan h\u00e4lytyksi\u00e4, \u00e4\u00e4nimerkkej\u00e4 ja sireenej\u00e4 varmistaen, ett\u00e4 kaikki turvallisuustarpeet katetaan tehokkaasti.<\/p>\n<p>Yksi HS2032:n merkitt\u00e4vimmist\u00e4 ominaisuuksista on sen skaalautuvuus. 8 sis\u00e4\u00e4nrakennetun vy\u00f6hykkeen ansiosta j\u00e4rjestelm\u00e4\u00e4 voidaan helposti laajentaa jopa 128 langattomalla tai laitteistovy\u00f6hykkeell\u00e4, mik\u00e4 tarjoaa ennenn\u00e4kem\u00e4tt\u00f6m\u00e4n joustavuuden tiettyjen turvallisuustarpeiden t\u00e4ytt\u00e4miseksi.<\/p>\n<p>Lis\u00e4ksi j\u00e4rjestelm\u00e4ss\u00e4 on 4 PGM-l\u00e4ht\u00f6\u00e4, jotka voidaan laajentaa 38:aan, mik\u00e4 mahdollistaa r\u00e4\u00e4t\u00e4l\u00f6idyt valvontaratkaisut.<\/p>\n<p>PowerSeries Neo -alusta, johon HS2032 kuuluu, k\u00e4ytt\u00e4\u00e4 uusinta PowerG-tekniikkaa luotettavan ja turvallisen viestinn\u00e4n varmistamiseksi.<\/p>\n<p>Innovatiivisten h\u00e4lytysten varmistusratkaisujen ja kattavan et\u00e4palveluohjelmiston avulla k\u00e4ytt\u00e4j\u00e4t voivat valvoa ja ohjata turvaj\u00e4rjestelmi\u00e4\u00e4n miss\u00e4 ja milloin tahansa.<\/p>\n<p>Yhteenvetona voidaan todeta, ett\u00e4 DSC Security Control Panel HS2032 on t\u00e4ydellinen yhdistelm\u00e4 edistynytt\u00e4 tekniikkaa, skaalautuvuutta ja helppok\u00e4ytt\u00f6isyytt\u00e4, joten se on erinomainen valinta kaikille, jotka etsiv\u00e4t tehokasta tietoturvaratkaisua.<\/p>\n<h3><\/h3>","protected":false},"excerpt":{"rendered":"<p><span style=\"text-decoration: underline\"><strong>HUOM! T\u00e4m\u00e4 tuote on End Of line ja viittaamme suurempaan keskustauluun HS2064.<\/strong><\/span><\/p>\n<p>DSC Security Control Panel HS2032 on tehokas ja skaalautuva tietoturvaratkaisu, joka pystyy k\u00e4sittelem\u00e4\u00e4n jopa 32 osaa.<\/p>\n<p>Se on suunniteltu ohjaamaan ja jakelemaan h\u00e4lytyksi\u00e4 ja \u00e4\u00e4nimerkkej\u00e4, joten se on ihanteellinen sek\u00e4 koteihin ett\u00e4 yrityksiin.<\/p>\n<p>HS2032 tarjoaa joustavuutta ja ylivertaista turvallisuutta, koska sit\u00e4 voidaan laajentaa ja mukauttaa.<\/p>","protected":false},"featured_media":140505,"template":"","meta":{"_acf_changed":false},"product_brand":[],"product_cat":[3321,1322],"product_tag":[3311,3022],"class_list":{"0":"post-72809","1":"product","2":"type-product","3":"status-publish","4":"has-post-thumbnail","6":"product_cat-centralkort","7":"product_cat-dsc-larm-neo-power-hybridlarm","8":"product_tag-dsc-neo-svensk-manual","9":"product_tag-neo-central-kapslingar","10":"product_shipping_class-postnord-varubrev","11":"pa_brands-4dsc","12":"tm-has-options","14":"first","15":"outofstock","16":"sale","17":"featured","18":"taxable","19":"shipping-taxable","20":"purchasable","21":"product-type-simple"},"acf":[],"_links":{"self":[{"href":"https:\/\/secureus.se\/fi\/wp-json\/wp\/v2\/product\/72809","targetHints":{"allow":["GET"]}}],"collection":[{"href":"https:\/\/secureus.se\/fi\/wp-json\/wp\/v2\/product"}],"about":[{"href":"https:\/\/secureus.se\/fi\/wp-json\/wp\/v2\/types\/product"}],"wp:featuredmedia":[{"embeddable":true,"href":"https:\/\/secureus.se\/fi\/wp-json\/wp\/v2\/media\/140505"}],"wp:attachment":[{"href":"https:\/\/secureus.se\/fi\/wp-json\/wp\/v2\/media?parent=72809"}],"wp:term":[{"taxonomy":"product_brand","embeddable":true,"href":"https:\/\/secureus.se\/fi\/wp-json\/wp\/v2\/product_brand?post=72809"},{"taxonomy":"product_cat","embeddable":true,"href":"https:\/\/secureus.se\/fi\/wp-json\/wp\/v2\/product_cat?post=72809"},{"taxonomy":"product_tag","embeddable":true,"href":"https:\/\/secureus.se\/fi\/wp-json\/wp\/v2\/product_tag?post=72809"}],"curies":[{"name":"wp","href":"https:\/\/api.w.org\/{rel}","templated":true}]}}