{"id":72810,"date":"2023-02-27T12:41:13","date_gmt":"2023-02-27T11:41:13","guid":{"rendered":"https:\/\/secureus.se\/produkt\/centralkort-hs2064-neo-2\/"},"modified":"2025-12-31T20:38:42","modified_gmt":"2025-12-31T19:38:42","slug":"dsc-security-control-panel-hs2064","status":"publish","type":"product","link":"https:\/\/secureus.se\/fi\/dsc-security-control-panel-hs2064\/","title":{"rendered":"DSC Security Control Panel HS2064"},"content":{"rendered":"<p><strong>Skaalautuva ja joustava suojaus DSC-turvallisuusohjauspaneelilla HS2064:<\/strong> DSC Security Control Panel HS2064 on suunniteltu tarjoamaan tehokas ja joustava turvaj\u00e4rjestelm\u00e4 sek\u00e4 kotiin ett\u00e4 yrityksille. Se pystyy k\u00e4sittelem\u00e4\u00e4n jopa 64 osaa, mik\u00e4 tekee siit\u00e4 ihanteellisen pienille ja keskikokoisille asennuksille, jotka vaativat luotettavaa turvallisuutta.<\/p>\n<p>Paneeli on keskustaulu, joka ohjaa ja jakaa h\u00e4lytyksi\u00e4, h\u00e4lytyksi\u00e4 ja sireenej\u00e4, mik\u00e4 varmistaa koko j\u00e4rjestelm\u00e4n optimaalisen toiminnan. Se toimitetaan ilman koteloa, joten k\u00e4ytt\u00e4j\u00e4 voi ostaa sopivan kotelon erikseen.<\/p>\n<p><strong>Monipuoliset ominaisuudet:<\/strong> HS2064 on osa PowerSeries Neoa, mik\u00e4 tarkoittaa, ett\u00e4 siin\u00e4 on ominaisuuksia, kuten 8 sis\u00e4\u00e4nrakennettua vy\u00f6hykett\u00e4 ja mahdollisuus laajentaa jopa 128 langatonta vy\u00f6hykett\u00e4 ja 4 PGM-l\u00e4ht\u00f6\u00e4, jotka voidaan laajentaa 80:een. T\u00e4m\u00e4 tarjoaa joustavuutta ja mukautusvaihtoehtoja erilaisiin tietoturvaratkaisuihin.<\/p>\n<p><strong>Tekniset tiedot:<\/strong><\/p>\n<ul>\n<li><strong>Paino:<\/strong> 250 g<\/li>\n<li><strong>Langattomien kaukos\u00e4\u00e4timien enimm\u00e4ism\u00e4\u00e4r\u00e4:<\/strong> 32<\/li>\n<li><strong>K\u00e4ytt\u00e4j\u00e4koodien enimm\u00e4ism\u00e4\u00e4r\u00e4:<\/strong> 500<\/li>\n<li><strong>Tapahtumamuistien enimm\u00e4ism\u00e4\u00e4r\u00e4:<\/strong> 500<\/li>\n<li><strong>PGM-l\u00e4hd\u00f6t:<\/strong> 4 (laajennettavissa 80:een)<\/li>\n<\/ul>\n<p><strong>Innovatiivinen tekniikka:<\/strong> PowerG-tekniikka takaa luotettavan tunkeutumissuojauksen salauksella ja peukaloinnin eston avulla. DSC PowerSeries tarjoaa my\u00f6s h\u00e4lytyksen varmistusratkaisuja ja kattavan et\u00e4palveluohjelmiston helppoa valvontaa ja ohjausta varten miss\u00e4 tahansa oletkin.<\/p>\n<p>DSC Security Control Panel HS2064:n avulla saat turvaratkaisun, jossa yhdistyv\u00e4t moderni teknologia helppok\u00e4ytt\u00f6isyyteen ja joustavuuteen ja joka on sovitettu t\u00e4ydellisesti tarpeisiisi.<\/p>","protected":false},"excerpt":{"rendered":"<p>DSC Security Control Panel HS2064 on tehokas ja skaalautuva keskuskorttiratkaisu, joka tukee jopa 64 osaa.<\/p>\n<p>Ominaisuuksilla, kuten 8 sis\u00e4\u00e4nrakennetulla vy\u00f6hykkeell\u00e4 ja mahdollisuus laajentaa 128 langattomaan vy\u00f6hykkeeseen, se tarjoaa kattavan turvavalvonnan.<\/p>\n<p>Se on ihanteellinen sek\u00e4 asuin- ett\u00e4 kaupalliseen k\u00e4ytt\u00f6\u00f6n, ja se voidaan helposti r\u00e4\u00e4t\u00e4l\u00f6id\u00e4 vastaamaan erityisi\u00e4 turvallisuustarpeita.<\/p>","protected":false},"featured_media":140505,"template":"","meta":{"_acf_changed":false},"product_brand":[],"product_cat":[3321,1322],"product_tag":[3311,3022,3026],"class_list":{"0":"post-72810","1":"product","2":"type-product","3":"status-publish","4":"has-post-thumbnail","6":"product_cat-centralkort","7":"product_cat-dsc-larm-neo-power-hybridlarm","8":"product_tag-dsc-neo-svensk-manual","9":"product_tag-neo-central-kapslingar","10":"product_tag-neo-centralkort-lager","11":"product_shipping_class-postnord-varubrev","12":"pa_brands-4dsc","13":"tm-has-options","15":"first","16":"instock","17":"sale","18":"featured","19":"taxable","20":"shipping-taxable","21":"purchasable","22":"product-type-simple"},"acf":[],"_links":{"self":[{"href":"https:\/\/secureus.se\/fi\/wp-json\/wp\/v2\/product\/72810","targetHints":{"allow":["GET"]}}],"collection":[{"href":"https:\/\/secureus.se\/fi\/wp-json\/wp\/v2\/product"}],"about":[{"href":"https:\/\/secureus.se\/fi\/wp-json\/wp\/v2\/types\/product"}],"wp:featuredmedia":[{"embeddable":true,"href":"https:\/\/secureus.se\/fi\/wp-json\/wp\/v2\/media\/140505"}],"wp:attachment":[{"href":"https:\/\/secureus.se\/fi\/wp-json\/wp\/v2\/media?parent=72810"}],"wp:term":[{"taxonomy":"product_brand","embeddable":true,"href":"https:\/\/secureus.se\/fi\/wp-json\/wp\/v2\/product_brand?post=72810"},{"taxonomy":"product_cat","embeddable":true,"href":"https:\/\/secureus.se\/fi\/wp-json\/wp\/v2\/product_cat?post=72810"},{"taxonomy":"product_tag","embeddable":true,"href":"https:\/\/secureus.se\/fi\/wp-json\/wp\/v2\/product_tag?post=72810"}],"curies":[{"name":"wp","href":"https:\/\/api.w.org\/{rel}","templated":true}]}}