{"id":72811,"date":"2023-02-27T12:47:12","date_gmt":"2023-02-27T11:47:12","guid":{"rendered":"https:\/\/secureus.se\/produkt\/centralkort-hs2128-neo\/"},"modified":"2025-12-31T20:53:22","modified_gmt":"2025-12-31T19:53:22","slug":"dsc-security-control-panel-hs2128","status":"publish","type":"product","link":"https:\/\/secureus.se\/fi\/dsc-security-control-panel-hs2128\/","title":{"rendered":"DSC-turvaohjauspaneeli HS2128"},"content":{"rendered":"<p><strong>Skaalautuva ja tehokas h\u00e4lytys:<\/strong> DSC Security Control Panel HS2128 on suunniteltu k\u00e4sittelem\u00e4\u00e4n suuria asennusvaatimuksia jopa 128 osassa.<\/p>\n<p>Se toimii keskustauluna, joka ohjaa h\u00e4lytyksi\u00e4, h\u00e4lytyslaitteita ja sireenej\u00e4, mik\u00e4 saa turvaj\u00e4rjestelm\u00e4n toimimaan optimaalisesti.<\/p>\n<p>T\u00e4m\u00e4 ohjauspaneeli on ihanteellinen p\u00e4ivityksiin tai vaihtoihin, ja se tulee ilman koteloa, joka voidaan ostaa erikseen.<\/p>\n<p><strong>Monipuoliset ominaisuudet:<\/strong> HS2128 tarjoaa 8 sis\u00e4\u00e4nrakennetun vy\u00f6hykkeen ja mahdollisuuden laajentaa jopa 128 langattomaan ja laitteistovy\u00f6hykkeeseen joustavuutta kattavaan valvontaan. Se pystyy k\u00e4sittelem\u00e4\u00e4n:<\/p>\n<ul>\n<li>4 PGM-l\u00e4ht\u00f6\u00e4 (laajennettavissa 148:aan)<\/li>\n<li>8 osiota mukautetuille tietoturvaratkaisuille<\/li>\n<li>Tuki jopa 32 langattomalle kaukos\u00e4\u00e4timelle<\/li>\n<\/ul>\n<p><strong>Tekniset tiedot:<\/strong><\/p>\n<ul>\n<li><strong>Paino:<\/strong> 250 g<\/li>\n<li><strong>Langallisten ja langattomien n\u00e4pp\u00e4imist\u00f6jen enimm\u00e4ism\u00e4\u00e4r\u00e4:<\/strong> 16<\/li>\n<li><strong>K\u00e4ytt\u00e4j\u00e4koodien enimm\u00e4ism\u00e4\u00e4r\u00e4:<\/strong> 1000<\/li>\n<li><strong>Tapahtumamuistien enimm\u00e4ism\u00e4\u00e4r\u00e4:<\/strong> 1000<\/li>\n<li><strong>Langattomien kamerailmaisimien enimm\u00e4ism\u00e4\u00e4r\u00e4:<\/strong> 10<\/li>\n<li><strong>Langattomien sireenien enimm\u00e4ism\u00e4\u00e4r\u00e4:<\/strong> 16<\/li>\n<\/ul>\n<p><strong>DSC PowerSeriesin UKK:<\/strong><\/p>\n<ul>\n<li><strong>Miksi PowerSeries on hybridiratkaisu?<\/strong> PowerSeries yhdist\u00e4\u00e4 langallisen ja langattoman teknologian t\u00e4ydelliseksi ja mukautettavaksi tietoturvaratkaisuksi.<\/li>\n<li><strong>Miten PowerG-tekniikka takaa erinomaisen turvallisuuden?<\/strong> Tarjoamalla luotettavan yhteyden salauksella ja h\u00e4iri\u00f6nkest\u00e4v\u00e4ll\u00e4 tavalla.<\/li>\n<\/ul>","protected":false},"excerpt":{"rendered":"<p>DSC Security Control Panel HS2128 on tehokas keskuskorttiratkaisu, joka tukee jopa 128 osaa.<\/p>\n<p>Se ohjaa ja jakaa h\u00e4lytyksi\u00e4 ja sireenej\u00e4 tehokkaan turvavalvonnan varmistamiseksi.<\/p>\n<p>Paneeli on laajennettavissa ja mukautettavissa erilaisiin turvaratkaisuihin, mik\u00e4 tekee siit\u00e4 ihanteellisen niin kotik\u00e4ytt\u00f6\u00f6n kuin yrityksille.<\/p>","protected":false},"featured_media":140857,"template":"","meta":{"_acf_changed":false},"product_brand":[],"product_cat":[3321,1322],"product_tag":[3311,3022,3026],"class_list":{"0":"post-72811","1":"product","2":"type-product","3":"status-publish","4":"has-post-thumbnail","6":"product_cat-centralkort","7":"product_cat-dsc-larm-neo-power-hybridlarm","8":"product_tag-dsc-neo-svensk-manual","9":"product_tag-neo-central-kapslingar","10":"product_tag-neo-centralkort-lager","11":"product_shipping_class-postnord-varubrev","12":"pa_brands-4dsc","13":"tm-has-options","15":"first","16":"instock","17":"sale","18":"featured","19":"taxable","20":"shipping-taxable","21":"purchasable","22":"product-type-simple"},"acf":[],"_links":{"self":[{"href":"https:\/\/secureus.se\/fi\/wp-json\/wp\/v2\/product\/72811","targetHints":{"allow":["GET"]}}],"collection":[{"href":"https:\/\/secureus.se\/fi\/wp-json\/wp\/v2\/product"}],"about":[{"href":"https:\/\/secureus.se\/fi\/wp-json\/wp\/v2\/types\/product"}],"wp:featuredmedia":[{"embeddable":true,"href":"https:\/\/secureus.se\/fi\/wp-json\/wp\/v2\/media\/140857"}],"wp:attachment":[{"href":"https:\/\/secureus.se\/fi\/wp-json\/wp\/v2\/media?parent=72811"}],"wp:term":[{"taxonomy":"product_brand","embeddable":true,"href":"https:\/\/secureus.se\/fi\/wp-json\/wp\/v2\/product_brand?post=72811"},{"taxonomy":"product_cat","embeddable":true,"href":"https:\/\/secureus.se\/fi\/wp-json\/wp\/v2\/product_cat?post=72811"},{"taxonomy":"product_tag","embeddable":true,"href":"https:\/\/secureus.se\/fi\/wp-json\/wp\/v2\/product_tag?post=72811"}],"curies":[{"name":"wp","href":"https:\/\/api.w.org\/{rel}","templated":true}]}}