{"id":72819,"date":"2023-02-28T14:20:46","date_gmt":"2023-02-28T13:20:46","guid":{"rendered":"https:\/\/secureus.se\/produkt\/magicard-mc300ymcko-colour-ribbon-300-prints\/"},"modified":"2026-03-26T10:16:09","modified_gmt":"2026-03-26T09:16:09","slug":"ribbon-magicard-mc300ymcko-colour-ribbon-300-prints","status":"publish","type":"product","link":"https:\/\/secureus.se\/fi\/ribbon-magicard-mc300ymcko-colour-ribbon-300-prints\/","title":{"rendered":"Magicard MC300YMCKO v\u00e4rinauha (300 tulostetta)"},"content":{"rendered":"<p>Magicard MC300YMCKO -kalvo on sovitettu erityisesti Magicard 300 -henkil\u00f6korttitulostimeen, mik\u00e4 tuottaa luokkansa parhaat tulostustulokset. T\u00e4ysv\u00e4rinen v\u00e4riaine luo eloisia, valokuvaresoluutioisia kuvia, kun taas musta hartsi tuottaa ter\u00e4v\u00e4\u00e4, yksityiskohtaista teksti\u00e4 ja viivakoodeja. L\u00e4pin\u00e4kyv\u00e4 p\u00e4\u00e4llys antaa suojakerroksen p\u00e4ivitt\u00e4ist\u00e4 kulumista vastaan.<\/p>\n<ul>\n<li>300 t\u00e4ysv\u00e4ritulostetta per rulla<\/li>\n<li>YMCKO-nauha (keltainen, magenta, syaani, musta ja peitto)<\/li>\n<li>Valmistajan osanumero: MC300YMCKO\/3<\/li>\n<\/ul>\n<p><strong>Yhteensopiva Magicard 300 -korttitulostimen kanssa.<\/strong><\/p>\n<p><strong><br \/>\nTuotteen paino:<br \/>\n0,20 kg<br \/>\n<\/strong><\/p>","protected":false},"excerpt":{"rendered":"<p>V\u00e4rinauha \u2013 Nauha \u2013 Siirr\u00e4 uudelleen korttitulostimeen ja muovikorttitulostimeen<\/p>","protected":false},"featured_media":140848,"template":"","meta":{"_acf_changed":false},"product_brand":[],"product_cat":[3216,4829],"product_tag":[3182,4863,2921,3069],"class_list":{"0":"post-72819","1":"product","2":"type-product","3":"status-publish","4":"has-post-thumbnail","6":"product_cat-magicard-fargband-retransfer","7":"product_cat-magicard-300-band","8":"product_tag-magicard-tillbehor","9":"product_tag-pf","10":"product_tag-ribbon-ymck-farg","11":"product_tag-trade-produkt","12":"product_shipping_class-tunga-paket","13":"pa_brands-magicard","14":"tm-has-options","16":"first","17":"instock","18":"sale","19":"taxable","20":"shipping-taxable","21":"purchasable","22":"product-type-simple"},"acf":[],"_links":{"self":[{"href":"https:\/\/secureus.se\/fi\/wp-json\/wp\/v2\/product\/72819","targetHints":{"allow":["GET"]}}],"collection":[{"href":"https:\/\/secureus.se\/fi\/wp-json\/wp\/v2\/product"}],"about":[{"href":"https:\/\/secureus.se\/fi\/wp-json\/wp\/v2\/types\/product"}],"wp:featuredmedia":[{"embeddable":true,"href":"https:\/\/secureus.se\/fi\/wp-json\/wp\/v2\/media\/140848"}],"wp:attachment":[{"href":"https:\/\/secureus.se\/fi\/wp-json\/wp\/v2\/media?parent=72819"}],"wp:term":[{"taxonomy":"product_brand","embeddable":true,"href":"https:\/\/secureus.se\/fi\/wp-json\/wp\/v2\/product_brand?post=72819"},{"taxonomy":"product_cat","embeddable":true,"href":"https:\/\/secureus.se\/fi\/wp-json\/wp\/v2\/product_cat?post=72819"},{"taxonomy":"product_tag","embeddable":true,"href":"https:\/\/secureus.se\/fi\/wp-json\/wp\/v2\/product_tag?post=72819"}],"curies":[{"name":"wp","href":"https:\/\/api.w.org\/{rel}","templated":true}]}}