{"id":73278,"date":"2022-03-10T15:40:00","date_gmt":"2022-03-10T14:40:00","guid":{"rendered":"https:\/\/secureus.se\/produkt\/abloy-eltryckeslas-el-580-70mm\/"},"modified":"2026-04-01T13:02:31","modified_gmt":"2026-04-01T11:02:31","slug":"abloy-eltryckeslas-el-580-70mm","status":"publish","type":"product","link":"https:\/\/secureus.se\/fi\/abloy-eltryckeslas-el-580-70mm\/","title":{"rendered":"Abloy S\u00e4hk\u00f6inen ty\u00f6nt\u00f6lukko EL 580 70mm"},"content":{"rendered":"<div>\n<p>Lukko upeilla variaatiomahdollisuuksilla!<\/p>\n<p>Abloy EL 580 kuuluu Abloyn uuden sukupolven s\u00e4hk\u00f6isiin ty\u00f6nt\u00f6lukkoihin, joissa on niin sanottu split-toiminto.<\/p>\n<p>EL580 on s\u00e4hk\u00f6mekaanisesti ohjattu painetoimintolukko, joka on ns. monitoimityyppinen.<\/p>\n<p>EL 580 on p\u00e4iv\u00e4lukkotyyppinen s\u00e4hk\u00f6lukko, joka sopii hyvin liikerakennusten p\u00e4iv\u00e4lukkoon, kerrostalojen sis\u00e4- ja ulko-oviin.<\/p>\n<p>Toiminta: Jaetuissa lukoissa on yhdistelm\u00e4 mekaanisia ja s\u00e4hk\u00f6isi\u00e4 toimintoja, mik\u00e4 mahdollistaa k\u00e4tev\u00e4n poistumisen ilman s\u00e4hk\u00f6ist\u00e4 ohjausta.<\/p>\n<p>Split-toimintolukkoa k\u00e4ytet\u00e4\u00e4n, kun haluat s\u00e4hk\u00f6isen sis\u00e4\u00e4nk\u00e4ynnin ja mekaanisen ulosk\u00e4ynnin yksinkertaisella k\u00e4densijalla.<\/p>\n<p>Abloy EL 580:ssa on 2 integroitua mikrokytkint\u00e4, jotka osoittavat m\u00e4nn\u00e4n asennon ja painetoiminnon k\u00e4yt\u00f6n.<\/p>\n<p>Lukkoa voidaan aina k\u00e4ytt\u00e4\u00e4 mekaanisesti sylinterill\u00e4 tai nupilla, lukko lukittuu automaattisesti, kun ovi suljetaan.<\/p>\n<p>S\u00e4\u00e4dett\u00e4v\u00e4 jousitus oikealle\/vasemmalle (lukkoa avaamatta)<\/p>\n<p>Muuttuva kotelo 20\/14mm lukittu asento.<\/p>\n<p>Monij\u00e4nnite 12-24 V DC -10%\/+10% Max virta: 400mA.<\/p>\n<p>Vaihdettavissa eteenp\u00e4in\/taakse-toiminto.<\/p>\n<p>Valittavissa aktiivinen puoli, jaettu kara EL 580.<\/p>\n<p>Mitat ja m\u00e4ntien paikat Assa-standardin mukaan.<\/p>\n<\/div>","protected":false},"excerpt":{"rendered":"<p>Lukko upeilla variaatiomahdollisuuksilla! Abloy EL 580 kuuluu Abloyn uuden sukupolven s\u00e4hk\u00f6isiin ty\u00f6nt\u00f6lukkoihin, joissa on niin sanottu split-toiminto. EL580 on s\u00e4hk\u00f6mekaanisesti ohjattu painetoimintolukko, joka on ns.<\/p>","protected":false},"featured_media":145008,"template":"","meta":{"_acf_changed":false},"product_brand":[],"product_cat":[2429],"product_tag":[2928,2286,2417],"class_list":{"0":"post-73278","1":"product","2":"type-product","3":"status-publish","4":"has-post-thumbnail","6":"product_cat-ellas","7":"product_tag-abloy-el580","8":"product_tag-ellas-eltryckeslas","9":"product_tag-rel-abloy-ellas","10":"product_shipping_class-tunga-paket","11":"pa_brands-abloy","12":"tm-no-options","14":"first","15":"instock","16":"sale","17":"featured","18":"taxable","19":"shipping-taxable","20":"purchasable","21":"product-type-simple"},"acf":[],"_links":{"self":[{"href":"https:\/\/secureus.se\/fi\/wp-json\/wp\/v2\/product\/73278","targetHints":{"allow":["GET"]}}],"collection":[{"href":"https:\/\/secureus.se\/fi\/wp-json\/wp\/v2\/product"}],"about":[{"href":"https:\/\/secureus.se\/fi\/wp-json\/wp\/v2\/types\/product"}],"wp:featuredmedia":[{"embeddable":true,"href":"https:\/\/secureus.se\/fi\/wp-json\/wp\/v2\/media\/145008"}],"wp:attachment":[{"href":"https:\/\/secureus.se\/fi\/wp-json\/wp\/v2\/media?parent=73278"}],"wp:term":[{"taxonomy":"product_brand","embeddable":true,"href":"https:\/\/secureus.se\/fi\/wp-json\/wp\/v2\/product_brand?post=73278"},{"taxonomy":"product_cat","embeddable":true,"href":"https:\/\/secureus.se\/fi\/wp-json\/wp\/v2\/product_cat?post=73278"},{"taxonomy":"product_tag","embeddable":true,"href":"https:\/\/secureus.se\/fi\/wp-json\/wp\/v2\/product_tag?post=73278"}],"curies":[{"name":"wp","href":"https:\/\/api.w.org\/{rel}","templated":true}]}}