{"id":75116,"date":"2022-05-25T11:45:09","date_gmt":"2022-05-25T09:45:09","guid":{"rendered":"https:\/\/secureus.se\/produkt\/abloy-elektriskt-styrt-las-el402-omvand\/"},"modified":"2026-04-15T17:05:50","modified_gmt":"2026-04-15T15:05:50","slug":"abloy-elektriskt-styrt-las-el402-omvand","status":"publish","type":"product","link":"https:\/\/secureus.se\/fi\/abloy-elektriskt-styrt-las-el402-omvand\/","title":{"rendered":"Abloy S\u00e4hk\u00f6ohjattu Lukko EL402 \u2013 Peruutus"},"content":{"rendered":"<p>ABLOY EL402 on s\u00e4hk\u00f6isesti ohjattu lukko, jossa on kaksitoiminen m\u00e4nt\u00e4 ja automaattinen lukitus, kun ovi suljetaan.<\/p>\n<p>ABLOY EL402:ta voidaan ohjata useimmilla markkinoilla olevilla ohjaustoiminnoilla, esim. esim. p\u00e4\u00e4syj\u00e4rjestelm\u00e4, koodilukko, painike ja ajastin. Lukko soveltuu hyvin p\u00e4iv\u00e4- ja sis\u00e4lukitukseksi kaupassa, toimistoissa ja teollisuudessa tai omakotitalojen sis\u00e4\u00e4nk\u00e4ynteihin ja julkisiin tiloihin.<\/p>\n<p>ABLOY EL402 on sovitettu asennettavaksi yhdess\u00e4 oviautomaation kanssa.<\/p>\n<p>ABLOY EL402:ta EI saa k\u00e4ytt\u00e4\u00e4 palontorjuntatoimintona palokammioiden rajalla.<\/p>\n<p>ABLOY EL402:ta ei saa altistaa liuskapaineelle.<\/p>\n<h3>Toiminto<\/h3>\n<p>ABLOY EL402:ssa on s\u00e4\u00e4dett\u00e4v\u00e4 karan syvyys 25, 28, 30, 33 ja 35 mm.<\/p>\n<p>Lukitus peruutetaan s\u00e4hk\u00f6ohjauksella tai sylinterill\u00e4\/nupilla. Kun lukitus vapautetaan, ovea voidaan vet\u00e4\u00e4\/liukaista auki.<\/p>\n<p>Kaksitoimiset kotelot eiv\u00e4t ved\u00e4 sis\u00e4\u00e4n, vaan k\u00e4\u00e4ntyv\u00e4t pois.<\/p>\n<h3>Ominaisuudet<\/h3>\n<p>\u2022 Lukittu kaksitoiminen kotelo<\/p>\n<p>\u2022 Lukkoa voi aina k\u00e4ytt\u00e4\u00e4 sylinterill\u00e4\/nupilla<\/p>\n<p>\u2022 12\/24 VDC, vakaa.<\/p>\n<p>\u2022 Sopii sek\u00e4 oikealle ett\u00e4 vasemmalle oville<\/p>\n<p>\u2022 Sis\u00e4\u00e4nrakennettu mikrokytkin ilmoittaa lukittuneen \/ lukitsemattoman, oven asennon osoittamiseen tarvitaan erillinen oven asentoanturi<\/p>\n<p>\u2022 Karan syvyys 25, 28, 30 tai 35 mm<\/p>\n<p>\u2022 Kaikki kaapelit on varustettu liittimill\u00e4 helppoa asennusta varten liit\u00e4nt\u00e4kaapelilla EA220<\/p>\n<p>\u2022 Voidaan asentaa vaakasuoraan<\/p>\n<p>\u2022 Voidaan k\u00e4ytt\u00e4\u00e4 k\u00e4\u00e4nt\u00f6ovissa<\/p>","protected":false},"excerpt":{"rendered":"<p>ABLOY EL402 on s\u00e4hk\u00f6isesti ohjattava lukko, jossa on kaksitoiminen m\u00e4nt\u00e4 ja automaattinen lukitus oven ollessa kiinni. ABLOY EL402:ta voidaan ohjata useimmilla markkinoilla saatavilla olevilla ohjaustoiminnoilla, esim. kulunvalvontaj\u00e4rjestelmill\u00e4, koodilukoilla,<\/p>","protected":false},"featured_media":144575,"template":"","meta":{"_acf_changed":false},"product_brand":[],"product_cat":[2429],"product_tag":[3131,2286,2417],"class_list":{"0":"post-75116","1":"product","2":"type-product","3":"status-publish","4":"has-post-thumbnail","6":"product_cat-ellas","7":"product_tag-el402","8":"product_tag-ellas-eltryckeslas","9":"product_tag-rel-abloy-ellas","10":"product_shipping_class-tunga-paket","11":"pa_brands-abloy","12":"tm-no-options","14":"first","15":"instock","16":"sale","17":"featured","18":"taxable","19":"shipping-taxable","20":"purchasable","21":"product-type-simple"},"acf":[],"_links":{"self":[{"href":"https:\/\/secureus.se\/fi\/wp-json\/wp\/v2\/product\/75116","targetHints":{"allow":["GET"]}}],"collection":[{"href":"https:\/\/secureus.se\/fi\/wp-json\/wp\/v2\/product"}],"about":[{"href":"https:\/\/secureus.se\/fi\/wp-json\/wp\/v2\/types\/product"}],"wp:featuredmedia":[{"embeddable":true,"href":"https:\/\/secureus.se\/fi\/wp-json\/wp\/v2\/media\/144575"}],"wp:attachment":[{"href":"https:\/\/secureus.se\/fi\/wp-json\/wp\/v2\/media?parent=75116"}],"wp:term":[{"taxonomy":"product_brand","embeddable":true,"href":"https:\/\/secureus.se\/fi\/wp-json\/wp\/v2\/product_brand?post=75116"},{"taxonomy":"product_cat","embeddable":true,"href":"https:\/\/secureus.se\/fi\/wp-json\/wp\/v2\/product_cat?post=75116"},{"taxonomy":"product_tag","embeddable":true,"href":"https:\/\/secureus.se\/fi\/wp-json\/wp\/v2\/product_tag?post=75116"}],"curies":[{"name":"wp","href":"https:\/\/api.w.org\/{rel}","templated":true}]}}