{"id":78469,"date":"2022-11-21T12:06:24","date_gmt":"2022-11-21T11:06:24","guid":{"rendered":"https:\/\/secureus.se\/produkt\/stromfors-agg-24v-50a\/"},"modified":"2026-04-23T10:44:48","modified_gmt":"2026-04-23T08:44:48","slug":"stromfors-agg-24v-50a","status":"publish","type":"product","link":"https:\/\/secureus.se\/fi\/stromfors-agg-24v-50a\/","title":{"rendered":"Virtal\u00e4hteen\u00e4 Agg 24V 5.0A"},"content":{"rendered":"<p>SM40 on korkean hy\u00f6tysuhteen 24V 5A ensisijainen vara-akku, joka sopii t\u00e4ydellisesti kaikentyyppisten pienvirta-asennuksien, h\u00e4lyttimien, palo- ja l\u00e4pikulkuj\u00e4rjestelmien k\u00e4ytt\u00f6\u00f6n. Tyylik\u00e4s, hyvin tuuletettu yksikk\u00f6, jolle on ominaista pienet mitat ja yksinkertainen ja nopea asennus, jossa on akkuhylly alaosassa ja avaimenreik\u00e4ripustin J\u00e4tt\u00e4\u00e4 hyvin suodatetun ja vakaan l\u00e4ht\u00f6j\u00e4nnitteen, joka on suojattu ylikuormitukselta ja oikosululta. Varustettu tehokkaalla 2-vaiheisella latauksella, joka lataa akut nopeasti ja turvallisesti. Voidaan kytke\u00e4 rinnakkain saadakseen suuremman tehon tai kompensoidakseen johtojen j\u00e4nniteh\u00e4vi\u00f6it\u00e4. Verkkoj\u00e4nnite ilmaistaan vihre\u00e4ll\u00e4 LED-valolla ja punaisella LEDill\u00e4. Varustettu h\u00e4lytysreleell\u00e4 verkkoh\u00e4iri\u00f6h\u00e4lytyksi\u00e4 varten. Verkko, kuorma ja akku on suojattu sulakkeilla. Voidaan helposti laajentaa h\u00e4lytyskortilla SM102 tai SPM900-sarjan korteilla. Sis\u00e4\u00e4nrakennettu suoja akkujen syv\u00e4purkausta vastaan. Paristot eiv\u00e4t sis\u00e4lly toimitukseen.<\/p>","protected":false},"excerpt":{"rendered":"<p>SM40 on korkean hy\u00f6tysuhteen omaava 24V 5A vara-akku, joka sopii kaikentyyppisten pienvirta-asennusten, h\u00e4lyttimien, palo- ja l\u00e4pikulkuj\u00e4rjestelmien k\u00e4ytt\u00f6\u00f6n<\/p>","protected":false},"featured_media":142446,"template":"","meta":{"_acf_changed":false},"product_brand":[],"product_cat":[2721],"product_tag":[2183,3197],"class_list":{"0":"post-78469","1":"product","2":"type-product","3":"status-publish","4":"has-post-thumbnail","6":"product_cat-batteribackuper","7":"product_tag-backup-0-6-a","8":"product_tag-backup-24v","9":"product_shipping_class-tunga-paket","10":"pa_brands-swansons","11":"tm-no-options","13":"first","14":"instock","15":"sale","16":"featured","17":"taxable","18":"shipping-taxable","19":"purchasable","20":"product-type-simple"},"acf":[],"_links":{"self":[{"href":"https:\/\/secureus.se\/fi\/wp-json\/wp\/v2\/product\/78469","targetHints":{"allow":["GET"]}}],"collection":[{"href":"https:\/\/secureus.se\/fi\/wp-json\/wp\/v2\/product"}],"about":[{"href":"https:\/\/secureus.se\/fi\/wp-json\/wp\/v2\/types\/product"}],"wp:featuredmedia":[{"embeddable":true,"href":"https:\/\/secureus.se\/fi\/wp-json\/wp\/v2\/media\/142446"}],"wp:attachment":[{"href":"https:\/\/secureus.se\/fi\/wp-json\/wp\/v2\/media?parent=78469"}],"wp:term":[{"taxonomy":"product_brand","embeddable":true,"href":"https:\/\/secureus.se\/fi\/wp-json\/wp\/v2\/product_brand?post=78469"},{"taxonomy":"product_cat","embeddable":true,"href":"https:\/\/secureus.se\/fi\/wp-json\/wp\/v2\/product_cat?post=78469"},{"taxonomy":"product_tag","embeddable":true,"href":"https:\/\/secureus.se\/fi\/wp-json\/wp\/v2\/product_tag?post=78469"}],"curies":[{"name":"wp","href":"https:\/\/api.w.org\/{rel}","templated":true}]}}