{"id":79571,"date":"2022-03-10T15:40:00","date_gmt":"2022-03-10T14:40:00","guid":{"rendered":"https:\/\/secureus.se\/produkt\/abloy-karmoverforing-ea281-512-mm\/"},"modified":"2026-04-15T17:13:54","modified_gmt":"2026-04-15T15:13:54","slug":"abloy-karmoverforing-ea281-512-mm","status":"publish","type":"product","link":"https:\/\/secureus.se\/fi\/abloy-karmoverforing-ea281-512-mm\/","title":{"rendered":"Kehyksen siirto EA281 512 mm - Assa Abloy"},"content":{"rendered":"<p>Abloy EA281 on upotettu kaapelinsiirto, joka on suunniteltu suojaamaan kaapeleiden siirtoa oven ja karmin v\u00e4lill\u00e4.<\/p>\n<p>Suurin kaapelin halkaisija on \u00d8 7,5 mm.<\/p>\n<p>Toimintaturvallisuuden lis\u00e4\u00e4miseksi on k\u00e4ytett\u00e4v\u00e4 monijohtimista pehme\u00e4\u00e4 kaapelia.<\/p>\n<p>Py\u00f6re\u00e4t kulmat yksinkertaistettuun mekaaniseen jyrsint\u00e4\u00e4n.<\/p>\n<p>EA 281 \u2013 Vakioversio, voidaan k\u00e4ytt\u00e4\u00e4 kaikissa ovissa aina 180\u00b0 avautumiskulmaan asti.<\/p>","protected":false},"excerpt":{"rendered":"<p>Abloy EA281 on upotettu kaapelinsiirto, joka on suunniteltu suojaamaan kaapeleiden siirtoa oven ja karmin v\u00e4lill\u00e4. Suurin kaapelin halkaisija on \u00d8 7,5 mm. Toiminnan luotettavuuden lis\u00e4\u00e4miseksi tulisi k\u00e4ytt\u00e4\u00e4 monijohtimista pehme\u00e4\u00e4 kaapelia. Py\u00f6re\u00e4t kulmat<\/p>","protected":false},"featured_media":159172,"template":"","meta":{"_acf_changed":false},"product_brand":[],"product_cat":[2429,2834],"product_tag":[2299,2417,2421],"class_list":{"0":"post-79571","1":"product","2":"type-product","3":"status-publish","4":"has-post-thumbnail","6":"product_cat-ellas","7":"product_cat-ellas-motorlastillbehor","8":"product_tag-ellas-tillbehor-anslutningskabel","9":"product_tag-rel-abloy-ellas","10":"product_tag-rel-installationstillbehor","11":"pa_brands-abloy","12":"tm-no-options","14":"first","15":"instock","16":"sale","17":"featured","18":"taxable","19":"shipping-taxable","20":"purchasable","21":"product-type-simple"},"acf":[],"_links":{"self":[{"href":"https:\/\/secureus.se\/fi\/wp-json\/wp\/v2\/product\/79571","targetHints":{"allow":["GET"]}}],"collection":[{"href":"https:\/\/secureus.se\/fi\/wp-json\/wp\/v2\/product"}],"about":[{"href":"https:\/\/secureus.se\/fi\/wp-json\/wp\/v2\/types\/product"}],"wp:featuredmedia":[{"embeddable":true,"href":"https:\/\/secureus.se\/fi\/wp-json\/wp\/v2\/media\/159172"}],"wp:attachment":[{"href":"https:\/\/secureus.se\/fi\/wp-json\/wp\/v2\/media?parent=79571"}],"wp:term":[{"taxonomy":"product_brand","embeddable":true,"href":"https:\/\/secureus.se\/fi\/wp-json\/wp\/v2\/product_brand?post=79571"},{"taxonomy":"product_cat","embeddable":true,"href":"https:\/\/secureus.se\/fi\/wp-json\/wp\/v2\/product_cat?post=79571"},{"taxonomy":"product_tag","embeddable":true,"href":"https:\/\/secureus.se\/fi\/wp-json\/wp\/v2\/product_tag?post=79571"}],"curies":[{"name":"wp","href":"https:\/\/api.w.org\/{rel}","templated":true}]}}