{"id":79599,"date":"2022-05-25T11:48:44","date_gmt":"2022-05-25T09:48:44","guid":{"rendered":"https:\/\/secureus.se\/produkt\/abloy-elektriskt-styrt-las-el402-rattvand\/"},"modified":"2026-04-15T17:04:29","modified_gmt":"2026-04-15T15:04:29","slug":"abloy-elektriskt-styrt-las-el402-rattvand","status":"publish","type":"product","link":"https:\/\/secureus.se\/fi\/abloy-elektriskt-styrt-las-el402-rattvand\/","title":{"rendered":"Abloy S\u00e4hk\u00f6ohjattu Lukko EL402 \u2013 Oikealle p\u00e4in"},"content":{"rendered":"<h4>Assa Abloy Electric Push Lock EL402 Suoraan p\u00e4in - Turvallinen ja tehokas lukitus kaikkiin ymp\u00e4rist\u00f6ihin<\/h4>\n<p>Assa Abloy EL402 on edistyksellinen s\u00e4hk\u00f6mekaaninen lukko, joka on suunniteltu t\u00e4ytt\u00e4m\u00e4\u00e4n liike-, toimisto-, teollisuus- ja monen perheen sis\u00e4\u00e4nk\u00e4yntien ja julkisten tilojen tarpeet. Luotettavan ja joustavan lukituksen ansiosta EL402 tarjoaa optimaalisen turvallisuuden ja mukavuuden.<\/p>\n<h4>K\u00e4ytt\u00f6alueet<\/h4>\n<p>Assa Abloy EL402 sopii t\u00e4ydellisesti p\u00e4iv\u00e4lukitukseen ja sis\u00e4iseen lukitukseen:<\/p>\n<ul>\n<li><strong>Kauppa<\/strong><\/li>\n<li><strong>Toimisto<\/strong><\/li>\n<li><strong>Teollisuus<\/strong><\/li>\n<li><strong>Kerrostalojen sis\u00e4\u00e4nk\u00e4ynnit ja julkiset tilat<\/strong><\/li>\n<\/ul>\n<p>Lukkoon voidaan integroida erilaisia ohjaustoimintoja, kuten p\u00e4\u00e4syj\u00e4rjestelm\u00e4, koodilukko, painike ja aikakytkin, mik\u00e4 tekee siit\u00e4 ihanteellisen nykyaikaisiin turvaratkaisuihin.<\/p>\n<h4>Ominaisuudet ja edut<\/h4>\n<ul>\n<li><strong>S\u00e4\u00e4dett\u00e4v\u00e4 karan syvyys<\/strong>: Mukauta lukko karan syvyydell\u00e4 25, 28, 30, 33 tai 35 mm.<\/li>\n<li><strong>Kaksitoiminen kotelo<\/strong>: Lukittava kaksitoiminen kotelo, joka tarjoaa turvallisuutta ja mukavuutta.<\/li>\n<li><strong>S\u00e4hk\u00f6inen ohjaus<\/strong>: Lukitus voidaan peruuttaa s\u00e4hk\u00f6ohjauksella tai sylinterill\u00e4\/nupilla.<\/li>\n<li><strong>Vasen ja oikea asennus<\/strong>: Helposti s\u00e4\u00e4dett\u00e4viss\u00e4 sek\u00e4 oikealle ett\u00e4 vasemmalle ripustetuille oville.<\/li>\n<li><strong>Eteenp\u00e4in tai taaksep\u00e4in -toiminto<\/strong>: Voidaan vaihtaa eteen- ja taaksep\u00e4in-toiminnon v\u00e4lill\u00e4.<\/li>\n<li><strong>Helppo asennus<\/strong>: Kaikki kaapelit on varustettu liittimill\u00e4 helppoa asennusta varten liit\u00e4nt\u00e4kaapelilla EA220.<\/li>\n<li><strong>Asennus<\/strong>: Voidaan asentaa vaakasuoraan joustavaa k\u00e4ytt\u00f6\u00e4 varten.<\/li>\n<\/ul>\n<h4>Tekniset tiedot<\/h4>\n<ul>\n<li><strong>J\u00e4nnite<\/strong>: 12\u201324 VDC (-10%\/+15%)<\/li>\n<li><strong>Virrankulutus<\/strong>: Max 550 mA (12 VDC), loppu 240 mA (12 VDC), enint\u00e4\u00e4n 270 mA (24 VDC), loppu 110 mA (24 VDC)<\/li>\n<li><strong>L\u00e4mp\u00f6tila-alue<\/strong>: -20\u00b0C - +60\u00b0C<\/li>\n<li><strong>Tapauss\u00e4\u00e4nn\u00f6n ulkonema<\/strong>: 14 mm<\/li>\n<li><strong>Karan syvyys<\/strong>: S\u00e4\u00e4dett\u00e4v\u00e4 25, 28, 30, 33 ja 35 mm<\/li>\n<li><strong>L\u00e4hett\u00e4\u00e4<\/strong>: 25 mm<\/li>\n<li><strong>Oviv\u00e4li<\/strong>: 3-5 mm<\/li>\n<\/ul>\n<h4>Tarvikkeet<\/h4>\n<ul>\n<li><strong>Skandinavian soikeat sylinterit<\/strong><\/li>\n<li><strong>P\u00e4\u00e4tylevy<\/strong>: ABLOY 4613, 4614, EA308 tai 443608 k\u00e4\u00e4nt\u00f6oville<\/li>\n<li><strong>Liit\u00e4nt\u00e4kaapeli EA220<\/strong>: 10 m<\/li>\n<li><strong>Kaapelil\u00e4hetys<\/strong>: EA280\/EA281<\/li>\n<\/ul>\n<h4>Luotettava turvaratkaisu<\/h4>\n<p>Assa Abloy EL402 on ihanteellinen ratkaisu turvallisuuden ja mukavuuden takaamiseen erilaisissa ymp\u00e4rist\u00f6iss\u00e4. Tukevan rakenteensa ja edistyneiden ominaisuuksiensa ansiosta t\u00e4m\u00e4 s\u00e4hk\u00f6mekaaninen lukko sopii t\u00e4ydellisesti moderniin turvallisuusintegraatioon. Valitse Assa Abloy EL402 luotettavaksi ja joustavaksi turvaratkaisuksi.<\/p>\n<p><a href=\"https:\/\/static-mpc-spear-production.assaabloy.com\/asfe\/\/Fetchfile.aspx?id=45330\" rel=\"noopener\">Tuotelehti<\/a><\/p>","protected":false},"excerpt":{"rendered":"<header class=\"product-header\" role=\"banner\">\n<div class=\"short description product-short-description\">Assa Abloy EL402 on s\u00e4hk\u00f6mekaaninen lukko, jossa on s\u00e4\u00e4dett\u00e4v\u00e4 karan syvyys ja lukittava kaksitoiminen kotelo. Ihanteellinen kaupalliseen, toimisto- ja teollisuusk\u00e4ytt\u00f6\u00f6n, t\u00e4m\u00e4 lukko tarjoaa turvallisuutta ja k\u00e4ytt\u00f6mukavuutta s\u00e4hk\u00f6ohjauksella ja helpolla asennuksella. Soveltuu sek\u00e4 oikea- ett\u00e4 vasenk\u00e4tisiin oviin.<\/div>\n<\/header>","protected":false},"featured_media":144393,"template":"","meta":{"_acf_changed":false},"product_brand":[],"product_cat":[2429],"product_tag":[3131,2286],"class_list":{"0":"post-79599","1":"product","2":"type-product","3":"status-publish","4":"has-post-thumbnail","6":"product_cat-ellas","7":"product_tag-el402","8":"product_tag-ellas-eltryckeslas","9":"product_shipping_class-tunga-paket","10":"pa_brands-abloy","11":"tm-no-options","13":"first","14":"instock","15":"sale","16":"featured","17":"taxable","18":"shipping-taxable","19":"purchasable","20":"product-type-simple"},"acf":[],"_links":{"self":[{"href":"https:\/\/secureus.se\/fi\/wp-json\/wp\/v2\/product\/79599","targetHints":{"allow":["GET"]}}],"collection":[{"href":"https:\/\/secureus.se\/fi\/wp-json\/wp\/v2\/product"}],"about":[{"href":"https:\/\/secureus.se\/fi\/wp-json\/wp\/v2\/types\/product"}],"wp:featuredmedia":[{"embeddable":true,"href":"https:\/\/secureus.se\/fi\/wp-json\/wp\/v2\/media\/144393"}],"wp:attachment":[{"href":"https:\/\/secureus.se\/fi\/wp-json\/wp\/v2\/media?parent=79599"}],"wp:term":[{"taxonomy":"product_brand","embeddable":true,"href":"https:\/\/secureus.se\/fi\/wp-json\/wp\/v2\/product_brand?post=79599"},{"taxonomy":"product_cat","embeddable":true,"href":"https:\/\/secureus.se\/fi\/wp-json\/wp\/v2\/product_cat?post=79599"},{"taxonomy":"product_tag","embeddable":true,"href":"https:\/\/secureus.se\/fi\/wp-json\/wp\/v2\/product_tag?post=79599"}],"curies":[{"name":"wp","href":"https:\/\/api.w.org\/{rel}","templated":true}]}}