{"id":79600,"date":"2022-03-10T15:40:00","date_gmt":"2022-03-10T14:40:00","guid":{"rendered":"https:\/\/secureus.se\/produkt\/abloy-el480-split-funktion-35-mm\/"},"modified":"2026-04-15T17:12:57","modified_gmt":"2026-04-15T15:12:57","slug":"abloy-el480-split-funktion-35-mm","status":"publish","type":"product","link":"https:\/\/secureus.se\/fi\/abloy-el480-split-funktion-35-mm\/","title":{"rendered":"Abloy EL480 jakotoiminto 35 mm"},"content":{"rendered":"<div>\n<h3>K\u00e4ytt\u00f6alue<\/h3>\n<p>S\u00e4hk\u00f6inen painelukko EL480 on monitoimilukko, joka soveltuu korkeataajuisiin oviin kapealla profiililla.<\/p>\n<p>soveltuu p\u00e4iv\u00e4- ja sis\u00e4lukitukseksi kaupassa, toimistoissa ja teollisuudessa tai kerrostalojen sis\u00e4\u00e4nk\u00e4ynneiss\u00e4 ja julkisissa tiloissa. ABLOY EL480:t\u00e4 voidaan k\u00e4ytt\u00e4\u00e4 palokennon rajalla.<\/p>\n<h3>Ominaisuudet<\/h3>\n<p>\u2022 Lukittu paineh\u00e4vi\u00f6 Lukkoa voidaan aina k\u00e4ytt\u00e4\u00e4 sylinterill\u00e4\/nupilla<\/p>\n<p>\u2022 Monitoiminen<\/p>\n<p>\u2013 12-24VDC, vakaa<\/p>\n<p>\u2013 helposti vaihdettava eteen\/taakse-toiminto<\/p>\n<p>\u2013 helposti kytkett\u00e4v\u00e4 s\u00e4hk\u00f6isesti\/mekaanisesti ohjattava puoli<\/p>\n<p>2 mikrokytkint\u00e4<\/p>\n<p>\u2013 Lukitus (oviasento)<\/p>\n<p>\u2013 Puristusliike 29 tai 35 mm karan syvyys<\/p>\n<p>Kaikki kaapelit on varustettu liittimill\u00e4 helppoa asennusta varten liit\u00e4nt\u00e4kaapelilla EA220 T\u00e4ysin sovitettu ASSA ABLOY pistorasiatelineisiin<\/p>\n<h3>Toiminto<\/h3>\n<p>EL480 split-toiminnolla<\/p>\n<p>\u2013 S\u00e4hk\u00f6k\u00e4ytt\u00f6inen ulkopaine<\/p>\n<p>- Sis\u00e4puolen paine avaa lukon aina mekaanisesti<\/p>\n<h3>Tekniset tiedot<\/h3>\n<p>\u2022 Tehonkulutus Max. 350mA<\/p>\n<p>\u2022 Lepo 120 mA<\/p>\n<p>\u2022 Mikrokytkin Yksinapainen kytkent\u00e4 Max. 30 VDC, 400 mA<\/p>\n<\/div>","protected":false},"excerpt":{"rendered":"<p>K\u00e4ytt\u00f6alue S\u00e4hk\u00f6inen painelukko EL480 on monitoimilukko, joka soveltuu korkeataajuisiin oviin kapealla profiililla. soveltuu p\u00e4iv\u00e4lukitukseksi ja sis\u00e4lukitukseksi kaupassa, toimistoissa ja teollisuudessa tai sis\u00e4\u00e4nk\u00e4ynneiss\u00e4 ja julkisissa tiloissa<\/p>","protected":false},"featured_media":145417,"template":"","meta":{"_acf_changed":false},"product_brand":[],"product_cat":[2429],"product_tag":[2931,2289,2417],"class_list":{"0":"post-79600","1":"product","2":"type-product","3":"status-publish","4":"has-post-thumbnail","6":"product_cat-ellas","7":"product_tag-abloy-el480","8":"product_tag-ellas-split-spindle","9":"product_tag-rel-abloy-ellas","10":"product_shipping_class-tunga-paket","11":"pa_brands-abloy","12":"tm-no-options","14":"first","15":"instock","16":"sale","17":"featured","18":"taxable","19":"shipping-taxable","20":"purchasable","21":"product-type-simple"},"acf":[],"_links":{"self":[{"href":"https:\/\/secureus.se\/fi\/wp-json\/wp\/v2\/product\/79600","targetHints":{"allow":["GET"]}}],"collection":[{"href":"https:\/\/secureus.se\/fi\/wp-json\/wp\/v2\/product"}],"about":[{"href":"https:\/\/secureus.se\/fi\/wp-json\/wp\/v2\/types\/product"}],"wp:featuredmedia":[{"embeddable":true,"href":"https:\/\/secureus.se\/fi\/wp-json\/wp\/v2\/media\/145417"}],"wp:attachment":[{"href":"https:\/\/secureus.se\/fi\/wp-json\/wp\/v2\/media?parent=79600"}],"wp:term":[{"taxonomy":"product_brand","embeddable":true,"href":"https:\/\/secureus.se\/fi\/wp-json\/wp\/v2\/product_brand?post=79600"},{"taxonomy":"product_cat","embeddable":true,"href":"https:\/\/secureus.se\/fi\/wp-json\/wp\/v2\/product_cat?post=79600"},{"taxonomy":"product_tag","embeddable":true,"href":"https:\/\/secureus.se\/fi\/wp-json\/wp\/v2\/product_tag?post=79600"}],"curies":[{"name":"wp","href":"https:\/\/api.w.org\/{rel}","templated":true}]}}