{"id":79602,"date":"2022-03-10T15:40:00","date_gmt":"2022-03-10T14:40:00","guid":{"rendered":"https:\/\/secureus.se\/produkt\/abloy-solenoidlas-el502-rattvand\/"},"modified":"2026-04-15T17:07:59","modified_gmt":"2026-04-15T15:07:59","slug":"abloy-solenoidlas-el502-rattvand","status":"publish","type":"product","link":"https:\/\/secureus.se\/fi\/abloy-solenoidlas-el502-rattvand\/","title":{"rendered":"Abloy solenoidilukko EL502 Oikealle p\u00e4in"},"content":{"rendered":"<p>Solenoidilukko EL502 on sovitettu korkeataajuisiin oviin, joissa on modulaariset syvennykset. Lukko soveltuu hyvin p\u00e4iv\u00e4- ja sis\u00e4lukitukseksi kaupassa, toimistoissa ja teollisuudessa tai omakotitalojen sis\u00e4\u00e4nk\u00e4ynteihin ja julkisiin tiloihin. Mukautettu asennettavaksi yhdess\u00e4 oviautomaation kanssa. EL502:ta EI saa k\u00e4ytt\u00e4\u00e4 palontorjuntatoimintona palokennon rajalla, eik\u00e4 sit\u00e4 saa altistaa nauhapaineelle. Oikealle suunnattu toiminto. Lukitus peruutetaan s\u00e4hk\u00f6ohjauksella tai sylinterill\u00e4\/nupilla. Kun lukitus vapautetaan, ovea voidaan vet\u00e4\u00e4\/liukaista auki. Kaksitoimisia koteloita ei vedet\u00e4 sis\u00e4\u00e4n, vaan ne taitetaan pois.<br \/>\nJ\u00e4nnite: 12\u201324 VDC (-10% +15%)<br \/>\nVirrankulutus 24 VDC:ll\u00e4 lepo 0 mA, k\u00e4ytt\u00f6 110 mA, k\u00e4ynnistys 270 mA (k\u00e4ynnistys &lt;0,1 s)<br \/>\nL\u00e4mp\u00f6tila-alue: -20 - +60\u00b0C<br \/>\nPudotusviivan ulkonema: 14 mm<br \/>\nKaran syvyys: 50 mm<br \/>\nPylv\u00e4s: 22 mm<br \/>\nP\u00e4\u00e4tylevy: LP711<br \/>\nLiit\u00e4nt\u00e4kaapeli: EA220<br \/>\nOviv\u00e4li: 3-5 mm<\/p>\n<p>Toimittajan tuotenumero: 1005020000<\/p>","protected":false},"excerpt":{"rendered":"<p>Solenoidilukko EL502 on sovitettu korkeataajuisiin oviin, joissa on modulaariset syvennykset. Lukko soveltuu hyvin p\u00e4iv\u00e4- ja sis\u00e4lukitukseksi kaupassa, toimistoissa ja teollisuudessa tai omakotitalojen sis\u00e4\u00e4nk\u00e4ynteihin ja julkisiin tiloihin.<\/p>","protected":false},"featured_media":140894,"template":"","meta":{"_acf_changed":false},"product_brand":[],"product_cat":[2429],"product_tag":[2930,2287,2417],"class_list":{"0":"post-79602","1":"product","2":"type-product","3":"status-publish","4":"has-post-thumbnail","6":"product_cat-ellas","7":"product_tag-abloy-el502","8":"product_tag-ellas-solenoidlas","9":"product_tag-rel-abloy-ellas","10":"product_shipping_class-tunga-paket","11":"pa_brands-abloy","12":"tm-no-options","14":"first","15":"instock","16":"sale","17":"featured","18":"taxable","19":"shipping-taxable","20":"purchasable","21":"product-type-simple"},"acf":[],"_links":{"self":[{"href":"https:\/\/secureus.se\/fi\/wp-json\/wp\/v2\/product\/79602","targetHints":{"allow":["GET"]}}],"collection":[{"href":"https:\/\/secureus.se\/fi\/wp-json\/wp\/v2\/product"}],"about":[{"href":"https:\/\/secureus.se\/fi\/wp-json\/wp\/v2\/types\/product"}],"wp:featuredmedia":[{"embeddable":true,"href":"https:\/\/secureus.se\/fi\/wp-json\/wp\/v2\/media\/140894"}],"wp:attachment":[{"href":"https:\/\/secureus.se\/fi\/wp-json\/wp\/v2\/media?parent=79602"}],"wp:term":[{"taxonomy":"product_brand","embeddable":true,"href":"https:\/\/secureus.se\/fi\/wp-json\/wp\/v2\/product_brand?post=79602"},{"taxonomy":"product_cat","embeddable":true,"href":"https:\/\/secureus.se\/fi\/wp-json\/wp\/v2\/product_cat?post=79602"},{"taxonomy":"product_tag","embeddable":true,"href":"https:\/\/secureus.se\/fi\/wp-json\/wp\/v2\/product_tag?post=79602"}],"curies":[{"name":"wp","href":"https:\/\/api.w.org\/{rel}","templated":true}]}}