{"id":81627,"date":"2022-11-28T12:53:46","date_gmt":"2022-11-28T11:53:46","guid":{"rendered":"https:\/\/secureus.se\/produkt\/monteringsfaste-manoverpanel-desfire-svart\/"},"modified":"2026-03-10T11:01:04","modified_gmt":"2026-03-10T10:01:04","slug":"ajax-smart-bracket-faste-manoverpanel-desfire-svart","status":"publish","type":"product","link":"https:\/\/secureus.se\/fi\/ajax-smart-bracket-faste-manoverpanel-desfire-svart\/","title":{"rendered":"Ajax Smart Bracket Varaosa Asennusteline \/ lis\u00e4varusteet Ohjauspaneeli DESFire musta"},"content":{"rendered":"<h3><strong>Ajax Smart Bracket -kiinnitysteline ohjauspaneeliin DESFire - Ohjauspaneelin helppo ja vakaa asennus<\/strong><\/h3>\n<p>Ajax Smart Bracket -kiinnike ohjauspaneeliin DESFire on tehokas ja luotettava ratkaisu Ajax-ohjauspaneelin nopeaan ja turvalliseen asennukseen.<\/p>\n<p>Ohjauspaneeli on Ajax-turvaj\u00e4rjestelm\u00e4n keskeinen osa, ja sit\u00e4 k\u00e4ytet\u00e4\u00e4n h\u00e4lyttimen ohjaamiseen ja valvontaan.<\/p>\n<p>T\u00e4m\u00e4n laitteen optimaalisen suorituskyvyn varmistamiseksi on eritt\u00e4in t\u00e4rke\u00e4\u00e4, ett\u00e4 se asennetaan oikeaan paikkaan, ja Smart Bracket tekee asennuksesta helppoa ja kest\u00e4v\u00e4\u00e4.<\/p>\n<p><strong>Sujuva asennus ja joustava sijoitus<\/strong><\/p>\n<p>Smart Bracket -kiinnitysteline on suunniteltu tekem\u00e4\u00e4n DESFire-ohjauspaneelisi asennuksesta nopeaa ja helppoa.<\/p>\n<p>Kiinnitys voidaan asentaa pystysuoralle pinnalle tai nurkkaan, jolloin voit mukauttaa sijoittelua tietoturvaratkaisusi mukaan.<\/p>\n<p>Suositeltu asennuskorkeus on 2,4 metri\u00e4 parhaan p\u00e4\u00e4syn ja n\u00e4kyvyyden takaamiseksi.<\/p>\n<p>Asenna teline irrottamalla esiasennettu kannakepaneeli ohjauspaneelista ja kiinnitt\u00e4m\u00e4ll\u00e4 Smart Bracket -paneeli valittuun pintaan kaksipuoleisella teipill\u00e4 tai ruuveilla pysyv\u00e4mp\u00e4\u00e4 asennusta varten.<\/p>\n<p>Kun kiinnike on paikallaan, voit nopeasti ja helposti s\u00e4\u00e4t\u00e4\u00e4 ohjauspaneelin asentoa varmistaaksesi, ett\u00e4 paneelin ja Ajax-j\u00e4rjestelm\u00e4n keskittimen v\u00e4linen signaali on vahva ja vakaa.<\/p>\n<p>Jos signaalin voimakkuus on alhainen tai ep\u00e4vakaa asennuksen j\u00e4lkeen, voit s\u00e4\u00e4t\u00e4\u00e4 paneelia tai parantaa kantamaa ReX 2 -radiosignaalin kantaman laajennuksella.<\/p>\n<p><strong>Optimoi suorituskyky ja turvallisuus<\/strong><\/p>\n<p>Varmistaaksesi, ett\u00e4 Ajax-turvaj\u00e4rjestelm\u00e4si toimii optimaalisesti, on t\u00e4rke\u00e4\u00e4, ett\u00e4 ohjauspaneeli on asennettu ja sijoitettu oikein.<\/p>\n<p>Smart Bracket -kiinnitysteline tarjoaa turvallisen ratkaisun, jonka avulla ohjauspaneelisi DESFire toimii korkeimmalla tasolla.<\/p>\n<p>Vakaa asennus est\u00e4\u00e4 paneelin vaurioitumisen tai signaalien katoamisen k\u00e4yt\u00f6n aikana, mik\u00e4 tarjoaa luotettavan ja turvallisen k\u00e4ytt\u00f6kokemuksen.<\/p>\n<p>Kiinnike mahdollistaa my\u00f6s r\u00e4\u00e4t\u00e4l\u00f6idyn turvaratkaisun luomisen asettamalla ohjauspaneeli helposti kodin tai yrityksen sopivimpaan paikkaan.<\/p>\n<p>Optimoimalla asennuksen ja signaalin voimakkuuden saat parhaan hy\u00f6dyn turvaj\u00e4rjestelm\u00e4st\u00e4si ja tarjoat kiinteist\u00f6si korkealaatuisen suojan.<\/p>\n<p><strong>Yhteensopivuus ja mukauttaminen kaikkiin asennuksiin<\/strong><\/p>\n<p>Smart Bracket ohjauspaneelin asennusteline DESFire on yhteensopiva kaikkien Ajax-ohjauspaneeleiden kanssa ja tarjoaa joustavan ratkaisun sek\u00e4 uusien j\u00e4rjestelmien ett\u00e4 p\u00e4ivitysten asentamiseen.<\/p>\n<p>Asensitpa sitten t\u00e4ysin uutta turvaj\u00e4rjestelm\u00e4\u00e4 tai vaihtaessasi vanhaa paneelia, t\u00e4m\u00e4 kiinnike tarjoaa vakaan ja turvallisen asennuksen.<\/p>\n<p>Teline soveltuu sek\u00e4 asuin- ett\u00e4 kaupallisiin ymp\u00e4rist\u00f6ihin, ja sen avulla k\u00e4ytt\u00e4j\u00e4t voivat luoda mukautetun asennuksen, joka parhaiten sopii heid\u00e4n tietoturvatarpeisiinsa.<\/p>\n<p>Asennus voidaan tehd\u00e4 nopeasti ja helposti ilman erikoisosaamista, joten se on ihanteellinen ratkaisu niin ammattilaisille kuin tee-se-itse-harrastajille.<\/p>\n<p><strong>Vankka muotoilu ja yksinkertainen k\u00e4ytt\u00f6<\/strong><\/p>\n<p>Smart Bracket -kiinnitysteline on valmistettu kest\u00e4vist\u00e4 materiaaleista, jotka kest\u00e4v\u00e4t sek\u00e4 rasitusta ett\u00e4 pitk\u00e4aikaista k\u00e4ytt\u00f6\u00e4.<\/p>\n<p>Se on my\u00f6s suunniteltu kest\u00e4m\u00e4\u00e4n vaurioita ja ulkoista rasitusta, joten se on luotettava ratkaisu sek\u00e4 sis\u00e4- ett\u00e4 ulkok\u00e4ytt\u00f6\u00f6n.<\/p>\n<p>Ajax-sovelluksella voit helposti tarkistaa ja testata signaalin voimakkuutta ja s\u00e4\u00e4t\u00e4\u00e4 ohjauspaneelin asentoa tarvittaessa optimoidaksesi j\u00e4rjestelm\u00e4n suorituskyvyn.<\/p>\n<p><strong>Tekniset tiedot:<\/strong><\/p>\n<ul>\n<li><strong>Lis\u00e4varusteiden tyyppi:<\/strong> Asennusteline Ajax ohjauspaneeliin DESFire<\/li>\n<li><strong>Asennuskorkeus:<\/strong> Suositeltu 2,4 metri\u00e4<\/li>\n<li><strong>Asennusmenetelm\u00e4:<\/strong> Kiinnittyy pystysuoraan pintaan tai kulmiin<\/li>\n<li><strong>Materiaali:<\/strong> Kest\u00e4v\u00e4 ja s\u00e4\u00e4nkest\u00e4v\u00e4<\/li>\n<li><strong>Yhteensopivuus:<\/strong> Sopii Ajax-ohjauspaneeleihin DESFire<\/li>\n<li><strong>Signaalin voimakkuustesti:<\/strong> Kyll\u00e4, Ajax-sovelluksen kautta<\/li>\n<li><strong>Kiinnikkeet:<\/strong> Sis\u00e4lt\u00e4\u00e4 ruuvit ja mahdollisuuden k\u00e4ytt\u00e4\u00e4 muita kiinnikkeit\u00e4<\/li>\n<\/ul>\n<p><strong>Johtop\u00e4\u00e4t\u00f6s:<\/strong><\/p>\n<p>Ajax Smart Bracket -kiinnike ohjauspaneeliin DESFire on luotettava ja yksinkertainen ratkaisu ohjauspaneelin asentamiseen ja turvaj\u00e4rjestelm\u00e4n optimaalisen toiminnan varmistamiseen.<\/p>\n<p>Kest\u00e4v\u00e4n rakenteensa, joustavuuden ja helppok\u00e4ytt\u00f6isyytens\u00e4 ansiosta t\u00e4m\u00e4 teline tarjoaa vakaan pohjan Ajax-h\u00e4lyttimen tehokkaaseen valvontaan ja hallintaan.<\/p>\n<p>&nbsp;<\/p>","protected":false},"excerpt":{"rendered":"<p>Ajax Smart Bracket -kiinnike ohjauspaneeliin DESFire tarjoaa yksinkertaisen ja turvallisen Ajax-ohjauspaneelin asennuksen.<\/p>\n<p>Kiinnike varmistaa vakaan sijoituksen parhaan toiminnallisuuden ja helpon p\u00e4\u00e4syn turvaj\u00e4rjestelm\u00e4\u00e4n.<\/p>","protected":false},"featured_media":0,"template":"","meta":{"_acf_changed":false},"product_brand":[],"product_cat":[3128],"product_tag":[],"class_list":{"0":"post-81627","1":"product","2":"type-product","3":"status-publish","5":"product_cat-ajax-reservdelar-fasten","6":"product_shipping_class-postnord-varubrev","7":"pa_brands-ajax-systems","8":"pa_color-svart","9":"pa_farg-svart","10":"tm-no-options","12":"first","13":"instock","14":"sale","15":"featured","16":"taxable","17":"shipping-taxable","18":"purchasable","19":"product-type-simple"},"acf":[],"_links":{"self":[{"href":"https:\/\/secureus.se\/fi\/wp-json\/wp\/v2\/product\/81627","targetHints":{"allow":["GET"]}}],"collection":[{"href":"https:\/\/secureus.se\/fi\/wp-json\/wp\/v2\/product"}],"about":[{"href":"https:\/\/secureus.se\/fi\/wp-json\/wp\/v2\/types\/product"}],"wp:attachment":[{"href":"https:\/\/secureus.se\/fi\/wp-json\/wp\/v2\/media?parent=81627"}],"wp:term":[{"taxonomy":"product_brand","embeddable":true,"href":"https:\/\/secureus.se\/fi\/wp-json\/wp\/v2\/product_brand?post=81627"},{"taxonomy":"product_cat","embeddable":true,"href":"https:\/\/secureus.se\/fi\/wp-json\/wp\/v2\/product_cat?post=81627"},{"taxonomy":"product_tag","embeddable":true,"href":"https:\/\/secureus.se\/fi\/wp-json\/wp\/v2\/product_tag?post=81627"}],"curies":[{"name":"wp","href":"https:\/\/api.w.org\/{rel}","templated":true}]}}