{"id":81642,"date":"2022-12-27T14:34:56","date_gmt":"2022-12-27T13:34:56","guid":{"rendered":"https:\/\/secureus.se\/produkt\/ajax-hub2-centralapparat-lan-4g-vit\/"},"modified":"2026-03-30T12:07:37","modified_gmt":"2026-03-30T10:07:37","slug":"ajax-hub-2-4g-vit","status":"publish","type":"product","link":"https:\/\/secureus.se\/fi\/ajax-hub-2-4g-vit\/","title":{"rendered":"Ajax Hub 2 valkoinen keskusyksikk\u00f6 (4G + Ethernet)"},"content":{"rendered":"<h3><strong>Ajax Hub 2 4G \u2013 uusi tietoturvastandardi<\/strong><\/h3>\n<p>Ajax Hub 2 4G on Ajax Systemsin uusin innovaatio, ja se edustaa uutta turvallisuuden ja luotettavuuden standardia. Se on turvaj\u00e4rjestelm\u00e4n keskusyksikk\u00f6, joka yhdist\u00e4\u00e4 langattomat Ajax-laitteet l\u00e4hiverkon ja 4G:n kautta.<\/p>\n<p>Suunniteltu sopimaan sek\u00e4 koteihin ett\u00e4 pieniin yrityksiin, keskitin tarjoaa tehokkaan ratkaisun omaisuuden ja arvoesineiden suojaamiseen.<\/p>\n<p><strong>Yhteys LAN:n ja 4G:n kautta<\/strong><\/p>\n<p>Ajax Hub 2 4G tarjoaa sek\u00e4 LAN-yhteyden ett\u00e4 4G LTE:n (FDD B1\/B3\/B5\/B7\/B8\/B20) luotettavan ja joustavan viestinn\u00e4n varmistamiseksi.<\/p>\n<p>Kun muodostat yhteyden reitittimeen tai internetiin verkkokaapelin kautta ja aktivoit 4G:n, saat turvallisen ja nopean h\u00e4lytysl\u00e4hetyksen, jolloin j\u00e4rjestelm\u00e4 toimii, vaikka Internet-yhteytesi katkeaisi.<\/p>\n<p>Kaksoisliitetyn tiedonsiirtovaihtoehdon ansiosta saat korkean tason tietoturvan ja redundanssin.<\/p>\n<p><strong>Langaton kantama ja yhteensopivuus<\/strong><\/p>\n<p>Ajax Hub 2 4G:n langaton kantama jopa 2000 metri\u00e4 avoimessa maastossa on varustettu kattamaan suuria alueita ilman lis\u00e4laitteita.<\/p>\n<p>Voit my\u00f6s liitt\u00e4\u00e4 jopa viisi toistinta, kuten ReX ja ReX2, jolloin voit laajentaa kantaman jopa 35 km\u00b2: iin.<\/p>\n<p>T\u00e4m\u00e4 tekee j\u00e4rjestelm\u00e4st\u00e4 t\u00e4ydellisen sek\u00e4 pieniin ett\u00e4 suuriin asennuksiin riippumatta siit\u00e4, onko kyseess\u00e4 koti, yritys tai isompi kiinteist\u00f6.<\/p>\n<p><strong>Kameran hallinta ja suoratoisto<\/strong><\/p>\n<p>Ajax Hub 2 4G:ss\u00e4 on sis\u00e4\u00e4nrakennettu toiminto Ajax IR -kameroiden hallintaan, ja se voi l\u00e4hett\u00e4\u00e4 sarjan kuvia h\u00e4lytyksen yhteydess\u00e4.<\/p>\n<p>N\u00e4m\u00e4 kuvat toimitetaan vain h\u00e4lytyksen sattuessa, ja ne tarjoavat k\u00e4ytt\u00e4j\u00e4lle visuaalisen vahvistuksen tapahtumasta. Lis\u00e4ksi j\u00e4rjestelm\u00e4 voi suoratoistaa jopa 25 kameraa tai NVR:\u00e4\u00e4 suosituilta br\u00e4ndeilt\u00e4, kuten Ezviz ja Hikvision.<\/p>\n<p>T\u00e4m\u00e4 tarjoaa t\u00e4ydellisen valvonnan ja turvallisuuden samalla, kun k\u00e4ytt\u00e4j\u00e4ll\u00e4 on nopea ja luotettava tapa hallita tilannetta.<\/p>\n<p><strong>Skenaariot ja automaatio<\/strong><\/p>\n<p>Yksi Ajax Hub 2 4G:n hy\u00f6dyllisimmist\u00e4 ominaisuuksista on kyky luoda automaattisia skenaarioita.<\/p>\n<p>Voit esimerkiksi ohjelmoida j\u00e4rjestelm\u00e4n sytytt\u00e4m\u00e4\u00e4n valot h\u00e4lytyksen sattuessa tai aikataulun mukaan tai sammuttamaan vedentulon tulvien est\u00e4miseksi.<\/p>\n<p>Hy\u00f6kk\u00e4ys- tai \u00e4lypainikkeella on my\u00f6s mahdollista aktivoida napin painalluksella toimintoja, kuten valojen sytytt\u00e4mist\u00e4 tai autotallin oven avaamista.<\/p>\n<p><strong>K\u00e4ytt\u00e4j\u00e4t, laitteet ja ryhm\u00e4t<\/strong><\/p>\n<p>Ajax Hub 2 4G pystyy k\u00e4sittelem\u00e4\u00e4n jopa 50 k\u00e4ytt\u00e4j\u00e4\u00e4 ja yhdist\u00e4m\u00e4\u00e4n jopa 100 laitetta.<\/p>\n<p>T\u00e4m\u00e4 tekee siit\u00e4 sopivan sek\u00e4 yksityisille ett\u00e4 kaupallisille k\u00e4ytt\u00e4jille.<\/p>\n<p>Voit luoda jopa 9 aluetta tai ryhm\u00e4\u00e4 parantaaksesi suuntausta ja turvallisuuden hallintaa, esimerkiksi perustamalla eri huoneita ja ryhmi\u00e4 n\u00e4hd\u00e4ksesi, miss\u00e4 h\u00e4lytykset tapahtuvat, kuten &quot;Kylpyhuone 2&quot; tai &quot;Toinen kerros&quot;.<\/p>\n<p><strong>Virtal\u00e4hde ja vara-akku<\/strong><\/p>\n<p>Ajax Hub 2 4G:n mukana tulee 2Ah Li-Ion-akku, joka tarjoaa jopa 16 tunnin akun varauksen.<\/p>\n<p>N\u00e4in j\u00e4rjestelm\u00e4 voi jatkaa toimintaansa my\u00f6s s\u00e4hk\u00f6katkon sattuessa, mik\u00e4 takaa jatkuvan turvallisuuden.<\/p>\n<p>Virtal\u00e4hde on yhteensopiva 110-240 V, 50\/60 Hz, joten sit\u00e4 voidaan k\u00e4ytt\u00e4\u00e4 maailmanlaajuisesti.<\/p>\n<p><strong>Tekniset tiedot:<\/strong><\/p>\n<ul>\n<li><strong>Langaton kantama:<\/strong> Jopa 2000 metri\u00e4 avoimessa maastossa (riippuen kytketyst\u00e4 tuotteesta)<\/li>\n<li><strong>Kameran suoratoisto:<\/strong> Jopa 25 kameraa tai NVR:\u00e4\u00e4<\/li>\n<li><strong>SIM-kortti:<\/strong> 2 \u00d7 Micro SIM (2G, 3G, 4G LTE)<\/li>\n<li><strong>Akun varmuuskopiointi:<\/strong> Jopa 16 tuntia<\/li>\n<li><strong>L\u00e4mp\u00f6tila-alue:<\/strong> -10\u00b0C - +40\u00b0C<\/li>\n<li><strong>IP-luokka:<\/strong> IP50<\/li>\n<li><strong>Yksik\u00f6t:<\/strong> Jopa 100 yksikk\u00f6\u00e4<\/li>\n<li><strong>K\u00e4ytt\u00e4j\u00e4:<\/strong> Jopa 50 k\u00e4ytt\u00e4j\u00e4\u00e4<\/li>\n<li><strong>Alueet\/ryhm\u00e4t:<\/strong> 9 aluetta<\/li>\n<li><strong>Virtal\u00e4hde:<\/strong> 110-240 V, 50\/60 Hz<\/li>\n<li><strong>Koko:<\/strong> 163 \u00d7 163 \u00d7 36 mm<\/li>\n<li><strong>Paino:<\/strong> 350 g<\/li>\n<\/ul>\n<p><strong>Paketin sis\u00e4lt\u00f6:<\/strong><\/p>\n<ul>\n<li>Ajax Hub 2 4G<\/li>\n<li>Virtajohto<\/li>\n<li>Verkkokaapeli<\/li>\n<li>Vara-akku<\/li>\n<li>K\u00e4ytt\u00f6ohje<\/li>\n<\/ul>\n<p><strong>Johtop\u00e4\u00e4t\u00f6s:<\/strong><\/p>\n<p>Ajax Hub 2 4G tarjoaa luotettavan ja joustavan tietoturvaratkaisun sek\u00e4 koteihin ett\u00e4 pienyrityksille.<\/p>\n<p>Langattoman kantaman, kameran suoratoiston ja mukautettujen skenaarioiden luomisen ansiosta t\u00e4m\u00e4 keskusyksikk\u00f6 tarjoaa sek\u00e4 korkean suorituskyvyn ett\u00e4 helppok\u00e4ytt\u00f6isyyden.<\/p>\n<p>Se on ihanteellinen ratkaisu niille, jotka etsiv\u00e4t edistynytt\u00e4 turvaj\u00e4rjestelm\u00e4\u00e4, jossa on redundanssi sek\u00e4 LAN- ett\u00e4 4G-verkon kautta.<\/p>","protected":false},"excerpt":{"rendered":"<p>Ajax Hub 2 4G on turvaj\u00e4rjestelm\u00e4n keskusyksikk\u00f6, joka k\u00e4ytt\u00e4\u00e4 sek\u00e4 l\u00e4hiverkkoa ett\u00e4 4G:t\u00e4 yhteyden muodostamiseen langattomiin Ajax-laitteisiin.<\/p>\n<p>Sen langaton kantama on jopa 2000 metri\u00e4 ja se pystyy k\u00e4sittelem\u00e4\u00e4n jopa 25 kameraa suoratoistoa ja kuvansiirtoa varten h\u00e4lytyksen sattuessa.<\/p>","protected":false},"featured_media":152095,"template":"","meta":{"_acf_changed":false},"product_brand":[],"product_cat":[3154,1319],"product_tag":[3127,2137,4863],"class_list":{"0":"post-81642","1":"product","2":"type-product","3":"status-publish","4":"has-post-thumbnail","6":"product_cat-centralenheter","7":"product_cat-ajax-larm","8":"product_tag-kontrollprodukt","9":"product_tag-lager-ajax","10":"product_tag-pf","11":"product_shipping_class-tunga-paket","12":"pa_brands-ajax-systems","13":"pa_color-vit","14":"pa_farg-vit","15":"tm-no-options","17":"first","18":"instock","19":"sale","20":"featured","21":"taxable","22":"shipping-taxable","23":"purchasable","24":"product-type-simple"},"acf":[],"_links":{"self":[{"href":"https:\/\/secureus.se\/fi\/wp-json\/wp\/v2\/product\/81642","targetHints":{"allow":["GET"]}}],"collection":[{"href":"https:\/\/secureus.se\/fi\/wp-json\/wp\/v2\/product"}],"about":[{"href":"https:\/\/secureus.se\/fi\/wp-json\/wp\/v2\/types\/product"}],"wp:featuredmedia":[{"embeddable":true,"href":"https:\/\/secureus.se\/fi\/wp-json\/wp\/v2\/media\/152095"}],"wp:attachment":[{"href":"https:\/\/secureus.se\/fi\/wp-json\/wp\/v2\/media?parent=81642"}],"wp:term":[{"taxonomy":"product_brand","embeddable":true,"href":"https:\/\/secureus.se\/fi\/wp-json\/wp\/v2\/product_brand?post=81642"},{"taxonomy":"product_cat","embeddable":true,"href":"https:\/\/secureus.se\/fi\/wp-json\/wp\/v2\/product_cat?post=81642"},{"taxonomy":"product_tag","embeddable":true,"href":"https:\/\/secureus.se\/fi\/wp-json\/wp\/v2\/product_tag?post=81642"}],"curies":[{"name":"wp","href":"https:\/\/api.w.org\/{rel}","templated":true}]}}