{"id":81644,"date":"2022-11-28T11:05:31","date_gmt":"2022-11-28T10:05:31","guid":{"rendered":"https:\/\/secureus.se\/produkt\/ajax-hub2plus-centralapparat-med-ethernet-lan-samt-wifi-och-4g-svart\/"},"modified":"2026-03-28T12:17:30","modified_gmt":"2026-03-28T11:17:30","slug":"ajax-hub-2-plus-eth-wifi-svart","status":"publish","type":"product","link":"https:\/\/secureus.se\/fi\/ajax-hub-2-plus-eth-wifi-svart\/","title":{"rendered":"Ajax Hub 2 Plus musta \u2013 Keskusyksikk\u00f6 (4G, WiFi, Ethernet)"},"content":{"rendered":"<h3><strong>Ajax Hub 2 Plus WiFi 4G<\/strong> on Ajax Systemsin uusin innovaatio ja t\u00e4ydellinen valinta jokaiselle, joka etsii tehokasta ja luotettavaa turvakeskusta kotiin tai yritykseen.<\/h3>\n<p>T\u00e4m\u00e4 keskusyksikk\u00f6 on varustettu tehokkailla ominaisuuksilla, jotka tekev\u00e4t siit\u00e4 v\u00e4ltt\u00e4m\u00e4tt\u00f6m\u00e4n osan turvaj\u00e4rjestelm\u00e4\u00e4si.<\/p>\n<p><strong>Langaton kantama ja liitett\u00e4vyys<\/strong><br \/>\nVaikuttavalla, jopa 2000 metrin langattomalla kantamalla Ajax Hub 2 Plus voi kommunikoida tehokkaasti kaikkien kytkettyjen laitteiden kanssa, vaikka ne olisivat useissa kerroksissa tai erillisiss\u00e4 rakennuksissa.<\/p>\n<p>Yksikk\u00f6 voidaan liitt\u00e4\u00e4 jopa viiteen ReX (toistin) -yksikk\u00f6\u00f6n, jotta signaali ulottuu kauas ja laajalle. T\u00e4m\u00e4 tekee Hub 2 Plus:sta optimaalisen valinnan sek\u00e4 asuin- ett\u00e4 suurempiin liiketiloihin.<\/p>\n<p><strong>Kameran integrointi ja valvonta<\/strong><br \/>\nSen lis\u00e4ksi, ett\u00e4 Hub 2 Plus hallitsee turvalaitteita, kuten liiketunnistimia ja oviantureita, se voi my\u00f6s integroida kameroita ja NVR:it\u00e4 (Network Video Recorders) eri valmistajilta, kuten Ezviz ja Hikvision.<\/p>\n<p>Voit hallita jopa 100 kameraa samanaikaisesti ja saada v\u00e4litt\u00f6mi\u00e4 tilannekuvia h\u00e4lytyksen sattuessa. T\u00e4m\u00e4 ominaisuus tarjoaa suurta joustavuutta ja mahdollistaa alueensi helpon tarkkailun.<\/p>\n<p><strong>Vakaa viestint\u00e4 ja turvallisuus<\/strong><br \/>\nAjax Hub 2 Plus k\u00e4ytt\u00e4\u00e4 ainutlaatuista Ajaxia <strong>Jalokivikauppias<\/strong> ja <strong>Siivet<\/strong> radioviestint\u00e4protokolla, joka takaa nopean ja turvallisen tiedonsiirron kaikkien j\u00e4rjestelm\u00e4n laitteiden v\u00e4lill\u00e4.<\/p>\n<p>Lis\u00e4ksi varmistaa <strong>OS Malevich<\/strong>, reaaliaikainen k\u00e4ytt\u00f6j\u00e4rjestelm\u00e4, ett\u00e4 laite on vakaa, immuuni viruksille ja suojattu kyberhy\u00f6kk\u00e4yksilt\u00e4.<\/p>\n<p>K\u00e4ytt\u00f6j\u00e4rjestelm\u00e4 mahdollistaa my\u00f6s langattomat p\u00e4ivitykset, mik\u00e4 pit\u00e4\u00e4 j\u00e4rjestelm\u00e4si ajan tasalla ja turvassa.<\/p>\n<p><strong>Et\u00e4valvonta ja automaatio<\/strong><br \/>\nKanssa <strong>Ajax Security<\/strong> ja <strong>Ajax PRO<\/strong> sovellusten avulla voit helposti valvoa ja m\u00e4\u00e4ritt\u00e4\u00e4 koko j\u00e4rjestelm\u00e4\u00e4 \u00e4lypuhelimesi tai tietokoneesi kautta.<\/p>\n<p>J\u00e4rjestelm\u00e4 mahdollistaa turvatoimien automatisoinnin <strong>skenaarioita<\/strong>, esimerkiksi sytytt\u00e4m\u00e4ll\u00e4 valot tai sammuttamalla veden tulon h\u00e4lytyksen sattuessa, jolloin voit mukauttaa turvallisuuden tarpeisiisi.<\/p>\n<p><strong>Keskeytym\u00e4t\u00f6n suojaus varmuuskopioinnin avulla<\/strong><br \/>\nHub 2 Plus -laitteessa on sis\u00e4\u00e4nrakennettu <strong>vara-akku<\/strong> 3 Ah, mik\u00e4 tarkoittaa, ett\u00e4 se jatkaa toimintaansa my\u00f6s s\u00e4hk\u00f6katkon sattuessa.<\/p>\n<p>T\u00e4m\u00e4 varmistaa, ett\u00e4 j\u00e4rjestelm\u00e4si on suojattu 24\/7. Sabotaasiyrityksist\u00e4 saat v\u00e4litt\u00f6m\u00e4sti varoituksen sovelluksen kautta ja saat ilmoituksen tapahtumasta.<\/p>\n<p><strong>Tekniset tiedot<\/strong>:<\/p>\n<ul>\n<li><strong>Viestint\u00e4<\/strong>: LAN, Wi-Fi, 4G<\/li>\n<li><strong>Langaton alue<\/strong>: Jopa 2000 metri\u00e4<\/li>\n<li><strong>K\u00e4ytt\u00e4j\u00e4<\/strong>: Jopa 200<\/li>\n<li><strong>Yksik\u00f6t<\/strong>: Jopa 200<\/li>\n<li><strong>Kameran suoratoisto<\/strong>: Jopa 100 kameraa tai NVR:\u00e4\u00e4\n<div><\/div>\n<\/li>\n<li><strong>Skenaariot<\/strong>: 64 asti<\/li>\n<li><strong>H\u00e4lytysprotokolla<\/strong>: Sur-Gard (Yhteystunnus), SIA (DC-09)<\/li>\n<li><strong>SIM-kortti<\/strong>: 2 kpl (2G, 3G, 4G)<\/li>\n<li><strong>Virtal\u00e4hde<\/strong>: 110-240 V, 50\/60 Hz<\/li>\n<li><strong>Vara-akku<\/strong>: Li-Ion 3Ah, jopa 16 tuntia<\/li>\n<li><strong>L\u00e4mp\u00f6tila-alue ja kosteus<\/strong>: -10\u00b0C - +40\u00b0C, 75%<\/li>\n<li><strong>IP-luokitus<\/strong>: IP50<\/li>\n<\/ul>\n<p><strong>Paketti sis\u00e4lt\u00e4\u00e4<\/strong>:<\/p>\n<ul>\n<li>Hub 2 Plus<\/li>\n<li>Virtajohto<\/li>\n<li>Verkkokaapeli<\/li>\n<li>Vara-akku<\/li>\n<\/ul>\n<p><strong>Monipuolinen liit\u00e4nt\u00e4<br \/>\n<\/strong>Hub 2 Plus tukee LAN-, WiFi- ja 4G-yhteytt\u00e4, mik\u00e4 tarjoaa joustavuutta ja luotettavuutta viestinn\u00e4ss\u00e4 ulkomaailman kanssa. Voit yhdist\u00e4\u00e4 sen eri Internet-palveluntarjoajiin ja varmistaa jatkuvan viestinn\u00e4n.<\/p>\n<p><strong>Nopea h\u00e4lytyksen vahvistus valokuvalla<br \/>\n<\/strong>H\u00e4lytyksen sattuessa Hub 2 Plus voi l\u00e4hett\u00e4\u00e4 kuvasarjan MotionCam-ilmaisimista vain 9 sekunnissa. N\u00e4in voit arvioida tilanteen nopeasti ja v\u00e4litt\u00e4\u00e4 oikeat tiedot seurantakeskukseen.<\/p>\n<p><strong>Super helppo asennus<br \/>\n<\/strong>Asenna t\u00e4m\u00e4 edistynyt h\u00e4lytin ja nauti vertaansa vailla olevasta turvallisuudesta lataamalla Ajax Systems -sovellus ja skannaamalla laitteiden QR-koodit. Hub 2 Plus:n avulla hallitset turvallisuuttasi miss\u00e4 ikin\u00e4 oletkin, ja saat v\u00e4litt\u00f6m\u00e4n h\u00e4lytyksen vahvistuksen vaikuttavalla nopeudella ja tarkkuudella.<\/p>","protected":false},"excerpt":{"rendered":"<p>Ajax Hub 2 Plus WiFi Ethernet ja 4G on edistynyt keskusyksikk\u00f6 turvaj\u00e4rjestelm\u00e4llesi. Se tarjoaa erinomaisen langattoman kantaman, kameraintegraation ja keskeytym\u00e4tt\u00f6m\u00e4n tiedonsiirron, joten se sopii erinomaisesti sek\u00e4 kotiin ett\u00e4 yrityksiin.<\/p>","protected":false},"featured_media":152109,"template":"","meta":{"_acf_changed":false},"product_brand":[],"product_cat":[3154,1319],"product_tag":[3127,2137,4863],"class_list":{"0":"post-81644","1":"product","2":"type-product","3":"status-publish","4":"has-post-thumbnail","6":"product_cat-centralenheter","7":"product_cat-ajax-larm","8":"product_tag-kontrollprodukt","9":"product_tag-lager-ajax","10":"product_tag-pf","11":"product_shipping_class-postnord-varubrev","12":"pa_brands-ajax-systems","13":"pa_color-svart","14":"pa_farg-svart","15":"tm-no-options","17":"first","18":"instock","19":"sale","20":"featured","21":"taxable","22":"shipping-taxable","23":"purchasable","24":"product-type-simple"},"acf":[],"_links":{"self":[{"href":"https:\/\/secureus.se\/fi\/wp-json\/wp\/v2\/product\/81644","targetHints":{"allow":["GET"]}}],"collection":[{"href":"https:\/\/secureus.se\/fi\/wp-json\/wp\/v2\/product"}],"about":[{"href":"https:\/\/secureus.se\/fi\/wp-json\/wp\/v2\/types\/product"}],"wp:featuredmedia":[{"embeddable":true,"href":"https:\/\/secureus.se\/fi\/wp-json\/wp\/v2\/media\/152109"}],"wp:attachment":[{"href":"https:\/\/secureus.se\/fi\/wp-json\/wp\/v2\/media?parent=81644"}],"wp:term":[{"taxonomy":"product_brand","embeddable":true,"href":"https:\/\/secureus.se\/fi\/wp-json\/wp\/v2\/product_brand?post=81644"},{"taxonomy":"product_cat","embeddable":true,"href":"https:\/\/secureus.se\/fi\/wp-json\/wp\/v2\/product_cat?post=81644"},{"taxonomy":"product_tag","embeddable":true,"href":"https:\/\/secureus.se\/fi\/wp-json\/wp\/v2\/product_tag?post=81644"}],"curies":[{"name":"wp","href":"https:\/\/api.w.org\/{rel}","templated":true}]}}