{"id":81655,"date":"2022-12-27T14:19:51","date_gmt":"2022-12-27T13:19:51","guid":{"rendered":"https:\/\/secureus.se\/?post_type=product&#038;p=81655"},"modified":"2026-03-30T12:19:33","modified_gmt":"2026-03-30T10:19:33","slug":"ajax-motionprotect-outdoor","status":"publish","type":"product","link":"https:\/\/secureus.se\/fi\/ajax-motionprotect-outdoor\/","title":{"rendered":"Ajax MotionProtect Ulkok\u00e4ytt\u00f6\u00f6n tarkoitettu infrapunailmaisin \u2013 Ulkok\u00e4ytt\u00f6\u00f6n \u2013 IP55"},"content":{"rendered":"<h3><strong>Suojaa ulkotilaasi Ajax MotionProtect Outdoorilla<\/strong><\/h3>\n<p>Kotisi tai yrityksesi tehokkaan turvallisuuden varmistamiseksi on eritt\u00e4in t\u00e4rke\u00e4\u00e4 suojata ulkoalueet tunkeutumiselta.<\/p>\n<p>Ajax MotionProtect Outdoor on t\u00e4ydellinen ratkaisu korkean turvallisuustason yll\u00e4pit\u00e4miseen ulkona, edistyneen tekniikan ja suunnittelun ansiosta, joka takaa luotettavan liikkeentunnistuksen ilman v\u00e4\u00e4ri\u00e4 h\u00e4lytyksi\u00e4.<\/p>\n<p><strong>Kaksivaiheinen algoritmi v\u00e4\u00e4r\u00e4lle h\u00e4lytystekniikalle<\/strong><\/p>\n<p>Yksi suurimmista haasteista k\u00e4ytett\u00e4ess\u00e4 liiketunnistimia ulkona on kyky erottaa todelliset uhat v\u00e4\u00e4rist\u00e4 h\u00e4lytyksist\u00e4.<\/p>\n<p>T\u00e4m\u00e4n ongelman ratkaisemiseksi Ajax MotionProtect Outdoor on kehitt\u00e4nyt ainutlaatuisen kaksivaiheisen algoritmin, joka k\u00e4ytt\u00e4\u00e4 kahta PIR-anturia ja LISAa (signaalianalyysialgoritmi) analysoimaan ja suodattamaan v\u00e4\u00e4ri\u00e4 h\u00e4lytyksi\u00e4 tarkasti.<\/p>\n<p>T\u00e4m\u00e4 varmistaa, ett\u00e4 saat h\u00e4lytyksi\u00e4 vain silloin, kun kyseess\u00e4 on todella uhka, kuten tunkeilija.<\/p>\n<p><strong>\u00c4lyk\u00e4s peitt\u00e4misen esto ja peukaloinnin tunnistus<\/strong><\/p>\n<p>Ajax MotionProtect Outdoor on varustettu \u00e4lykk\u00e4\u00e4ll\u00e4 peitt\u00e4misen estoj\u00e4rjestelm\u00e4ll\u00e4, jotta laitetta ei peukaloitu tai tukkeutuisi.<\/p>\n<p>T\u00e4m\u00e4 j\u00e4rjestelm\u00e4 havaitsee, jos joku yritt\u00e4\u00e4 peitt\u00e4\u00e4 anturin tai muuten h\u00e4irit\u00e4 sen toimintaa. Jos t\u00e4llaista manipulointia tapahtuu, laite l\u00e4hett\u00e4\u00e4 v\u00e4litt\u00f6m\u00e4sti h\u00e4lytyksen, jonka avulla voit nopeasti ryhty\u00e4 toimenpiteisiin omaisuutesi suojaamiseksi.<\/p>\n<p><strong>Lemmikkiel\u00e4imen immuniteetti ja mukautuva herkkyys<\/strong><\/p>\n<p>MotionProtect Outdoor on my\u00f6s varustettu lemmikkiel\u00e4inten immuniteetilla, mik\u00e4 tarkoittaa, ett\u00e4 kiinteist\u00f6ll\u00e4si liikkuvat pienet el\u00e4imet eiv\u00e4t laukaise laitetta.<\/p>\n<p>Laitteessa on s\u00e4\u00e4dett\u00e4v\u00e4 herkkyys kolmella tasolla, joita voidaan s\u00e4\u00e4t\u00e4\u00e4 optimoimaan tunnistus tarpeidesi ja ymp\u00e4rist\u00f6si mukaan. Liiketunnistuksen et\u00e4isyys voidaan asettaa v\u00e4lille 3-15 metri\u00e4, jolloin voit peitt\u00e4\u00e4 suuret alueet tehokkaasti.<\/p>\n<p><strong>Pitk\u00e4 akun k\u00e4ytt\u00f6ik\u00e4 ja helppo asennus<\/strong><\/p>\n<p>Toinen Ajax MotionProtect Outdoorin suuri etu on pitk\u00e4 akun k\u00e4ytt\u00f6ik\u00e4. Laite k\u00e4ytt\u00e4\u00e4 kahta esiasennettua CR123A-paristoa, jotka kest\u00e4v\u00e4t jopa 5 vuotta, joten voit asettaa sen ja unohtaa sen ilman, ett\u00e4 sinun tarvitsee vaihtaa paristoja usein.<\/p>\n<p>Asennus on nopeaa ja helppoa SmartBracket-asennuspaneelin avulla, ja skannaamalla QR-koodin Ajax-sovelluksella saat ilmaisimen nopeasti k\u00e4ytt\u00f6\u00f6n.<\/p>\n<p><strong>Laadukas viestint\u00e4 Ajax Hubin kanssa<\/strong><\/p>\n<p>Jeweller-radioprotokollaa k\u00e4ytt\u00e4m\u00e4ll\u00e4 MotionProtect Outdoor yll\u00e4pit\u00e4\u00e4 vakaata yhteytt\u00e4 Ajax Hubin kanssa.<\/p>\n<p>Langaton kantama on jopa 1700 metri\u00e4 avoimessa maastossa, mik\u00e4 mahdollistaa ilmaisimen asentamisen kiinteist\u00f6n syrj\u00e4isiin osiin ilman, ett\u00e4 yhteys katkeaa.<\/p>\n<p>H\u00e4lytykset toimitetaan alle 0,15 sekunnissa, mik\u00e4 varmistaa nopean reagoinnin tunkeutumiseen.<\/p>\n<p><strong>S\u00e4\u00e4nkest\u00e4v\u00e4 ja kest\u00e4v\u00e4 muotoilu<\/strong><\/p>\n<p>Ajax MotionProtect Outdoor on suunniteltu kest\u00e4m\u00e4\u00e4n kaikki s\u00e4\u00e4olosuhteet \u00e4\u00e4rimm\u00e4isest\u00e4 kylmyydest\u00e4 kuumuuteen.<\/p>\n<p>Se toimii -25\u00b0C ja +60\u00b0C l\u00e4mp\u00f6tiloissa ja sill\u00e4 on IP55-luokitus, joka suojaa p\u00f6lylt\u00e4 ja vesiroiskeilta.<\/p>\n<p>T\u00e4m\u00e4 tekee siit\u00e4 t\u00e4ydellisen k\u00e4ytett\u00e4v\u00e4ksi ulkotiloissa, olipa kyseess\u00e4 sitten sadep\u00e4iv\u00e4 tai aurinkoinen helleaalto.<\/p>\n<p><strong>Tekniset tiedot:<\/strong><\/p>\n<ul>\n<li><strong>Ilmaisimen tyyppi:<\/strong> Langaton liiketunnistin ulkok\u00e4ytt\u00f6\u00f6n<\/li>\n<li><strong>Anturit:<\/strong> Kaksi PIR-anturia<\/li>\n<li><strong>Liiketunnistuksen et\u00e4isyys:<\/strong> S\u00e4\u00e4dett\u00e4v\u00e4, jopa 3-15 m<\/li>\n<li><strong>Tunnistuskulma:<\/strong> 90\u00b0 vaakasuunnassa<\/li>\n<li><strong>Herkkyys:<\/strong> S\u00e4\u00e4dett\u00e4v\u00e4 3 tasossa<\/li>\n<li><strong>Lemmikkiel\u00e4imen immuniteetti:<\/strong> Kyll\u00e4, korkeus 80 cm<\/li>\n<li><strong>Naamioinnin esto:<\/strong> Kyll\u00e4, \u00e4lyk\u00e4s j\u00e4rjestelm\u00e4<\/li>\n<li><strong>Virtal\u00e4hde:<\/strong> 2 x CR123A paristot (esiasennettu)<\/li>\n<li><strong>Akun kesto:<\/strong> Jopa 5 vuotta<\/li>\n<li><strong>Viestint\u00e4alue:<\/strong> Jopa 1700 mailia vapaata maastoa<\/li>\n<li><strong>Suojausluokka:<\/strong> IP55 (ulkok\u00e4ytt\u00f6)<\/li>\n<li><strong>K\u00e4ytt\u00f6l\u00e4mp\u00f6tila:<\/strong> -25\u00b0C - +60\u00b0C<\/li>\n<li><strong>Kosteus:<\/strong> Jopa 95%<\/li>\n<li><strong>Viestint\u00e4protokolla:<\/strong> Jalokivikauppias<\/li>\n<li><strong>Asennuskorkeus:<\/strong> Suositus 0,8-1,3 m<\/li>\n<li><strong>Mitat:<\/strong> 183 \u00d7 70 \u00d7 65 mm<\/li>\n<li><strong>Paino:<\/strong> 322 g<\/li>\n<\/ul>\n<p><strong>Paketin sis\u00e4lt\u00f6:<\/strong><\/p>\n<ul>\n<li>Ajax MotionProtect Outdoor liiketunnistin<\/li>\n<li>SmartBracket-asennuspaneeli<\/li>\n<li>2 \u00d7 CR123A paristot (esiasennettu)<\/li>\n<li>Asennussarja<\/li>\n<li>K\u00e4ytt\u00f6ohje<\/li>\n<\/ul>\n<p><strong>Johtop\u00e4\u00e4t\u00f6s:<\/strong><\/p>\n<p>Ajax MotionProtect Outdoor on t\u00e4ydellinen valinta kotisi tai yrityksesi suojaamiseen ulkona tapahtuvilta tunkeutumisilta.<\/p>\n<p>T\u00e4m\u00e4 langaton liiketunnistin tarjoaa luotettavan ja tarkan suojauksen edistyneill\u00e4 ominaisuuksilla, kuten kaksivaiheisella v\u00e4\u00e4r\u00e4n h\u00e4lytysalgoritmin, peitt\u00e4misen eston ja lemmikkiel\u00e4inten suojauksen kanssa.<\/p>\n<p>Sen pitk\u00e4 akun k\u00e4ytt\u00f6ik\u00e4, helppo asennus ja kest\u00e4v\u00e4 muotoilu tekev\u00e4t siit\u00e4 t\u00e4ydellisen valinnan sek\u00e4 yksityisiin ett\u00e4 kaupallisiin turvaratkaisuihin.<\/p>","protected":false},"excerpt":{"rendered":"<p>Ajax MotionProtect Outdoor on langaton liiketunnistin ulkok\u00e4ytt\u00f6\u00f6n, joka on suunniteltu suojaamaan tehokkaasti kotiasi tai yrityst\u00e4si.<\/p>\n<p>Edistyksellisen v\u00e4\u00e4r\u00e4n h\u00e4lytystekniikan, peitt\u00e4misen eston ja pitk\u00e4n, jopa 5 vuoden akunkeston ansiosta se tarjoaa luotettavan turvallisuuden ulkoalueille.<\/p>","protected":false},"featured_media":159005,"template":"","meta":{"_acf_changed":false},"product_brand":[],"product_cat":[3157,1319,3156],"product_tag":[3152,3127,2137,4863],"class_list":{"0":"post-81655","1":"product","2":"type-product","3":"status-publish","4":"has-post-thumbnail","6":"product_cat-utomhussakerhet","7":"product_cat-ajax-larm","8":"product_cat-rorelse-och-kamera","9":"product_tag-cr123-tillbehor","10":"product_tag-kontrollprodukt","11":"product_tag-lager-ajax","12":"product_tag-pf","13":"product_shipping_class-postnord-varubrev","14":"pa_brands-ajax-systems","15":"pa_color-vit","16":"pa_farg-vit","17":"tm-no-options","19":"first","20":"instock","21":"sale","22":"featured","23":"taxable","24":"shipping-taxable","25":"purchasable","26":"product-type-simple"},"acf":[],"_links":{"self":[{"href":"https:\/\/secureus.se\/fi\/wp-json\/wp\/v2\/product\/81655","targetHints":{"allow":["GET"]}}],"collection":[{"href":"https:\/\/secureus.se\/fi\/wp-json\/wp\/v2\/product"}],"about":[{"href":"https:\/\/secureus.se\/fi\/wp-json\/wp\/v2\/types\/product"}],"wp:featuredmedia":[{"embeddable":true,"href":"https:\/\/secureus.se\/fi\/wp-json\/wp\/v2\/media\/159005"}],"wp:attachment":[{"href":"https:\/\/secureus.se\/fi\/wp-json\/wp\/v2\/media?parent=81655"}],"wp:term":[{"taxonomy":"product_brand","embeddable":true,"href":"https:\/\/secureus.se\/fi\/wp-json\/wp\/v2\/product_brand?post=81655"},{"taxonomy":"product_cat","embeddable":true,"href":"https:\/\/secureus.se\/fi\/wp-json\/wp\/v2\/product_cat?post=81655"},{"taxonomy":"product_tag","embeddable":true,"href":"https:\/\/secureus.se\/fi\/wp-json\/wp\/v2\/product_tag?post=81655"}],"curies":[{"name":"wp","href":"https:\/\/api.w.org\/{rel}","templated":true}]}}