{"id":81767,"date":"2022-11-28T13:13:15","date_gmt":"2022-11-28T12:13:15","guid":{"rendered":"https:\/\/secureus.se\/produkt\/monteringsfaste-magnetkontakt-svart\/"},"modified":"2026-03-10T11:02:37","modified_gmt":"2026-03-10T10:02:37","slug":"ajax-smart-bracket-monteringsfaste-dorrsensor-magnetkontakt-2","status":"publish","type":"product","link":"https:\/\/secureus.se\/fi\/ajax-smart-bracket-monteringsfaste-dorrsensor-magnetkontakt-2\/","title":{"rendered":"Ajax Smart Bracket varaosa kiinnitysteline \/ lis\u00e4varuste ovianturi\/magneettikontakti musta"},"content":{"rendered":"<h3><strong>Ajax Smart Bracket Asennuskiinnike ovitunnistimelle ja magneettikontaktille<\/strong><\/h3>\n<p>Ajax Smart Bracket on tehokas ja k\u00e4ytt\u00e4j\u00e4yst\u00e4v\u00e4llinen asennusteline, joka on suunniteltu helpottamaan Ajax-ovianturien ja magneettikoskettimien asennusta.<\/p>\n<p>T\u00e4m\u00e4n kiinnitystelineen avulla anturit voidaan kiinnitt\u00e4\u00e4 nopeasti ja helposti pystypintoihin tai kulmiin, mik\u00e4 optimoi peiton ja varmistaa Ajax-turvaj\u00e4rjestelm\u00e4si luotettavan toiminnan.<\/p>\n<p><strong>Helppo asennus ja s\u00e4\u00e4t\u00f6<\/strong><\/p>\n<p>Smart Bracket -asennusteline tekee Ajax-ovianturien ja magneettikoskettimien asennuksesta nopeaa ja joustavaa.<\/p>\n<p>Asenna ilmaisin aloittamalla irrottamalla Smart Bracket -paneeli ilmaisimesta ja kiinnitt\u00e4m\u00e4ll\u00e4 se haluttuun pintaan kaksipuolisella teipill\u00e4 tai muilla v\u00e4liaikaisilla kiinnikkeill\u00e4.<\/p>\n<p>Suositeltu asennuskorkeus on 2,4 metri\u00e4, mik\u00e4 on optimaalinen korkeus anturien parhaan mahdollisen toiminnan varmistamiseksi.<\/p>\n<p>T\u00e4rke\u00e4 toiminto on mahdollisuus testata signaalin voimakkuutta ilmaisimen ja keskittimen v\u00e4lill\u00e4.<\/p>\n<p>Ajax-sovelluksen kautta voit suorittaa signaalinvoimakkuustestej\u00e4 varmistaaksesi, ett\u00e4 signaali on riitt\u00e4v\u00e4n vahva vakaata viestint\u00e4\u00e4 varten.<\/p>\n<p>Suositeltava signaalinvoimakkuus on kaksi tai kolme palkkia. Jos signaali on heikompi, pelkk\u00e4 laitteen vaihtaminen, jopa vain 20 cm, voi parantaa signaalin voimakkuutta merkitt\u00e4v\u00e4sti.<\/p>\n<p>Jos signaalin voimakkuus on edelleen alhainen tai ep\u00e4vakaa uudelleen sijoittamisen j\u00e4lkeen, on suositeltavaa k\u00e4ytt\u00e4\u00e4 ReX 2:ta, radiosignaalin kantaman laajennusta.<\/p>\n<p><strong>Havaintoalueiden s\u00e4\u00e4t\u00f6<\/strong><\/p>\n<p>Voit optimoida tunnistusalueen suorittamalla tunnistusvy\u00f6hyketestin.<\/p>\n<p>K\u00e4velem\u00e4ll\u00e4 ymp\u00e4ri huonetta ja tarkkailemalla LED-valoja, voit s\u00e4\u00e4t\u00e4\u00e4 anturin tunnistusaluetta varmistaaksesi, ett\u00e4 se reagoi liikkeeseen halutulla alueella.<\/p>\n<p>Ajax-ovianturien ja magneettikoskettimien tunnistuset\u00e4isyys on enint\u00e4\u00e4n 12 metri\u00e4, ja laitetta testaamalla ja s\u00e4\u00e4t\u00e4m\u00e4ll\u00e4 voit varmistaa, ett\u00e4 saat tarkan ja luotettavan liiketunnistuksen.<\/p>\n<p><strong>Suuri joustavuus ja yhteensopivuus<\/strong><\/p>\n<p>Smart Bracket on suunniteltu yhteensopivaksi kaikkien Ajax-ovianturien ja magneettikoskettimien kanssa.<\/p>\n<p>Asennuspaneelissa on my\u00f6s erityisi\u00e4 reiki\u00e4, joiden avulla yksikk\u00f6 voidaan ruuvata turvalliselle ja vakaalle pinnalle, ja jos k\u00e4yt\u00e4t muita kiinnikkeit\u00e4, varmista, ett\u00e4 ne eiv\u00e4t vahingoita tai v\u00e4\u00e4nn\u00e4 asennuspaneelia.<\/p>\n<p>Smart Bracket tekee asennuksesta joustavamman ja helpomman, mik\u00e4 on suuri etu, kun haluat asentaa antureita tiettyihin paikkoihin parhaan peiton ja tunnistuksen saavuttamiseksi.<\/p>\n<p><strong>Kest\u00e4v\u00e4 ja pitk\u00e4kestoinen toiminta<\/strong><\/p>\n<p>Ajax Smart Bracket on valmistettu kest\u00e4vist\u00e4 materiaaleista, jotka takaavat pitk\u00e4aikaisen k\u00e4yt\u00f6n.<\/p>\n<p>T\u00e4m\u00e4 tekee kannakkeesta ihanteellisen ratkaisun sek\u00e4 yksityisiin ett\u00e4 kaupallisiin turvaj\u00e4rjestelmiin, joissa vakaa ja luotettava asennus on v\u00e4ltt\u00e4m\u00e4t\u00f6nt\u00e4 turvallisuuden yll\u00e4pit\u00e4miseksi.<\/p>\n<p>Asennusteline on suunniteltu sis\u00e4k\u00e4ytt\u00f6\u00f6n ja se on helppo asentaa vaikuttamatta laitteen toimintaan tai turvallisuuteen.<\/p>\n<p><strong>Tekniset tiedot:<\/strong><\/p>\n<ul>\n<li><strong>Lis\u00e4varusteiden tyyppi:<\/strong> Asennusteline oviantureille ja magneettikoskettimille<\/li>\n<li><strong>Asennuskorkeus:<\/strong> Suositeltu 2,4 metri\u00e4<\/li>\n<li><strong>Asennusmenetelm\u00e4:<\/strong> Kiinnittyy pystysuoraan pintaan tai kulmiin<\/li>\n<li><strong>Materiaali:<\/strong> Kest\u00e4v\u00e4 ja s\u00e4\u00e4nkest\u00e4v\u00e4<\/li>\n<li><strong>Yhteensopivuus:<\/strong> Sopii Ajax-oviantureille ja magneettikoskettimille<\/li>\n<li><strong>Signaalin voimakkuustesti:<\/strong> Kyll\u00e4, Ajax-sovelluksella<\/li>\n<li><strong>Havaintoalueen s\u00e4\u00e4t\u00f6:<\/strong> Kyll\u00e4<\/li>\n<li><strong>Kiinnikkeet:<\/strong> Sis\u00e4lt\u00e4\u00e4 ruuvit ja mahdollisuuden k\u00e4ytt\u00e4\u00e4 muita kiinnikkeit\u00e4<\/li>\n<\/ul>\n<p><strong>Johtop\u00e4\u00e4t\u00f6s:<\/strong><\/p>\n<p>Ajax Smart Bracket on k\u00e4yt\u00e4nn\u00f6llinen ja joustava ratkaisu Ajax-ovianturien ja magneettikoskettimien asentamiseen.<\/p>\n<p>Helppo asennus, s\u00e4\u00e4dett\u00e4v\u00e4t ominaisuudet ja kest\u00e4v\u00e4 muotoilu tekev\u00e4t Smart Bracketista luotettavan tavan optimoida turvaj\u00e4rjestelm\u00e4si tarkan ja tehokkaan havaitsemisen varmistamiseksi.<\/p>\n<p>&nbsp;<\/p>\n<p>&nbsp;<\/p>","protected":false},"excerpt":{"rendered":"<p>Ajax Smart Bracket on kiinnitysteline, joka on suunniteltu Ajax-oviantureille ja magneettisille koskettimille.<\/p>\n<p>T\u00e4m\u00e4n k\u00e4yt\u00e4nn\u00f6llisen lis\u00e4varusteen avulla anturit on helppo asentaa ja s\u00e4\u00e4t\u00e4\u00e4 pystypinnoille tai kulmiin, mik\u00e4 varmistaa turvaj\u00e4rjestelm\u00e4si luotettavan ja vakaan toiminnan.<\/p>","protected":false},"featured_media":0,"template":"","meta":{"_acf_changed":false},"product_brand":[],"product_cat":[3128],"product_tag":[],"class_list":{"0":"post-81767","1":"product","2":"type-product","3":"status-publish","5":"product_cat-ajax-reservdelar-fasten","6":"product_shipping_class-postnord-varubrev","7":"pa_brands-ajax-systems","8":"pa_color-svart","9":"pa_farg-svart","10":"tm-no-options","12":"first","13":"instock","14":"sale","15":"featured","16":"taxable","17":"shipping-taxable","18":"purchasable","19":"product-type-simple"},"acf":[],"_links":{"self":[{"href":"https:\/\/secureus.se\/fi\/wp-json\/wp\/v2\/product\/81767","targetHints":{"allow":["GET"]}}],"collection":[{"href":"https:\/\/secureus.se\/fi\/wp-json\/wp\/v2\/product"}],"about":[{"href":"https:\/\/secureus.se\/fi\/wp-json\/wp\/v2\/types\/product"}],"wp:attachment":[{"href":"https:\/\/secureus.se\/fi\/wp-json\/wp\/v2\/media?parent=81767"}],"wp:term":[{"taxonomy":"product_brand","embeddable":true,"href":"https:\/\/secureus.se\/fi\/wp-json\/wp\/v2\/product_brand?post=81767"},{"taxonomy":"product_cat","embeddable":true,"href":"https:\/\/secureus.se\/fi\/wp-json\/wp\/v2\/product_cat?post=81767"},{"taxonomy":"product_tag","embeddable":true,"href":"https:\/\/secureus.se\/fi\/wp-json\/wp\/v2\/product_tag?post=81767"}],"curies":[{"name":"wp","href":"https:\/\/api.w.org\/{rel}","templated":true}]}}