{"id":81795,"date":"2022-11-28T11:19:38","date_gmt":"2022-11-28T10:19:38","guid":{"rendered":"https:\/\/secureus.se\/produkt\/batteri-li-ion-2ah-for-hub-hub2-hub-plus-rex-och-rex2\/"},"modified":"2026-03-10T11:00:45","modified_gmt":"2026-03-10T10:00:45","slug":"ajax-batteri-li-ion-2ah","status":"publish","type":"product","link":"https:\/\/secureus.se\/fi\/ajax-batteri-li-ion-2ah\/","title":{"rendered":"Ajax Battery Li ion 2Ah Hub, Hub 2, Hub Plus, ReX ja ReX2"},"content":{"rendered":"<h3>Ajax Battery Li-ion 2Ah Hubille, Hub 2:lle, Hub Plus:lle, ReX:lle ja ReX2:lle on t\u00e4rke\u00e4 osa turvaj\u00e4rjestelm\u00e4si pitk\u00e4aikaisen toiminnan ja luotettavuuden varmistamiseksi.<\/h3>\n<p>T\u00e4m\u00e4 2 Ah:n kapasiteetiltaan litiumioniakku on t\u00e4ydellinen ratkaisu pit\u00e4m\u00e4\u00e4n Ajax-laitteet k\u00e4ynniss\u00e4 ja est\u00e4m\u00e4\u00e4n katkokset odottamattomien s\u00e4hk\u00f6katkojen aikana.<\/p>\n<p>Ajax-h\u00e4lytysj\u00e4rjestelm\u00e4t on suunniteltu tarjoamaan korkealaatuista turvallisuutta kotillesi tai yrityksellesi, ja ne koostuvat laajasta valikoimasta langattomia laitteita, jotka voidaan helposti liitt\u00e4\u00e4 keskusohjauspaneeliin.<\/p>\n<p>Jotta j\u00e4rjestelm\u00e4 toimisi my\u00f6s s\u00e4hk\u00f6katkon sattuessa, on t\u00e4rke\u00e4\u00e4 k\u00e4ytt\u00e4\u00e4 luotettavaa akkua, ja Ajax Battery Li-ion 2Ah on suunniteltu vastaamaan t\u00e4h\u00e4n tarpeeseen.<\/p>\n<p>T\u00e4m\u00e4 akku on yhteensopiva useiden Ajax-laitteiden kanssa, mukaan lukien Hub, Hub 2, Hub Plus, ReX ja ReX2.<\/p>\n<p>Olipa sinulla p\u00e4\u00e4ohjauspaneeli (Hub) tai signaalitoistin (ReX), voit olla varma, ett\u00e4 t\u00e4m\u00e4 akku pit\u00e4\u00e4 turvaj\u00e4rjestelm\u00e4si k\u00e4ynniss\u00e4 silloin, kun sit\u00e4 eniten tarvitaan.<\/p>\n<p>Yksi Ajax Battery Li-ion 2Ah:n suurimmista eduista on sen pitk\u00e4 k\u00e4ytt\u00f6ik\u00e4.<\/p>\n<p>Litiumioniakut tunnetaan kest\u00e4vyydest\u00e4\u00e4n ja alhaisesta itsepurkautumisestaan, mik\u00e4 tarkoittaa, ett\u00e4 t\u00e4m\u00e4 akku toimii vuosia ilman, ett\u00e4 sit\u00e4 tarvitsee vaihtaa.<\/p>\n<p>Yksikk\u00f6 on my\u00f6s suunniteltu helposti asennettavaksi, mik\u00e4 tarkoittaa, ett\u00e4 voit vaihtaa akun nopeasti ja ilman ongelmia, mik\u00e4 johtaa minimaaliseen seisokkiin.<\/p>\n<p>Ajax Battery Li-ion 2Ah on varustettu edistyneill\u00e4 energianhallinta- ja turvallisuusominaisuuksilla varmistaaksesi, ett\u00e4 akku on aina hyv\u00e4ss\u00e4 kunnossa ja ett\u00e4 j\u00e4rjestelm\u00e4si toimii niin kuin pit\u00e4\u00e4.<\/p>\n<p>Se on yhteensopiva Ajaxin Jeweller- ja Wing-viestint\u00e4protokollan kanssa, mink\u00e4 ansiosta se voi kommunikoida tehokkaasti muiden laitteiden kanssa ja varmistaa, ettei viestint\u00e4ongelmia ole.<\/p>\n<p>Ajax Battery Li-ion 2Ah:n k\u00e4ytt\u00f6l\u00e4mp\u00f6tila on -10\u00b0C - +40\u00b0C ja korkeatasoinen suoja vaurioita ja ylikuumenemista vastaan, joten se on kest\u00e4v\u00e4 ja luotettava valinta turvaj\u00e4rjestelm\u00e4n pit\u00e4miseen toiminnassa s\u00e4\u00e4olosuhteista riippumatta.<\/p>\n<p><strong>Ajax Battery Li-ion 2Ah:n edut:<\/strong><\/p>\n<ul>\n<li>Pitk\u00e4 akunkesto ja kest\u00e4v\u00e4 suorituskyky.<\/li>\n<li>Yhteensopiva Ajax Hub, Hub 2, Hub Plus, ReX ja ReX2 kanssa.<\/li>\n<li>Helppo asennus ja vaihto ilman ammattiapua.<\/li>\n<li>Litiumioniteknologia tarjoaa pitk\u00e4n k\u00e4ytt\u00f6i\u00e4n ja alhaisen itsepurkauksen.<\/li>\n<li>Turvallinen ja luotettava virransy\u00f6tt\u00f6 my\u00f6s s\u00e4hk\u00f6katkojen aikana.<\/li>\n<li>Yhteensopiva Ajaxin Jeweller- ja Wing-protokollien kanssa tehokkaan viestinn\u00e4n takaamiseksi.<\/li>\n<li>Vankka rakenne, joka toimii eri l\u00e4mp\u00f6tiloissa.<\/li>\n<\/ul>\n<p><strong>Tekniset tiedot:<\/strong><\/p>\n<ul>\n<li>Akun tyyppi: Li-ion<\/li>\n<li>Kapasiteetti: 2Ah<\/li>\n<li>Yhteensopivuus: Hub, Hub 2, Hub Plus, ReX, ReX2<\/li>\n<li>Latausaika: Nopea ja tehokas lataus<\/li>\n<li>K\u00e4ytt\u00f6l\u00e4mp\u00f6tila: -10\u00b0C - +40\u00b0C<\/li>\n<li>Asennustapa: Helppo asentaa ja vaihtaa<\/li>\n<\/ul>","protected":false},"excerpt":{"rendered":"<p>Ajax Battery Li-ion 2Ah for Hub, Hub 2, Hub Plus, ReX ja ReX2 on korkealaatuinen akku, joka tarjoaa turvallisen ja pitk\u00e4kestoisen virransy\u00f6t\u00f6n turvalaitteillesi.<\/p>\n<p>T\u00e4m\u00e4 akku varmistaa, ett\u00e4 Ajax-j\u00e4rjestelm\u00e4si on aina toiminnassa, my\u00f6s s\u00e4hk\u00f6katkon sattuessa.<\/p>","protected":false},"featured_media":0,"template":"","meta":{"_acf_changed":false},"product_brand":[],"product_cat":[3128,1862],"product_tag":[],"class_list":{"0":"post-81795","1":"product","2":"type-product","3":"status-publish","5":"product_cat-ajax-reservdelar-fasten","6":"product_cat-batterier-knappcell","7":"product_shipping_class-postnord-varubrev","8":"pa_brands-ajax-systems","9":"pa_color-vit","10":"pa_farg-vit","11":"tm-no-options","13":"first","14":"instock","15":"sale","16":"featured","17":"taxable","18":"shipping-taxable","19":"purchasable","20":"product-type-simple"},"acf":[],"_links":{"self":[{"href":"https:\/\/secureus.se\/fi\/wp-json\/wp\/v2\/product\/81795","targetHints":{"allow":["GET"]}}],"collection":[{"href":"https:\/\/secureus.se\/fi\/wp-json\/wp\/v2\/product"}],"about":[{"href":"https:\/\/secureus.se\/fi\/wp-json\/wp\/v2\/types\/product"}],"wp:attachment":[{"href":"https:\/\/secureus.se\/fi\/wp-json\/wp\/v2\/media?parent=81795"}],"wp:term":[{"taxonomy":"product_brand","embeddable":true,"href":"https:\/\/secureus.se\/fi\/wp-json\/wp\/v2\/product_brand?post=81795"},{"taxonomy":"product_cat","embeddable":true,"href":"https:\/\/secureus.se\/fi\/wp-json\/wp\/v2\/product_cat?post=81795"},{"taxonomy":"product_tag","embeddable":true,"href":"https:\/\/secureus.se\/fi\/wp-json\/wp\/v2\/product_tag?post=81795"}],"curies":[{"name":"wp","href":"https:\/\/api.w.org\/{rel}","templated":true}]}}