{"id":81891,"date":"2022-11-28T12:05:57","date_gmt":"2022-11-28T11:05:57","guid":{"rendered":"https:\/\/secureus.se\/produkt\/ajax-leaksprotect-svart-vattendetektor-tradlos-svart\/"},"modified":"2026-03-31T14:52:14","modified_gmt":"2026-03-31T12:52:14","slug":"ajax-leaksprotect-vattendetektor-svart","status":"publish","type":"product","link":"https:\/\/secureus.se\/fi\/ajax-leaksprotect-vattendetektor-svart\/","title":{"rendered":"Langaton Ajax LeaksProtect vedenilmaisin musta"},"content":{"rendered":"<div class=\"flex-1 overflow-hidden\">\n<div class=\"react-scroll-to-bottom--css-yguva-79elbk h-full\">\n<div class=\"react-scroll-to-bottom--css-yguva-1n7m0yu\">\n<div class=\"flex flex-col pb-9 text-sm\">\n<div class=\"w-full text-token-text-primary\" data-testid=\"conversation-turn-39\">\n<div class=\"px-4 py-2 justify-center text-base md:gap-6 m-auto\">\n<div class=\"flex flex-1 text-base mx-auto gap-3 md:px-5 lg:px-1 xl:px-5 md:max-w-3xl lg:max-w-[40rem] xl:max-w-[48rem] } group final-completion\">\n<div class=\"relative flex w-full flex-col lg:w-[calc(100%-115px)] agent-turn\">\n<div class=\"flex-col gap-1 md:gap-3\">\n<div class=\"flex flex-grow flex-col max-w-full\">\n<div class=\"min-h-[20px] text-message flex flex-col items-start gap-3 whitespace-pre-wrap break-words [.text-message+&amp;]:mt-5 overflow-x-auto\" data-message-author-role=\"assistant\" data-message-id=\"7199d9fa-847e-4ea2-8ab5-a13f01ced4a6\">\n<div class=\"markdown prose w-full break-words dark:prose-invert light\">\n<h3><strong>Ajax LeaksProtect \u2013 Tr\u00e5dl\u00f6s Vattendetektor f\u00f6r \u00d6versv\u00e4mning<\/strong><\/h3>\n<p>Ajax LeaksProtect \u00e4r en avancerad och p\u00e5litlig tr\u00e5dl\u00f6s vattendetektor som \u00e4r utformad f\u00f6r att skydda ditt hem eller f\u00f6retag mot de allvarliga skador som orsakas av vattenl\u00e4ckor.<\/p>\n<p>Med innovativ teknologi och h\u00f6gkvalitativa funktioner s\u00e4kerst\u00e4ller denna detektor att du snabbt f\u00e5r information om eventuella l\u00e4ckage innan de orsakar stora skador.<\/p>\n<p><strong>Snabb Detektion och Larm:<\/strong> LeaksProtect reagerar omedelbart vid f\u00f6rsta tecknen p\u00e5 l\u00e4ckage och aktiverar ett larm f\u00f6r att informera anv\u00e4ndaren och s\u00e4kerhetsf\u00f6retaget om problemet.<\/p>\n<p>Den snabba detektionen g\u00f6r det m\u00f6jligt f\u00f6r dig att vidta \u00e5tg\u00e4rder i r\u00e4tt tid och minimera eventuella skador p\u00e5 egendom.<\/p>\n<p><strong>Kompakt och Diskret Design:<\/strong> Med en h\u00f6jd p\u00e5 endast 14 mm \u00e4r LeaksProtect otroligt diskret och kan placeras p\u00e5 n\u00e4stan vilken yta som helst.<\/p>\n<p>Detta g\u00f6r att den kan installeras p\u00e5 sv\u00e5r\u00e5tkomliga platser som under vasken, n\u00e4ra f\u00f6nster, vid r\u00f6r eller under vitvaror d\u00e4r l\u00e4ckage kan intr\u00e4ffa.<\/p>\n<p><strong>Innovativ Teknologi f\u00f6r P\u00e5litlighet:<\/strong> Detektorn \u00e4r utrustad med fyra par vattenk\u00e4nsliga kontakter som t\u00e4cker hela enhetens yta.<\/p>\n<p>S\u00e5 snart en av kontaktparterna kommer i kontakt med vatten, larmar enheten och skickar en signal till Ajax hubben. Detta g\u00f6r det m\u00f6jligt f\u00f6r systemet att snabbt identifiera och \u00e5tg\u00e4rda l\u00e4ckor.<\/p>\n<p><strong>L\u00e5ng Batteritid och Enkel Installation:<\/strong> LeaksProtect \u00e4r designad f\u00f6r att vara b\u00e5de effektiv och l\u00e5ngvarig.<\/p>\n<p>Den anv\u00e4nder tv\u00e5 AAA-batterier och har en batteritid p\u00e5 upp till 5 \u00e5r.<\/p>\n<p>Installationen \u00e4r enkel och kr\u00e4ver ingen komplicerad monteringsprocess \u2013 placera den bara p\u00e5 en horisontell yta d\u00e4r risk f\u00f6r l\u00e4ckage kan uppst\u00e5 och den \u00e4r redo att anv\u00e4ndas.<\/p>\n<p><strong>IP65 Klassificering:<\/strong> Med sin IP65-skyddsklass \u00e4r LeaksProtect b\u00e5de damm- och vattent\u00e5lig, vilket g\u00f6r den l\u00e4mplig f\u00f6r anv\u00e4ndning b\u00e5de inomhus och utomhus.<\/p>\n<p><strong>Automatiserad Vattenavst\u00e4ngning:<\/strong> N\u00e4r LeaksProtect \u00e4r ansluten till en WaterStop-enhet, kan systemet automatiskt st\u00e4nga av vattentillf\u00f6rseln vid detekterade l\u00e4ckor.<\/p>\n<p>Detta f\u00f6rebygger potentiella \u00f6versv\u00e4mningar och vattenskador, vilket ger ett extra lager av s\u00e4kerhet och trygghet.<\/p>\n<p><strong>Fj\u00e4rr\u00f6vervakning via Ajax App:<\/strong> Liksom andra Ajax-enheter \u00e4r LeaksProtect fullt integrerad i Ajax-ekosystemet, vilket inneb\u00e4r att du kan \u00f6vervaka och kontrollera detektorn via Ajax-appen p\u00e5 din smartphone.<\/p>\n<p>Du f\u00e5r push-notifikationer vid larm och kan snabbt agera f\u00f6r att f\u00f6rhindra skador.<\/p>\n<p><strong>F\u00f6rdelar:<\/strong><\/p>\n<ul>\n<li><strong>Snabb och effektiv vattenl\u00e4ckagedetektering<\/strong> f\u00f6r att minimera skador.<\/li>\n<li><strong>L\u00e5ng batteritid<\/strong> p\u00e5 upp till 5 \u00e5r f\u00f6r p\u00e5litlig drift utan kontinuerligt underh\u00e5ll.<\/li>\n<li><strong>Kompakt design<\/strong> som g\u00f6r det enkelt att installera i sv\u00e5r\u00e5tkomliga omr\u00e5den.<\/li>\n<li><strong>IP65 skydd<\/strong> f\u00f6r anv\u00e4ndning b\u00e5de inomhus och utomhus.<\/li>\n<li><strong>Automatisk vattenavst\u00e4ngning<\/strong> genom integration med WaterStop f\u00f6r att f\u00f6rhindra ytterligare skador.<\/li>\n<li><strong>Fj\u00e4rrstyrning och \u00f6vervakning<\/strong> via Ajax app f\u00f6r konstant kontroll.<\/li>\n<\/ul>\n<p><strong>Tekniska specifikationer:<\/strong><\/p>\n<ul>\n<li><strong>Batteritid:<\/strong> Upp till 5 \u00e5r.<\/li>\n<li><strong>Kommunikationsomr\u00e5de:<\/strong> Upp till 1300 m (i fri terr\u00e4ng).<\/li>\n<li><strong>Skyddsklass:<\/strong> IP65 (dammt\u00e5lig och vattent\u00e5lig).<\/li>\n<li><strong>Installationss\u00e4tt:<\/strong> Placeras p\u00e5 en horisontell yta.<\/li>\n<li><strong>Str\u00f6mf\u00f6rs\u00f6rjning:<\/strong> 2 x AAA-batterier.<\/li>\n<li><strong>M\u00e5tt:<\/strong> 56 \u00d7 56 \u00d7 14 mm.<\/li>\n<li><strong>Vikt:<\/strong> 40 g.<\/li>\n<\/ul>\n<p>Skydda ditt hem eller f\u00f6retag mot vattenskador med Ajax LeaksProtect.<\/p>\n<p>Dess snabba detektion, p\u00e5litliga kommunikation och l\u00e5ngvariga batteritid g\u00f6r den till en oumb\u00e4rlig del av ditt s\u00e4kerhetssystem.<\/p>\n<p>&nbsp;<\/p>\n<\/div>\n<\/div>\n<\/div>\n<\/div>\n<\/div>\n<\/div>\n<\/div>\n<\/div>\n<\/div>\n<\/div>\n<\/div>\n<\/div>\n","protected":false},"excerpt":{"rendered":"<p>Ajax LeaksProtect on langaton tulvailmaisin, joka havaitsee nopeasti vesivuodot ja varoittaa k\u00e4ytt\u00e4ji\u00e4 h\u00e4lytyksell\u00e4.<\/p>\n<p>Se integroituu Ajax-j\u00e4rjestelm\u00e4\u00e4si ja auttaa suojaamaan kotiasi tai yrityst\u00e4si mahdollisilta vesivahingoilta.<\/p>","protected":false},"featured_media":155450,"template":"","meta":{"_acf_changed":false},"product_brand":[],"product_cat":[3158,1319],"product_tag":[3127,4863],"class_list":{"0":"post-81891","1":"product","2":"type-product","3":"status-publish","4":"has-post-thumbnail","6":"product_cat-vattenlarm-och-fuktlarm","7":"product_cat-ajax-larm","8":"product_tag-kontrollprodukt","9":"product_tag-pf","10":"product_shipping_class-tunga-paket","11":"pa_brands-ajax-systems","12":"pa_color-svart","13":"pa_farg-svart","14":"tm-no-options","16":"first","17":"instock","18":"sale","19":"featured","20":"taxable","21":"shipping-taxable","22":"purchasable","23":"product-type-simple"},"acf":[],"_links":{"self":[{"href":"https:\/\/secureus.se\/fi\/wp-json\/wp\/v2\/product\/81891","targetHints":{"allow":["GET"]}}],"collection":[{"href":"https:\/\/secureus.se\/fi\/wp-json\/wp\/v2\/product"}],"about":[{"href":"https:\/\/secureus.se\/fi\/wp-json\/wp\/v2\/types\/product"}],"wp:featuredmedia":[{"embeddable":true,"href":"https:\/\/secureus.se\/fi\/wp-json\/wp\/v2\/media\/155450"}],"wp:attachment":[{"href":"https:\/\/secureus.se\/fi\/wp-json\/wp\/v2\/media?parent=81891"}],"wp:term":[{"taxonomy":"product_brand","embeddable":true,"href":"https:\/\/secureus.se\/fi\/wp-json\/wp\/v2\/product_brand?post=81891"},{"taxonomy":"product_cat","embeddable":true,"href":"https:\/\/secureus.se\/fi\/wp-json\/wp\/v2\/product_cat?post=81891"},{"taxonomy":"product_tag","embeddable":true,"href":"https:\/\/secureus.se\/fi\/wp-json\/wp\/v2\/product_tag?post=81891"}],"curies":[{"name":"wp","href":"https:\/\/api.w.org\/{rel}","templated":true}]}}