{"id":81914,"date":"2022-11-28T11:22:01","date_gmt":"2022-11-28T10:22:01","guid":{"rendered":"https:\/\/secureus.se\/produkt\/ajax-keypad-plus-svart-manoverpanel-plus-rfid-desfire-tradlos\/"},"modified":"2026-04-17T09:19:49","modified_gmt":"2026-04-17T07:19:49","slug":"ajax-keypad-plus-desfire-svart","status":"publish","type":"product","link":"https:\/\/secureus.se\/fi\/ajax-keypad-plus-desfire-svart\/","title":{"rendered":"Ajax KeyPad Plus Ohjauspaneeli Plus DESFire Black - Sis\u00e4\u00e4nrakennettu RFID-lukija"},"content":{"rendered":"<h3>Ajax KeyPad Plus on \u00e4\u00e4rimm\u00e4inen tietoturvan hallintaratkaisu, jonka avulla k\u00e4ytt\u00e4j\u00e4t voivat helposti ja turvallisesti viritt\u00e4\u00e4 tai poistaa j\u00e4rjestelm\u00e4n, hallita tiettyj\u00e4 ryhmi\u00e4 ja ottaa k\u00e4ytt\u00f6\u00f6n y\u00f6tilan kontaktittoman k\u00e4yt\u00f6n kautta.<\/h3>\n<p>Se on varustettu uusimmalla DESFire\u00ae-tekniikalla, joka k\u00e4ytt\u00e4\u00e4 128-bittist\u00e4 salausta est\u00e4\u00e4kseen luvattoman k\u00e4yt\u00f6n ja varmistaakseen, ett\u00e4 tietoturvaasi ei voida peukaloida.<\/p>\n<p><strong>Ominaisuudet ja toiminnot:<\/strong><\/p>\n<ol>\n<li><strong>Kontaktiton p\u00e4\u00e4sy RFID:ll\u00e4:<\/strong><br \/>\nKeyPad Plus k\u00e4ytt\u00e4\u00e4 RFID DESFire -tekniikkaa kosketuksettomaan tunnistamiseen p\u00e4\u00e4sykorteilla tai avaimenper\u00e4ll\u00e4. T\u00e4m\u00e4 tekniikka perustuu ISO 14443 -standardiin, ja siin\u00e4 yhdistyv\u00e4t korkea turvallisuus ja helppok\u00e4ytt\u00f6isyys. Pit\u00e4m\u00e4ll\u00e4 korttia tai avaimenper\u00e4\u00e4 lukijaa vasten k\u00e4ytt\u00e4j\u00e4t voivat nopeasti ja helposti kytke\u00e4 j\u00e4rjestelm\u00e4n p\u00e4\u00e4lle tai pois p\u00e4\u00e4lt\u00e4 ilman koodia.<\/li>\n<li><strong>Pitk\u00e4 akunkesto ja helppo asennus:<\/strong><br \/>\nJopa 4,5 vuoden akun k\u00e4ytt\u00f6i\u00e4n ja helpon QR-koodin avulla asennettavan KeyPad Plussan ansiosta se on t\u00e4ydellinen k\u00e4ytett\u00e4v\u00e4ksi sek\u00e4 kotona ett\u00e4 liiketoiminnassa. Asennus on nopeaa eik\u00e4 vaadi monimutkaisia vaiheita. Se on my\u00f6s yhteensopiva Ajax Hub 2:n, Hub 2 Plus:n ja Hub Hybridin kanssa.<\/li>\n<li><strong>Mukautetut suojausasetukset:<\/strong><br \/>\nKeyPad Plusin avulla j\u00e4rjestelm\u00e4nvalvoja voi luoda henkil\u00f6kohtaisia koodeja ja m\u00e4\u00e4ritt\u00e4\u00e4 p\u00e4\u00e4syn tietyille k\u00e4ytt\u00e4jille Ajax-sovelluksen kautta. T\u00e4m\u00e4n ansiosta sek\u00e4 pysyvien ett\u00e4 tilap\u00e4isten k\u00e4ytt\u00e4jien k\u00e4ytt\u00f6oikeuksia on helppo hallita. K\u00e4ytt\u00e4ji\u00e4 voidaan helposti poistaa tai rajoittaa heid\u00e4n k\u00e4ytt\u00f6oikeuksiaan ja kaikki muutokset kirjataan j\u00e4rjestelm\u00e4n tapahtumalokiin.<\/li>\n<li><strong>Turvallisuus ja sabotaasi:<\/strong><br \/>\nKeyPad Plus on varustettu sis\u00e4\u00e4nrakennetulla peukalointi- ja peitosuojauksella. Jos joku yritt\u00e4\u00e4 peukaloida laitetta, se laukaisee h\u00e4lytyksen ja varmistaa, ett\u00e4 kaikki luvattomat irrotus- tai peukalointiyritykset havaitaan v\u00e4litt\u00f6m\u00e4sti.<\/li>\n<li><strong>Joustava k\u00e4ytt\u00f6 useilla k\u00e4ytt\u00e4j\u00e4koodeilla:<\/strong><br \/>\nSe tukee jopa 200 p\u00e4\u00e4sykorttia tai avaimenper\u00e4\u00e4 ja jopa 99 k\u00e4ytt\u00e4j\u00e4koodia, mik\u00e4 tekee siit\u00e4 ihanteellisen sek\u00e4 pieniin ett\u00e4 suuriin tiloihin. Turvallisuuden lis\u00e4\u00e4miseksi h\u00e4t\u00e4koodilla voidaan kytke\u00e4 j\u00e4rjestelm\u00e4 \u00e4\u00e4nett\u00f6m\u00e4sti pois p\u00e4\u00e4lt\u00e4 paljastamatta k\u00e4ytt\u00e4j\u00e4n henkil\u00f6llisyytt\u00e4.<\/li>\n<li><strong>Hiljainen h\u00e4lytys ja kaksisuuntainen viestint\u00e4:<\/strong><br \/>\nKeyPad Plus mahdollistaa tarvittaessa \u00e4\u00e4nett\u00f6m\u00e4n h\u00e4lytyksen aktivoinnin, jolloin h\u00e4lytin voidaan kytke\u00e4 pois p\u00e4\u00e4lt\u00e4 h\u00e4lytt\u00e4m\u00e4tt\u00e4 tunkeilijaa. Kaikki h\u00e4lytykset ja muutokset kirjataan j\u00e4rjestelm\u00e4n tapahtumalokiin ja niit\u00e4 voidaan seurata Ajax-sovelluksen kautta. Viestint\u00e4 laitteen ja keskittimen v\u00e4lill\u00e4 tapahtuu suojatun Jeweller-protokollan kautta, joka varmistaa, ett\u00e4 kaikki tiedonsiirrot ovat salattuja ja suojattuja hakkerointia vastaan.<\/li>\n<\/ol>\n<p><strong>Tekniset tiedot:<\/strong><\/p>\n<ul>\n<li><strong>Yhteensopivuus:<\/strong> Hub 2, Hub 2 Plus, Hub Hybrid, Hub Plus<\/li>\n<li><strong>Virtal\u00e4hde:<\/strong> 4 x AA-litiumparistoa, jopa 4,5 vuoden akun k\u00e4ytt\u00f6ik\u00e4<\/li>\n<li><strong>L\u00e4mp\u00f6tila-alue:<\/strong> -10\u00b0C - +40\u00b0C<\/li>\n<li><strong>Viestint\u00e4:<\/strong> Jeweller radioprotokolla, jopa 1700 metrin kantama ilman esteit\u00e4<\/li>\n<li><strong>Suojaus:<\/strong> Sabotaasin esto ja todennus luvatonta k\u00e4ytt\u00f6\u00e4 vastaan<\/li>\n<li><strong>Mitata:<\/strong> 165 \u00d7 113 \u00d7 20 mm<\/li>\n<li><strong>Paino:<\/strong> 267 g<\/li>\n<li><strong>Sertifiointi:<\/strong> EN 50131, CE-sertifioitu<\/li>\n<li><strong>Ominaisuudet:<\/strong> H\u00e4lytysohjaus, y\u00f6tila, kaksisuuntainen tiedonsiirto, p\u00e4\u00e4sykortti ja avaimenper\u00e4<\/li>\n<\/ul>","protected":false},"excerpt":{"rendered":"<p>Ajax KeyPad Plus on langaton ohjauspaneeli, jossa on RFID DESFire -lukija h\u00e4lytyksen helppoon ja turvalliseen hallintaan.<\/p>\n<p>Se tarjoaa kontaktittoman p\u00e4\u00e4syn p\u00e4\u00e4sykorttien ja avaimenper\u00e4n kautta korkeimpaan suojaustasoon kehittyneen salaustekniikan ansiosta.<\/p>\n<p>T\u00e4ydellinen sek\u00e4 kotiin ett\u00e4 yritykseen.<\/p>","protected":false},"featured_media":156276,"template":"","meta":{"_acf_changed":false},"product_brand":[],"product_cat":[3164],"product_tag":[3127,4863],"class_list":{"0":"post-81914","1":"product","2":"type-product","3":"status-publish","4":"has-post-thumbnail","6":"product_cat-larmstyrning","7":"product_tag-kontrollprodukt","8":"product_tag-pf","9":"pa_brands-ajax-systems","10":"pa_color-svart","11":"pa_farg-svart","12":"tm-no-options","14":"first","15":"instock","16":"sale","17":"featured","18":"taxable","19":"shipping-taxable","20":"purchasable","21":"product-type-simple"},"acf":[],"_links":{"self":[{"href":"https:\/\/secureus.se\/fi\/wp-json\/wp\/v2\/product\/81914","targetHints":{"allow":["GET"]}}],"collection":[{"href":"https:\/\/secureus.se\/fi\/wp-json\/wp\/v2\/product"}],"about":[{"href":"https:\/\/secureus.se\/fi\/wp-json\/wp\/v2\/types\/product"}],"wp:featuredmedia":[{"embeddable":true,"href":"https:\/\/secureus.se\/fi\/wp-json\/wp\/v2\/media\/156276"}],"wp:attachment":[{"href":"https:\/\/secureus.se\/fi\/wp-json\/wp\/v2\/media?parent=81914"}],"wp:term":[{"taxonomy":"product_brand","embeddable":true,"href":"https:\/\/secureus.se\/fi\/wp-json\/wp\/v2\/product_brand?post=81914"},{"taxonomy":"product_cat","embeddable":true,"href":"https:\/\/secureus.se\/fi\/wp-json\/wp\/v2\/product_cat?post=81914"},{"taxonomy":"product_tag","embeddable":true,"href":"https:\/\/secureus.se\/fi\/wp-json\/wp\/v2\/product_tag?post=81914"}],"curies":[{"name":"wp","href":"https:\/\/api.w.org\/{rel}","templated":true}]}}