{"id":81922,"date":"2022-11-28T11:21:45","date_gmt":"2022-11-28T10:21:45","guid":{"rendered":"https:\/\/secureus.se\/produkt\/ajax-socket-vit-smart-plug-230v-2500kw-tradlos\/"},"modified":"2026-04-02T10:43:51","modified_gmt":"2026-04-02T08:43:51","slug":"ajax-smart-socket-plug-230v-2500kw-vit","status":"publish","type":"product","link":"https:\/\/secureus.se\/fi\/ajax-smart-socket-plug-230v-2500kw-vit\/","title":{"rendered":"Ajax-pistorasia - \u00c4lypistoke - 230V - Valkoinen"},"content":{"rendered":"<h3>Ajax Smart Socket on edistyksellinen langaton \u00e4lypistoke, jonka avulla voit kauko-ohjata ja valvoa s\u00e4hk\u00f6laitteita Ajax-turvaj\u00e4rjestelm\u00e4n kautta.<\/h3>\n<p>Se on suunniteltu kytkem\u00e4\u00e4n ja ohjaamaan s\u00e4hk\u00f6laitteita, joiden kokonaiskuorma on jopa 2500 W, joten se on ihanteellinen koti- ja toimistok\u00e4ytt\u00f6\u00f6n.<\/p>\n<p>T\u00e4m\u00e4 \u00e4lyk\u00e4s pistoke ei ole vain ty\u00f6kalu s\u00e4hk\u00f6laitteiden k\u00e4yt\u00f6n ohjaamiseen, vaan my\u00f6s energiankulutuksen optimointiin ja v\u00e4hent\u00e4miseen.<\/p>\n<p>Sis\u00e4\u00e4nrakennetun energiamittarin avulla k\u00e4ytt\u00e4j\u00e4 saa yksityiskohtaista tietoa kunkin liitetyn laitteen virrankulutuksesta, mik\u00e4 helpottaa virtaa kuluttavien laitteiden tunnistamista ja s\u00e4\u00e4st\u00e4\u00e4 energiakustannuksissa.<\/p>\n<p>Ajax Smart Socketilla voit esimerkiksi kauko-ohjata laitteita, kuten l\u00e4mmityst\u00e4 tai ilmastointia ennen kotiin tuloa, tai automatisoida valaistuksen, s\u00e4hk\u00f6tt\u00f6mien laitteiden tai turvatoimintojen toimintaa.<\/p>\n<p>K\u00e4ytt\u00f6mukavuuden lis\u00e4ksi t\u00e4m\u00e4 \u00e4lyk\u00e4s pistoke suojaa palovaaroilta sammuttamalla vaaralliset laitteet, kuten silitysraudat tai l\u00e4mmityselementit, kun poistut kotoa.<\/p>\n<p>Ainutlaatuinen ominaisuus on Ajax Smart Socketin v\u00e4ri\u00e4 vaihtava LED, joka antaa reaaliaikaista n\u00e4kyv\u00e4\u00e4 palautetta laitteen virrankulutuksesta.<\/p>\n<p>Kun laite kuluttaa paljon s\u00e4hk\u00f6\u00e4, LED-valon v\u00e4ri vaihtuu tarjotakseen nopean visuaalisen osoituksen korkeasta kulutuksesta.<\/p>\n<p>Toinen t\u00e4rke\u00e4 ominaisuus on sen vahva suojaus. Ajax Smart Socketissa on lapsiturvallinen kansi, joka est\u00e4\u00e4 pienten esineiden joutumisen pistorasiaan, ja se suojaa my\u00f6s p\u00f6lylt\u00e4 ja nesteilt\u00e4.<\/p>\n<p>Ylikuumenemissuoja (85\u00b0C asti) v\u00e4hent\u00e4\u00e4 ylikuumenemisen ja tulipalon vaaraa.<\/p>\n<p><strong>Ominaisuudet:<\/strong><\/p>\n<ul>\n<li><strong>Kaukos\u00e4\u00e4din<\/strong>: Ohjaa s\u00e4hk\u00f6laitteita \u00e4lypuhelimellasi Ajax-sovelluksen kautta.<\/li>\n<li><strong>Energian mittaus<\/strong>: Tarkkaile jokaisen liitetyn laitteen virrankulutusta ja tunnista energiankuluttajat.<\/li>\n<li><strong>Automaatio<\/strong>: Luo \u00e4lykk\u00e4it\u00e4 skenaarioita, jotka sammuttavat laitteet automaattisesti, kun et ole kotona.<\/li>\n<li><strong>Suojausominaisuudet<\/strong>: Lastensuojelu, ylikuumenemissuoja ja salattu viestint\u00e4.<\/li>\n<li><strong>LED-n\u00e4ytt\u00f6<\/strong>: V\u00e4ri\u00e4 vaihtava LED ilmoittaa suuresta virrankulutuksesta.<\/li>\n<\/ul>\n<p><strong>Tekniset tiedot:<\/strong><\/p>\n<ul>\n<li><strong>Max kuormitus<\/strong>: Jopa 2500W<\/li>\n<li><strong>J\u00e4nnitealue<\/strong>: 110\u2013230 V~ \u00b1 10%; 50\/60 Hz<\/li>\n<li><strong>Virrankulutus<\/strong>: \u2264 1W<\/li>\n<li><strong>Maksimivirtasuojaus<\/strong>: 11 A (suojaus k\u00e4yt\u00f6ss\u00e4), 13 A (suojaus ei k\u00e4yt\u00f6ss\u00e4)<\/li>\n<li><strong>Suojaus ylikuumenemiselta<\/strong>: +85\u00b0C<\/li>\n<li><strong>IP-suojausluokka<\/strong>: IP20<\/li>\n<li><strong>Viestint\u00e4<\/strong>: Jeweller-radiotekniikka, kantama jopa 1100 m<\/li>\n<li><strong>Akun kesto<\/strong>: Ei mit\u00e4\u00e4n (virta pistorasiasta)<\/li>\n<li><strong>Mitata<\/strong>: 65,5 \u00d7 45 \u00d7 45 mm<\/li>\n<li><strong>Paino<\/strong>: 58 g<\/li>\n<\/ul>","protected":false},"excerpt":{"rendered":"<p>Ajax Smart Socket on \u00e4lyk\u00e4s 230 voltin pistorasia, jonka kuormitus on jopa 2500 W.<\/p>\n<p>Et\u00e4ohjaa s\u00e4hk\u00f6laitteita Ajax-sovelluksella, seuraa virrankulutusta ja automatisoi turvaj\u00e4rjestelm\u00e4si.<\/p>\n<p>Turvallinen ja yksinkertainen ratkaisu energian ja turvallisuuden optimointiin.<\/p>","protected":false},"featured_media":155623,"template":"","meta":{"_acf_changed":false},"product_brand":[],"product_cat":[3169,1319],"product_tag":[3127,2137,4863],"class_list":{"0":"post-81922","1":"product","2":"type-product","3":"status-publish","4":"has-post-thumbnail","6":"product_cat-automation","7":"product_cat-ajax-larm","8":"product_tag-kontrollprodukt","9":"product_tag-lager-ajax","10":"product_tag-pf","11":"product_shipping_class-postnord-varubrev","12":"pa_brands-ajax-systems","13":"pa_color-vit","14":"pa_farg-vit","15":"tm-no-options","17":"first","18":"instock","19":"sale","20":"featured","21":"taxable","22":"shipping-taxable","23":"purchasable","24":"product-type-simple"},"acf":[],"_links":{"self":[{"href":"https:\/\/secureus.se\/fi\/wp-json\/wp\/v2\/product\/81922","targetHints":{"allow":["GET"]}}],"collection":[{"href":"https:\/\/secureus.se\/fi\/wp-json\/wp\/v2\/product"}],"about":[{"href":"https:\/\/secureus.se\/fi\/wp-json\/wp\/v2\/types\/product"}],"wp:featuredmedia":[{"embeddable":true,"href":"https:\/\/secureus.se\/fi\/wp-json\/wp\/v2\/media\/155623"}],"wp:attachment":[{"href":"https:\/\/secureus.se\/fi\/wp-json\/wp\/v2\/media?parent=81922"}],"wp:term":[{"taxonomy":"product_brand","embeddable":true,"href":"https:\/\/secureus.se\/fi\/wp-json\/wp\/v2\/product_brand?post=81922"},{"taxonomy":"product_cat","embeddable":true,"href":"https:\/\/secureus.se\/fi\/wp-json\/wp\/v2\/product_cat?post=81922"},{"taxonomy":"product_tag","embeddable":true,"href":"https:\/\/secureus.se\/fi\/wp-json\/wp\/v2\/product_tag?post=81922"}],"curies":[{"name":"wp","href":"https:\/\/api.w.org\/{rel}","templated":true}]}}