{"id":81927,"date":"2022-11-28T11:21:18","date_gmt":"2022-11-28T10:21:18","guid":{"rendered":"https:\/\/secureus.se\/produkt\/ajax-doublebutton-vit-overfallsknapp-dubbeltryck-tradlos\/"},"modified":"2026-03-30T12:24:42","modified_gmt":"2026-03-30T10:24:42","slug":"ajax-doublebutton-dubbeltryck-vit","status":"publish","type":"product","link":"https:\/\/secureus.se\/fi\/ajax-doublebutton-dubbeltryck-vit\/","title":{"rendered":"Ajax DoubleButton - Turvah\u00e4lytin - Hy\u00f6kk\u00e4yspainike - Langaton Valkoinen"},"content":{"rendered":"<h3><strong>Ajax DoubleButton - Langaton hy\u00f6kk\u00e4yspainike turvallisuuden ja luotettavuuden takaamiseksi<\/strong><\/h3>\n<p>Ajax DoubleButton on langaton h\u00e4t\u00e4signaali, jossa yhdistyv\u00e4t yksinkertaisuus ja turvallisuus antaakseen k\u00e4ytt\u00e4j\u00e4lle mielenrauhan h\u00e4t\u00e4tilanteissa.<\/p>\n<p>Se on Ajax-turvaj\u00e4rjestelm\u00e4n v\u00e4ltt\u00e4m\u00e4t\u00f6n osa, ja se on suunniteltu tarjoamaan v\u00e4lit\u00f6nt\u00e4 apua l\u00e4hett\u00e4m\u00e4ll\u00e4 vahvistetun h\u00e4lytyksen h\u00e4t\u00e4tilanteessa.<\/p>\n<p>Tukevan rakenteensa ja toiminnallisen rakenteensa ansiosta se tarjoaa tehokkaan suojan vaarantamatta tahattomia paineita.<\/p>\n<p><strong>Turvallisuus ilman v\u00e4\u00e4ri\u00e4 h\u00e4lytyksi\u00e4<\/strong><\/p>\n<p>DoubleButton on suunniteltu minimoimaan v\u00e4\u00e4rien h\u00e4lytysten riski. H\u00e4lytyksen aktivoimiseksi k\u00e4ytt\u00e4j\u00e4n on painettava molempia painikkeita samanaikaisesti, mik\u00e4 eliminoi tahattomien painallusten riskin esimerkiksi silloin, kun nappia kuljetetaan taskussa tai laukussa.<\/p>\n<p>Sen varmistamiseksi, ett\u00e4 h\u00e4lytys aktivoituu tarkoituksellisesti eik\u00e4 vahingossa, painikkeet on erotettu muovisella esteell\u00e4.<\/p>\n<p>T\u00e4m\u00e4 ominaisuus tekee DoubleButtonista ihanteellisen sek\u00e4 yksityisille ett\u00e4 ammattik\u00e4ytt\u00e4jille, jotka tarvitsevat luotettavan ja suojatun h\u00e4t\u00e4signaalin.<\/p>\n<p><strong>Vahvistetut h\u00e4lytykset t\u00e4ydellist\u00e4 turvallisuutta varten<\/strong><\/p>\n<p>DoubleButton tarjoaa vahvistetut h\u00e4lytykset, mik\u00e4 tarkoittaa, ett\u00e4 h\u00e4lytys ei aktivoidu ennen kuin molempia painikkeita on painettu tietyss\u00e4 j\u00e4rjestyksess\u00e4.<\/p>\n<p>T\u00e4m\u00e4 varmistaa, ett\u00e4 vain valtuutettu k\u00e4ytt\u00e4j\u00e4 laukaisee h\u00e4lytyksen, ja v\u00e4hent\u00e4\u00e4 tahattomien h\u00e4lytysten riski\u00e4.<\/p>\n<p><strong>Pitk\u00e4 kantama ja vakaa viestint\u00e4<\/strong><\/p>\n<p>Langaton tiedonsiirto DoubleButtonin ja Ajax-keskittimen v\u00e4lill\u00e4 tapahtuu Jewellerin, kaksisuuntaisen radioprotokollan kautta, joka takaa vakaan signaalin jopa 1300 metrin kantamalla.<\/p>\n<p>Turvallisuuden lis\u00e4\u00e4miseksi kaikki laitteiden v\u00e4lill\u00e4 l\u00e4hetett\u00e4v\u00e4t tiedot on salattu AES-algoritmilla, joka suojaa luvattomalta k\u00e4yt\u00f6lt\u00e4 ja h\u00e4lytysten v\u00e4\u00e4rent\u00e4miselt\u00e4.<\/p>\n<p>H\u00e4iri\u00f6iden sattuessa j\u00e4rjestelm\u00e4 siirtyy automaattisesti vapaalle radiotaajuudelle varmistaakseen, ett\u00e4 h\u00e4lytys tavoittaa aina k\u00e4ytt\u00e4j\u00e4n ja vartiointiyrityksen.<\/p>\n<p>Jos tukoksia tapahtuu, l\u00e4hetet\u00e4\u00e4n varoitus sek\u00e4 k\u00e4ytt\u00e4j\u00e4lle ett\u00e4 turvayritykselle.<\/p>\n<p><strong>Joustava k\u00e4ytt\u00f6 ja pitk\u00e4 akunkesto<\/strong><\/p>\n<p>DoubleButton on varustettu esiasennetulla CR2032-akulla, joka tarjoaa jopa 5 vuoden akun k\u00e4ytt\u00f6i\u00e4n, mik\u00e4 v\u00e4hent\u00e4\u00e4 huoltotarvetta.<\/p>\n<p>Sen IP55-luokitus tarkoittaa, ett\u00e4 laite kest\u00e4\u00e4 sek\u00e4 p\u00f6ly\u00e4 ett\u00e4 roiskeita, joten se sopii k\u00e4ytett\u00e4v\u00e4ksi erilaisissa ymp\u00e4rist\u00f6iss\u00e4 ja s\u00e4\u00e4olosuhteissa.<\/p>\n<p>Langaton yhteys keskittimeen mahdollistaa DoubleButtonin sijoittamisen minne tahansa kotiin tai ty\u00f6paikalle \u2013 p\u00f6yd\u00e4n alle, toimistoty\u00f6ntekij\u00e4n taskuun tai jopa sein\u00e4lle etuoven tai s\u00e4ngyn viereen.<\/p>\n<p><strong>Automaatioominaisuudet<\/strong><\/p>\n<p>Hy\u00f6kk\u00e4yspainikkeen lis\u00e4ksi DoubleButtonia voidaan k\u00e4ytt\u00e4\u00e4 erilaisten automaatiotilanteiden aktivoimiseen.<\/p>\n<p>Painike voi esimerkiksi aktivoida savukoneen, sulkea s\u00e4hk\u00f6lukot tai laskea rullaverhoja \u2013 tehden siit\u00e4 monipuolisen laitteen turvaj\u00e4rjestelm\u00e4ss\u00e4si.<\/p>\n<p><strong>Helppo asennus ja integrointi<\/strong><\/p>\n<p>DoubleButtonin yhdist\u00e4minen Ajax-turvaj\u00e4rjestelm\u00e4\u00e4si on nopeaa ja helppoa. Laite lis\u00e4t\u00e4\u00e4n Ajax-sovelluksen kautta, eik\u00e4 sit\u00e4 tarvitse purkaa.<\/p>\n<p>Kiinnit\u00e4 DoubleButton pintaan mukana tulevalla telineell\u00e4 tai k\u00e4yt\u00e4 sit\u00e4 avaimenper\u00e4ss\u00e4 tai kaulanauhassa. Vain muutamassa minuutissa laite on k\u00e4ytt\u00f6valmis.<\/p>\n<p><strong>Tekniset tiedot:<\/strong><\/p>\n<ul>\n<li><strong>Luokitus:<\/strong> Langaton h\u00e4t\u00e4painike<\/li>\n<li><strong>Yhteensopivuus:<\/strong> Toimii kaikkien Ajax-keskittimien ja kantaman laajenninten kanssa, joissa on OS Malevich 2.10 tai uudempi<\/li>\n<li><strong>V\u00e4\u00e4rien h\u00e4lytysten ehk\u00e4isy:<\/strong> Kyll\u00e4<\/li>\n<li><strong>Painikkeiden lukum\u00e4\u00e4r\u00e4:<\/strong> 2<\/li>\n<li><strong>H\u00e4lytyksen l\u00e4hetys:<\/strong> Enint\u00e4\u00e4n 0,15 s<\/li>\n<li><strong>Jalokivikauppiaan radiotekniikka:<\/strong>\n<ul>\n<li>Yhteysalue keskittimen kanssa \u2013 jopa 1300 mailia avoimessa maastossa<\/li>\n<li>Kaksisuuntainen viestint\u00e4<\/li>\n<li>Itses\u00e4\u00e4tyv\u00e4 RF-l\u00e4ht\u00f6 \u2013 jopa 20 mW<\/li>\n<li>Est\u00e4 salaus, joka perustuu AES-algoritmiin<\/li>\n<li>Taajuushyppely<\/li>\n<\/ul>\n<\/li>\n<li><strong>Virtal\u00e4hde:<\/strong> CR2032 akku, 3V<\/li>\n<li><strong>Akun kesto:<\/strong> Jopa 5 vuotta<\/li>\n<li><strong>K\u00e4ytt\u00f6l\u00e4mp\u00f6tila-alue:<\/strong> -10\u00b0C - +40\u00b0C<\/li>\n<li><strong>Sallittu kosteus:<\/strong> Jopa 75%<\/li>\n<li><strong>Suojausluokka:<\/strong> IP55<\/li>\n<li><strong>Koko:<\/strong> 47 \u00d7 35 \u00d7 16 mm<\/li>\n<li><strong>Paino:<\/strong> 17 g<\/li>\n<li><strong>Takuu:<\/strong> Vaihto ja korjaus 24 kuukauden sis\u00e4ll\u00e4 myyntip\u00e4iv\u00e4st\u00e4. Akut eiv\u00e4t kuulu takuun piiriin.<\/li>\n<\/ul>\n<p><strong>Paketti sis\u00e4lt\u00e4\u00e4:<\/strong><\/p>\n<ul>\n<li>DoubleButton<\/li>\n<li>Esiasennettu CR2032-paristo<\/li>\n<li>Pika-aloitusopas<\/li>\n<\/ul>\n<p>&nbsp;<\/p>","protected":false},"excerpt":{"rendered":"<p>Ajax DoubleButton on langaton hy\u00f6kk\u00e4yspainike, joka tarjoaa turvallisen ja nopean ratkaisun h\u00e4t\u00e4tilanteiden ilmoittamiseen.<\/p>\n<p>Se vaatii kaksinkertaisen painalluksen h\u00e4lytyksen aktivoimiseksi, mik\u00e4 est\u00e4\u00e4 tahattomat painallukset ja varmistaa luotettavat h\u00e4lytykset.<\/p>","protected":false},"featured_media":155471,"template":"","meta":{"_acf_changed":false},"product_brand":[],"product_cat":[3165,1319],"product_tag":[3127,2137,4863],"class_list":{"0":"post-81927","1":"product","2":"type-product","3":"status-publish","4":"has-post-thumbnail","6":"product_cat-overfallslarm-knappar","7":"product_cat-ajax-larm","8":"product_tag-kontrollprodukt","9":"product_tag-lager-ajax","10":"product_tag-pf","11":"product_shipping_class-postnord-varubrev","12":"pa_brands-ajax-systems","13":"pa_color-vit","14":"pa_farg-vit","15":"tm-no-options","17":"first","18":"instock","19":"sale","20":"featured","21":"taxable","22":"shipping-taxable","23":"purchasable","24":"product-type-simple"},"acf":[],"_links":{"self":[{"href":"https:\/\/secureus.se\/fi\/wp-json\/wp\/v2\/product\/81927","targetHints":{"allow":["GET"]}}],"collection":[{"href":"https:\/\/secureus.se\/fi\/wp-json\/wp\/v2\/product"}],"about":[{"href":"https:\/\/secureus.se\/fi\/wp-json\/wp\/v2\/types\/product"}],"wp:featuredmedia":[{"embeddable":true,"href":"https:\/\/secureus.se\/fi\/wp-json\/wp\/v2\/media\/155471"}],"wp:attachment":[{"href":"https:\/\/secureus.se\/fi\/wp-json\/wp\/v2\/media?parent=81927"}],"wp:term":[{"taxonomy":"product_brand","embeddable":true,"href":"https:\/\/secureus.se\/fi\/wp-json\/wp\/v2\/product_brand?post=81927"},{"taxonomy":"product_cat","embeddable":true,"href":"https:\/\/secureus.se\/fi\/wp-json\/wp\/v2\/product_cat?post=81927"},{"taxonomy":"product_tag","embeddable":true,"href":"https:\/\/secureus.se\/fi\/wp-json\/wp\/v2\/product_tag?post=81927"}],"curies":[{"name":"wp","href":"https:\/\/api.w.org\/{rel}","templated":true}]}}