{"id":82370,"date":"2023-07-03T14:53:56","date_gmt":"2023-07-03T12:53:56","guid":{"rendered":"https:\/\/secureus.se\/produkt\/plomberingstrad-gron\/"},"modified":"2026-04-08T08:56:37","modified_gmt":"2026-04-08T06:56:37","slug":"plomberingstrad-gron","status":"publish","type":"product","link":"https:\/\/secureus.se\/fi\/plomberingstrad-gron\/","title":{"rendered":"Sinet\u00f6intilanka Vihre\u00e4 \u2013 Assalle"},"content":{"rendered":"<h2 data-start=\"687\" data-end=\"737\" data-section-id=\"1rni14v\">H\u00e4t\u00e4ovien ja sammuttimien tiivistyslanka<\/h2>\n<p>250 mm pitk\u00e4t tiivistelangat ASSA-h\u00e4t\u00e4poistumisliittimille, esimerkiksi 179A, 179A S4 tai 179B S4.<\/p>\n<p>K\u00e4ytet\u00e4\u00e4n tekem\u00e4\u00e4n selv\u00e4ksi, ett\u00e4 ulosk\u00e4ynti\u00e4 saa k\u00e4ytt\u00e4\u00e4 vain h\u00e4t\u00e4tilanteissa.<\/p>\n<p>Saatavilla my\u00f6s punaisena ja sinisen\u00e4, mutta ilman h\u00e4t\u00e4evakuointikuvaketta.<\/p>\n<p data-start=\"738\" data-end=\"945\">T\u00e4t\u00e4 vihre\u00e4\u00e4 sinettilankaa k\u00e4ytet\u00e4\u00e4n turvalaitteiden sinet\u00f6imiseen ja merkitsemiseen, kun niit\u00e4 tulee k\u00e4ytt\u00e4\u00e4 vain tarvittaessa. Kun sinetti on rikki, on heti selv\u00e4\u00e4, ett\u00e4 laite on avattu tai sit\u00e4 on peukaloitu.<\/p>\n<p data-start=\"947\" data-end=\"990\">Tiivistyslankaa k\u00e4ytet\u00e4\u00e4n usein esimerkiksi:<\/p>\n<ul data-start=\"992\" data-end=\"1085\">\n<li data-start=\"992\" data-end=\"1005\" data-section-id=\"pburat\">\n<p data-start=\"994\" data-end=\"1005\">h\u00e4t\u00e4ovet<\/p>\n<\/li>\n<li data-start=\"1006\" data-end=\"1023\" data-section-id=\"xjulw6\">\n<p data-start=\"1008\" data-end=\"1023\">sammutin<\/p>\n<\/li>\n<li data-start=\"1024\" data-end=\"1039\" data-section-id=\"1l4lnz0\">\n<p data-start=\"1026\" data-end=\"1039\">paloposti<\/p>\n<\/li>\n<li data-start=\"1040\" data-end=\"1057\" data-section-id=\"1f72y04\">\n<p data-start=\"1042\" data-end=\"1057\">tallelokero<\/p>\n<\/li>\n<li data-start=\"1058\" data-end=\"1085\" data-section-id=\"yfkruv\">\n<p data-start=\"1060\" data-end=\"1085\">tekniset asennukset<\/p>\n<\/li>\n<\/ul>\n<p data-start=\"1087\" data-end=\"1179\">T\u00e4m\u00e4 nopeuttaa turvatarkastuksia, koska n\u00e4et heti, onko laitteita avattu.<\/p>\n<hr data-start=\"1181\" data-end=\"1184\" \/>\n<h2 data-start=\"1186\" data-end=\"1243\" data-section-id=\"q26pcq\">K\u00e4ytet\u00e4\u00e4n usein kiinteist\u00f6- ja turvallisuusasennuksissa<\/h2>\n<p data-start=\"1244\" data-end=\"1454\">Sinet\u00f6intilanka on yleinen ratkaisu kiinteist\u00f6nhallinnassa ja systemaattisessa palontorjuntaty\u00f6ss\u00e4. Sen avulla voidaan nopeasti tarkistaa turvalaitteiden eheys avaamatta jokaista yksikk\u00f6\u00e4 erikseen.<\/p>\n<p data-start=\"1456\" data-end=\"1563\">T\u00e4m\u00e4 malli sopii erityisesti asennuksiin, joissa <strong data-start=\"1513\" data-end=\"1554\">ASSA-komponentit tai h\u00e4t\u00e4oven helat<\/strong> k\u00e4ytet\u00e4\u00e4n.<\/p>\n<hr data-start=\"1565\" data-end=\"1568\" \/>\n<h2 data-start=\"1570\" data-end=\"1588\" data-section-id=\"1floner\">Helppo koota<\/h2>\n<p data-start=\"1589\" data-end=\"1797\">Tiivistelanka asennetaan pujottamalla nauha esimerkiksi tapin tai kahvan l\u00e4pi ja lukitsemalla se sitten tiivistysosaan. Kun sinetti on lukittu, sit\u00e4 ei voida avata rikkomatta tai leikkaamatta sit\u00e4.<\/p>\n<p data-start=\"1799\" data-end=\"1855\">T\u00e4m\u00e4 tekee siit\u00e4 yksinkertaisen mutta tehokkaan tietoturvaratkaisun.<\/p>\n<hr data-start=\"1857\" data-end=\"1860\" \/>\n<h1 data-start=\"1862\" data-end=\"1872\" data-section-id=\"16fopcq\">Edut<\/h1>\n<ul data-start=\"1874\" data-end=\"2070\">\n<li data-start=\"1874\" data-end=\"1916\" data-section-id=\"ls77ve\">\n<p data-start=\"1876\" data-end=\"1916\">N\u00e4ytt\u00e4\u00e4 v\u00e4litt\u00f6m\u00e4sti, jos laite on avattu<\/p>\n<\/li>\n<li data-start=\"1917\" data-end=\"1962\" data-section-id=\"1pqowha\">\n<p data-start=\"1919\" data-end=\"1962\">Est\u00e4\u00e4 h\u00e4t\u00e4ovien tarpeettoman k\u00e4yt\u00f6n<\/p>\n<\/li>\n<li data-start=\"1963\" data-end=\"1998\" data-section-id=\"136scw8\">\n<p data-start=\"1965\" data-end=\"1998\">Yksinkertaistaa palotarkastuksia<\/p>\n<\/li>\n<li data-start=\"1999\" data-end=\"2032\" data-section-id=\"1ofabbw\">\n<p data-start=\"2001\" data-end=\"2032\">Helppo koota ja k\u00e4ytt\u00e4\u00e4<\/p>\n<\/li>\n<li data-start=\"2033\" data-end=\"2070\" data-section-id=\"d31n5h\">\n<p data-start=\"2035\" data-end=\"2070\">Kustannustehokas tietoturvaratkaisu<\/p>\n<\/li>\n<\/ul>\n<hr data-start=\"2072\" data-end=\"2075\" \/>\n<h1 data-start=\"2077\" data-end=\"2105\" data-section-id=\"brc9ws\">Yleisi\u00e4 k\u00e4ytt\u00f6tarkoituksia<\/h1>\n<ul data-start=\"2107\" data-end=\"2201\">\n<li data-start=\"2107\" data-end=\"2120\" data-section-id=\"1hfb5n9\">\n<p data-start=\"2109\" data-end=\"2120\">H\u00e4t\u00e4ovet<\/p>\n<\/li>\n<li data-start=\"2121\" data-end=\"2138\" data-section-id=\"1glgnsm\">\n<p data-start=\"2123\" data-end=\"2138\">Sammutin<\/p>\n<\/li>\n<li data-start=\"2139\" data-end=\"2154\" data-section-id=\"ybft18\">\n<p data-start=\"2141\" data-end=\"2154\">Palopostit<\/p>\n<\/li>\n<li data-start=\"2155\" data-end=\"2172\" data-section-id=\"hh5nt0\">\n<p data-start=\"2157\" data-end=\"2172\">Tallelokero<\/p>\n<\/li>\n<li data-start=\"2173\" data-end=\"2201\" data-section-id=\"1d7qlpj\">\n<p data-start=\"2175\" data-end=\"2201\">Kiinteist\u00f6asennukset<\/p>\n<\/li>\n<\/ul>\n<hr data-start=\"2203\" data-end=\"2206\" \/>\n<h1 data-start=\"2208\" data-end=\"2225\" data-section-id=\"vb28v8\">Tekniset tiedot<\/h1>\n<p data-start=\"2227\" data-end=\"2384\">Koko: <strong data-start=\"2236\" data-end=\"2251\">250 \u00d7 20 mm<\/strong><br data-start=\"2251\" data-end=\"2254\" \/>Maali: <strong data-start=\"2260\" data-end=\"2268\">Vihre\u00e4<\/strong><br data-start=\"2268\" data-end=\"2271\" \/>Tyyppi: <strong data-start=\"2276\" data-end=\"2317\">Sinettilanka \/ turvasinetti<\/strong><br data-start=\"2317\" data-end=\"2320\" \/>K\u00e4ytt\u00e4\u00e4: <strong data-start=\"2332\" data-end=\"2384\">H\u00e4t\u00e4ovet, sammuttimet ja turvavarusteet<\/strong><\/p>\n<p>Haluatko tiet\u00e4\u00e4 lis\u00e4\u00e4 siit\u00e4, miten tiivistys toimii?<br data-start=\"3597\" data-end=\"3600\" \/><a href=\"https:\/\/secureus.se\/fi\/vad-ar-plomberingstrad-sa-fungerar-sakerhetsplombering\/\" target=\"_blank\" rel=\"noopener\"><strong>Lue oppaamme: <em data-start=\"3617\" data-end=\"3694\">Mit\u00e4 on tiivistyslanka ja miten sit\u00e4 k\u00e4ytet\u00e4\u00e4n sammuttimissa ja h\u00e4t\u00e4ovissa?<\/em><\/strong><\/a><\/p>\n<p>&nbsp;<\/p>","protected":false},"excerpt":{"rendered":"<p data-start=\"335\" data-end=\"528\">Vihre\u00e4 tiivistyslanka h\u00e4t\u00e4ovien, sammuttimien ja muiden turvavarusteiden merkitsemiseen ja tiivist\u00e4miseen.<\/p>\n<p data-start=\"335\" data-end=\"528\">Sinetin avulla on helppo ja nopea n\u00e4hd\u00e4, onko laite avattu tai sit\u00e4 on peukaloitu.<\/p>\n<p data-start=\"530\" data-end=\"653\">Sit\u00e4 k\u00e4ytet\u00e4\u00e4n usein kiinteist\u00f6iss\u00e4, julkisissa tiloissa ja teollisuuslaitoksissa, joissa turvavarusteet on tarkastettava s\u00e4\u00e4nn\u00f6llisesti.<\/p>\n<p><span style=\"text-decoration: underline\"><strong><span class=\"ui-provider a b c d e f g h i j k l m n o p q r s t u v w x y z ab ac ae af ag ah ai aj ak\" dir=\"ltr\">Kuvassa 10 kpl pakkaus, mutta tuote myyd\u00e4\u00e4n kpl - Jos ostat 10, tulee kuvan mukainen.<\/span><\/strong><\/span><\/p>\n<div class=\"product-presentation__column is--accordion\">\n<div class=\"product-presentation__accordion\"><\/div>\n<\/div>","protected":false},"featured_media":140638,"template":"","meta":{"_acf_changed":false},"product_brand":[],"product_cat":[3224,1332],"product_tag":[],"class_list":{"0":"post-82370","1":"product","2":"type-product","3":"status-publish","4":"has-post-thumbnail","6":"product_cat-nodutrymning","7":"product_cat-utrymning-tillbehor","8":"product_shipping_class-postnord-varubrev","9":"pa_brands-stonehouse-security","10":"pa_farg-gron","11":"tm-no-options","13":"first","14":"instock","15":"sale","16":"featured","17":"taxable","18":"shipping-taxable","19":"purchasable","20":"product-type-simple"},"acf":[],"_links":{"self":[{"href":"https:\/\/secureus.se\/fi\/wp-json\/wp\/v2\/product\/82370","targetHints":{"allow":["GET"]}}],"collection":[{"href":"https:\/\/secureus.se\/fi\/wp-json\/wp\/v2\/product"}],"about":[{"href":"https:\/\/secureus.se\/fi\/wp-json\/wp\/v2\/types\/product"}],"wp:featuredmedia":[{"embeddable":true,"href":"https:\/\/secureus.se\/fi\/wp-json\/wp\/v2\/media\/140638"}],"wp:attachment":[{"href":"https:\/\/secureus.se\/fi\/wp-json\/wp\/v2\/media?parent=82370"}],"wp:term":[{"taxonomy":"product_brand","embeddable":true,"href":"https:\/\/secureus.se\/fi\/wp-json\/wp\/v2\/product_brand?post=82370"},{"taxonomy":"product_cat","embeddable":true,"href":"https:\/\/secureus.se\/fi\/wp-json\/wp\/v2\/product_cat?post=82370"},{"taxonomy":"product_tag","embeddable":true,"href":"https:\/\/secureus.se\/fi\/wp-json\/wp\/v2\/product_tag?post=82370"}],"curies":[{"name":"wp","href":"https:\/\/api.w.org\/{rel}","templated":true}]}}