{"id":82466,"date":"2022-03-10T15:47:00","date_gmt":"2022-03-10T14:47:00","guid":{"rendered":"https:\/\/secureus.se\/produkt\/magnetkontakt-mc440-vit-utanpaliggande\/"},"modified":"2026-02-19T12:54:17","modified_gmt":"2026-02-19T11:54:17","slug":"magnetkontakt-mc440-vit-utanpaliggande","status":"publish","type":"product","link":"https:\/\/secureus.se\/fi\/magnetkontakt-mc440-vit-utanpaliggande\/","title":{"rendered":"Magneettinen kosketin MC440 Valkoinen - Pinta-asennus"},"content":{"rendered":"<div>\n<p>Nopeaa ja helppoa asennusta varten siin\u00e4 on ruuviliitin, jossa on johdinsuoja ja peukalointikosketin luvatonta avaamista vastaan.<\/p>\n<p>Magneettisessa koskettimessa on suuri rako, mik\u00e4 tarkoittaa, ett\u00e4 se voidaan asentaa helposti useimpiin materiaaleihin, kuten puuhun, muoviin, alumiinioviin ja ikkunoihin.<\/p>\n<p>Liitin toimii t\u00e4ydellisesti asennettavaksi ter\u00e4soviin ja turvaoviin, mutta silloin kannattaa k\u00e4ytt\u00e4\u00e4 mukana toimitettuja muovisia v\u00e4lilevyj\u00e4. Useimmissa asennuksissa on erilaisia asennuskulmia. Jos tarvitaan lis\u00e4\u00e4 muovisia v\u00e4lilevyj\u00e4, k\u00e4yt\u00e4 MC 400-6 tai MC 400-7.<\/p>\n<\/div>","protected":false},"excerpt":{"rendered":"<p>Ammattimarkkinoiden tuotteet - Alarmtech - Aina halpa hinta<\/p>","protected":false},"featured_media":145315,"template":"","meta":{"_acf_changed":false},"product_brand":[],"product_cat":[3086],"product_tag":[],"class_list":{"0":"post-82466","1":"product","2":"type-product","3":"status-publish","4":"has-post-thumbnail","6":"product_cat-magnetkontakter","7":"product_shipping_class-postnord-varubrev","8":"pa_brands-alarmtech","9":"tm-no-options","11":"first","12":"instock","13":"featured","14":"taxable","15":"shipping-taxable","16":"purchasable","17":"product-type-simple"},"acf":[],"_links":{"self":[{"href":"https:\/\/secureus.se\/fi\/wp-json\/wp\/v2\/product\/82466","targetHints":{"allow":["GET"]}}],"collection":[{"href":"https:\/\/secureus.se\/fi\/wp-json\/wp\/v2\/product"}],"about":[{"href":"https:\/\/secureus.se\/fi\/wp-json\/wp\/v2\/types\/product"}],"wp:featuredmedia":[{"embeddable":true,"href":"https:\/\/secureus.se\/fi\/wp-json\/wp\/v2\/media\/145315"}],"wp:attachment":[{"href":"https:\/\/secureus.se\/fi\/wp-json\/wp\/v2\/media?parent=82466"}],"wp:term":[{"taxonomy":"product_brand","embeddable":true,"href":"https:\/\/secureus.se\/fi\/wp-json\/wp\/v2\/product_brand?post=82466"},{"taxonomy":"product_cat","embeddable":true,"href":"https:\/\/secureus.se\/fi\/wp-json\/wp\/v2\/product_cat?post=82466"},{"taxonomy":"product_tag","embeddable":true,"href":"https:\/\/secureus.se\/fi\/wp-json\/wp\/v2\/product_tag?post=82466"}],"curies":[{"name":"wp","href":"https:\/\/api.w.org\/{rel}","templated":true}]}}