{"id":82469,"date":"2022-03-10T15:47:00","date_gmt":"2022-03-10T14:47:00","guid":{"rendered":"https:\/\/secureus.se\/produkt\/vibrationsdetektor-med-inbyggd-magnetkontakt\/"},"modified":"2026-01-09T23:39:09","modified_gmt":"2026-01-09T22:39:09","slug":"vd-1-vibrationsdetektor-med-inbyggd-magnetkontakt","status":"publish","type":"product","link":"https:\/\/secureus.se\/fi\/vd-1-vibrationsdetektor-med-inbyggd-magnetkontakt\/","title":{"rendered":"VD-1 T\u00e4rin\u00e4tunnistin sis\u00e4\u00e4nrakennetulla magneettisella koskettimella"},"content":{"rendered":"<h1>VD-1 t\u00e4rin\u00e4ilmaisin magneettisella kosketuksella \u2013 korkeimmalla tasolla<\/h1>\n<p>SATEL VD-1 on edistynyt t\u00e4rin\u00e4tunnistin, jossa yhdistyv\u00e4t tarkkuus ja joustavuus.<\/p>\n<p>Sis\u00e4\u00e4nrakennetun magneettikoskettimen avulla se voi havaita tunkeutumisyritykset, kuten v\u00e4kivaltaiset yritykset avata ovia ja ikkunoita, j\u00e4tt\u00e4en huomioimatta ymp\u00e4rist\u00f6n luonnolliset t\u00e4rin\u00e4t, kuten tuulen ja vedon.<\/p>\n<p>S\u00e4\u00e4dett\u00e4v\u00e4 herkkyys mahdollistaa tunnistimen mukauttamisen erityistarpeisiin. VD-1 tunnistaa sek\u00e4 yksitt\u00e4iset voimakkaat t\u00e4rin\u00e4t ett\u00e4 sarjan heikompia t\u00e4rin\u00f6it\u00e4, joten se sopii erinomaisesti erilaisiin turvallisuusymp\u00e4rist\u00f6ihin.<\/p>\n<p>Lis\u00e4ksi se tarjoaa selke\u00e4n LED-ilmaisun tila- ja h\u00e4lytyksi\u00e4 varten.<\/p>\n<p>Peukalokytkimens\u00e4 ja vankan rakenteensa ansiosta VD-1 on luotettava ratkaisu kaikkiin turvallisuustarpeisiin.<\/p>\n<p>Ilmaisin on saatavana kahdessa v\u00e4riss\u00e4 \u2013 valkoinen ja ruskea \u2013 sulautumaan mihin tahansa ymp\u00e4rist\u00f6\u00f6n.<\/p>\n<h3>Edut:<\/h3>\n<ul>\n<li><strong>Edistynyt tunnistus<\/strong>: Erottaa luonnollisen t\u00e4rin\u00e4n ja tunkeutumisyritykset.<\/li>\n<li><strong>S\u00e4\u00e4dett\u00e4v\u00e4 herkkyys<\/strong>: Mukauta tunnistamaan sek\u00e4 voimakas ett\u00e4 heikko t\u00e4rin\u00e4.<\/li>\n<li><strong>Peukalointisuoja<\/strong>: Suojaa luvattomalta k\u00e4yt\u00f6lt\u00e4 ja manipuloinnilta.<\/li>\n<li><strong>Elegantti muotoilu<\/strong>: Saatavana sek\u00e4 valkoisena ett\u00e4 ruskeana sopimaan kaikkiin ymp\u00e4rist\u00f6ihin.<\/li>\n<\/ul>\n<h3>Tekniset tiedot:<\/h3>\n<ul>\n<li><strong>Mitata<\/strong>: 26 x 112 x 29 mm<\/li>\n<li><strong>K\u00e4ytt\u00f6j\u00e4nnite<\/strong>: 12V DC (\u00b115 %)<\/li>\n<li><strong>Virrankulutus<\/strong>: Valmiustila 3,5 mA, maksimi 5,4 mA<\/li>\n<li><strong>L\u00e4mp\u00f6tila-alue<\/strong>: -10\u00b0C - +55\u00b0C<\/li>\n<li><strong>Tyypilliset tunnistuset\u00e4isyydet<\/strong>: Jopa 3,5 metri\u00e4 puupinnoilla<\/li>\n<\/ul>\n<p>Valitse SATEL VD-1 turvalliseen kotiin tai yritykseen.<\/p>","protected":false},"excerpt":{"rendered":"<p><strong>VD-1 t\u00e4rin\u00e4ilmaisin magneettisella koskettimella<\/strong><\/p>\n<p>Varmista maksimaalinen turvallisuus SATEL VD-1:ll\u00e4, t\u00e4rin\u00e4ntunnistimella, joka pystyy erottamaan luonnollisen t\u00e4rin\u00e4n ja tunkeutumisyritykset. S\u00e4\u00e4dett\u00e4v\u00e4n herkkyyden ja peukalointitoiminnon ansiosta se sopii erinomaisesti ovien ja ikkunoiden suojaamiseen.<\/p>","protected":false},"featured_media":145376,"template":"","meta":{"_acf_changed":false},"product_brand":[],"product_cat":[3085,3086,1324],"product_tag":[2418],"class_list":{"0":"post-82469","1":"product","2":"type-product","3":"status-publish","4":"has-post-thumbnail","6":"product_cat-vibationsdetektorer-glaskrossdetektorer","7":"product_cat-magnetkontakter","8":"product_cat-outlet","9":"product_tag-rel-larmgivare","10":"product_shipping_class-postnord-varubrev","11":"pa_brands-satel","12":"tm-no-options","14":"first","15":"instock","16":"sale","17":"featured","18":"taxable","19":"shipping-taxable","20":"purchasable","21":"product-type-simple"},"acf":[],"_links":{"self":[{"href":"https:\/\/secureus.se\/fi\/wp-json\/wp\/v2\/product\/82469","targetHints":{"allow":["GET"]}}],"collection":[{"href":"https:\/\/secureus.se\/fi\/wp-json\/wp\/v2\/product"}],"about":[{"href":"https:\/\/secureus.se\/fi\/wp-json\/wp\/v2\/types\/product"}],"wp:featuredmedia":[{"embeddable":true,"href":"https:\/\/secureus.se\/fi\/wp-json\/wp\/v2\/media\/145376"}],"wp:attachment":[{"href":"https:\/\/secureus.se\/fi\/wp-json\/wp\/v2\/media?parent=82469"}],"wp:term":[{"taxonomy":"product_brand","embeddable":true,"href":"https:\/\/secureus.se\/fi\/wp-json\/wp\/v2\/product_brand?post=82469"},{"taxonomy":"product_cat","embeddable":true,"href":"https:\/\/secureus.se\/fi\/wp-json\/wp\/v2\/product_cat?post=82469"},{"taxonomy":"product_tag","embeddable":true,"href":"https:\/\/secureus.se\/fi\/wp-json\/wp\/v2\/product_tag?post=82469"}],"curies":[{"name":"wp","href":"https:\/\/api.w.org\/{rel}","templated":true}]}}