{"id":82471,"date":"2022-03-10T15:48:00","date_gmt":"2022-03-10T14:48:00","guid":{"rendered":"https:\/\/secureus.se\/produkt\/lr-cl-lins-i-kapsling-langstralande-for-slim-line-ir-detektor-luna-ir-detektor-pro-dual-luna-och-dual-pro\/"},"modified":"2025-12-31T19:45:15","modified_gmt":"2025-12-31T18:45:15","slug":"langstralande-lins-for-slim-line","status":"publish","type":"product","link":"https:\/\/secureus.se\/fi\/langstralande-lins-for-slim-line\/","title":{"rendered":"Pitk\u00e4n s\u00e4teen linssi SLIM-LINE:lle"},"content":{"rendered":"<div id=\"leftpane\">\n<h1>Pitk\u00e4n s\u00e4teen linssi SLIM-LINE:lle - Paranna turvaj\u00e4rjestelm\u00e4\u00e4si<\/h1>\n<p>LR-CL on pitk\u00e4s\u00e4teinen linssi, joka on erityisesti kehitetty maksimoimaan SLIM-LINE-sarjan ilmaisimien suorituskyvyn.<\/p>\n<p>T\u00e4m\u00e4 objektiivi sopii sek\u00e4 IR- ett\u00e4 DUAL-versioihin, mukaan lukien PRO- ja LUNA-mallit, ja tarjoaa erinomaiset tunnistusominaisuudet suurissa tiloissa.<\/p>\n<p>T\u00e4ll\u00e4 objektiivilla voit:<\/p>\n<ul>\n<li>Laajenna tunnistusaluetta kattamaan pidemm\u00e4t et\u00e4isyydet.<\/li>\n<li>Varmista korkeampi tunnistustarkkuus monimutkaisissa tietoturvaymp\u00e4rist\u00f6iss\u00e4.<\/li>\n<li>Mukauta asennusta helpolla asennuksella ja yhteensopivalla kaikkien SLIM-LINE-sarjan huippumallien kanssa.<\/li>\n<\/ul>\n<p><strong>T\u00e4ydellinen:<\/strong><\/p>\n<ul>\n<li>Varastot ja liikekiinteist\u00f6t.<\/li>\n<li>Pitk\u00e4t k\u00e4yt\u00e4v\u00e4t ja teollisuusymp\u00e4rist\u00f6t.<\/li>\n<li>Sovellukset, jotka vaativat suurta tarkkuutta ja luotettavuutta.<\/li>\n<\/ul>\n<p>Tee tietoturvaratkaisuistasi entist\u00e4 kest\u00e4v\u00e4mpi\u00e4 ja tehokkaampia LR-CL-objektiivilla.<\/p>\n<\/div>","protected":false},"excerpt":{"rendered":"<p><strong>Pitk\u00e4n s\u00e4teen linssi SLIM-LINE:lle<\/strong><br \/>\nOta kaikki irti SLIM-LINE-ilmaisimistasi LR-CL-objektiivilla.<\/p>\n<p>Erityisesti PRO-, LUNA- ja DUAL-malleille suunniteltu se tarjoaa paremman tunnistuskapasiteetin ja suuren tarkkuuden.<\/p>\n<p>&nbsp;<\/p>","protected":false},"featured_media":145006,"template":"","meta":{"_acf_changed":false},"product_brand":[],"product_cat":[1325],"product_tag":[2145],"class_list":{"0":"post-82471","1":"product","2":"type-product","3":"status-publish","4":"has-post-thumbnail","6":"product_cat-larmgivare-skalskydd","7":"product_tag-rorelsedetektor-ir-detektorer","8":"product_shipping_class-postnord-varubrev","9":"pa_brands-satel","10":"tm-no-options","12":"first","13":"instock","14":"sale","15":"featured","16":"taxable","17":"shipping-taxable","18":"purchasable","19":"product-type-simple"},"acf":[],"_links":{"self":[{"href":"https:\/\/secureus.se\/fi\/wp-json\/wp\/v2\/product\/82471","targetHints":{"allow":["GET"]}}],"collection":[{"href":"https:\/\/secureus.se\/fi\/wp-json\/wp\/v2\/product"}],"about":[{"href":"https:\/\/secureus.se\/fi\/wp-json\/wp\/v2\/types\/product"}],"wp:featuredmedia":[{"embeddable":true,"href":"https:\/\/secureus.se\/fi\/wp-json\/wp\/v2\/media\/145006"}],"wp:attachment":[{"href":"https:\/\/secureus.se\/fi\/wp-json\/wp\/v2\/media?parent=82471"}],"wp:term":[{"taxonomy":"product_brand","embeddable":true,"href":"https:\/\/secureus.se\/fi\/wp-json\/wp\/v2\/product_brand?post=82471"},{"taxonomy":"product_cat","embeddable":true,"href":"https:\/\/secureus.se\/fi\/wp-json\/wp\/v2\/product_cat?post=82471"},{"taxonomy":"product_tag","embeddable":true,"href":"https:\/\/secureus.se\/fi\/wp-json\/wp\/v2\/product_tag?post=82471"}],"curies":[{"name":"wp","href":"https:\/\/api.w.org\/{rel}","templated":true}]}}