{"id":82474,"date":"2022-03-10T15:48:00","date_gmt":"2022-03-10T14:48:00","guid":{"rendered":"https:\/\/secureus.se\/produkt\/lr-cl2-lins-i-kapsling-langstralande-for-slim-line-ir-detektor-dual\/"},"modified":"2026-04-22T15:51:05","modified_gmt":"2026-04-22T13:51:05","slug":"langstralande-lins-till-slim-line-dual","status":"publish","type":"product","link":"https:\/\/secureus.se\/fi\/langstralande-lins-till-slim-line-dual\/","title":{"rendered":"Pitk\u00e4n s\u00e4teen linssi SLIM-LINE DUAL -kameralle"},"content":{"rendered":"<h1>Pitk\u00e4n s\u00e4teen linssi LR-CL2 SLIM-LINE-ilmaisimille<\/h1>\n<p>LR-CL2 on t\u00e4ydellinen ratkaisu niille, jotka tarvitsevat parannettua havaitsemista pitkill\u00e4 et\u00e4isyyksill\u00e4.<\/p>\n<p>T\u00e4m\u00e4 objektiivi on suunniteltu sopimaan SATELin SLIM-LINE-ilmaisimiin, mukaan lukien SLIM-PIR ja SLIM-DUAL, joten se on joustava valinta sek\u00e4 kaupallisiin ett\u00e4 yksityisiin turvaj\u00e4rjestelmiin.<\/p>\n<p>LR-CL2:lla saat objektiivin tukevassa kotelossa Fresnel-tekniikalla, joka on helppo vaihtaa vakiokoteloon.<\/p>\n<p>Ei vaadi monimutkaista kokoonpanoa \u2013 linssin vaihto kest\u00e4\u00e4 vain 30 sekuntia. T\u00e4m\u00e4 tekee LR-CL2:sta helpon p\u00e4ivityksen kiinteist\u00f6si turvallisuuden maksimoimiseksi.<\/p>\n<p>Ominaisuudet ja edut:<\/p>\n<ul>\n<li><strong>Pitk\u00e4n kantaman tunnistus<\/strong>: T\u00e4ydellinen suurille alueille, joilla et\u00e4isyys on ratkaiseva.<\/li>\n<li><strong>Yksinkertainen asennus<\/strong>: Vaihda suojus nopeasti ilman, ett\u00e4 sinun tarvitsee s\u00e4\u00e4t\u00e4\u00e4 itse linssi\u00e4.<\/li>\n<li><strong>Kest\u00e4v\u00e4 kotelo<\/strong>: Vankka rakenne, joka suojaa linssi\u00e4 ankarissa ymp\u00e4rist\u00f6iss\u00e4.<\/li>\n<li><strong>Yhteensopivuus<\/strong>: Toimii SLIM-PIR- ja SLIM-DUAL-ilmaisimien kanssa.<\/li>\n<\/ul>\n<p>LR-CL2:lla varmistat, ett\u00e4 tietoturvaratkaisusi toimii optimaalisesti my\u00f6s haastavissa olosuhteissa.<\/p>\n<p>T\u00e4m\u00e4 objektiivi on v\u00e4ltt\u00e4m\u00e4t\u00f6n lis\u00e4varuste nostaaksesi turvallisuuden uudelle tasolle.<\/p>","protected":false},"excerpt":{"rendered":"<p>LR-CL2 pitk\u00e4n s\u00e4teen linssi SLIM-LINE-ilmaisimille tarjoaa erinomaisen havaitsemisen pitkill\u00e4 et\u00e4isyyksill\u00e4.<\/p>\n<p>Sopii sek\u00e4 IR- ett\u00e4 DUAL-versioihin. Helppo vaihtaa ja ihanteellinen edistyneisiin turvaj\u00e4rjestelmiin.<\/p>\n<p>&nbsp;<\/p>","protected":false},"featured_media":145014,"template":"","meta":{"_acf_changed":false},"product_brand":[],"product_cat":[3220,1325],"product_tag":[2145],"class_list":{"0":"post-82474","1":"product","2":"type-product","3":"status-publish","4":"has-post-thumbnail","6":"product_cat-larmtillbehor","7":"product_cat-larmgivare-skalskydd","8":"product_tag-rorelsedetektor-ir-detektorer","9":"product_shipping_class-postnord-varubrev","10":"pa_brands-satel","11":"tm-no-options","13":"first","14":"instock","15":"sale","16":"featured","17":"taxable","18":"shipping-taxable","19":"purchasable","20":"product-type-simple"},"acf":[],"_links":{"self":[{"href":"https:\/\/secureus.se\/fi\/wp-json\/wp\/v2\/product\/82474","targetHints":{"allow":["GET"]}}],"collection":[{"href":"https:\/\/secureus.se\/fi\/wp-json\/wp\/v2\/product"}],"about":[{"href":"https:\/\/secureus.se\/fi\/wp-json\/wp\/v2\/types\/product"}],"wp:featuredmedia":[{"embeddable":true,"href":"https:\/\/secureus.se\/fi\/wp-json\/wp\/v2\/media\/145014"}],"wp:attachment":[{"href":"https:\/\/secureus.se\/fi\/wp-json\/wp\/v2\/media?parent=82474"}],"wp:term":[{"taxonomy":"product_brand","embeddable":true,"href":"https:\/\/secureus.se\/fi\/wp-json\/wp\/v2\/product_brand?post=82474"},{"taxonomy":"product_cat","embeddable":true,"href":"https:\/\/secureus.se\/fi\/wp-json\/wp\/v2\/product_cat?post=82474"},{"taxonomy":"product_tag","embeddable":true,"href":"https:\/\/secureus.se\/fi\/wp-json\/wp\/v2\/product_tag?post=82474"}],"curies":[{"name":"wp","href":"https:\/\/api.w.org\/{rel}","templated":true}]}}