{"id":82476,"date":"2022-03-10T15:48:00","date_gmt":"2022-03-10T14:48:00","guid":{"rendered":"https:\/\/secureus.se\/produkt\/slim-ir-detektor-pet-klass-grade2-15x20-meter-husdjur-20-kg\/"},"modified":"2025-12-31T19:56:25","modified_gmt":"2025-12-31T18:56:25","slug":"slim-pir-pet-klass-grade2","status":"publish","type":"product","link":"https:\/\/secureus.se\/fi\/slim-pir-pet-klass-grade2\/","title":{"rendered":"SLIM-PIR-PET Luokka\/Grade2 \u2013 15\u00d720 metri\u00e4 + Lemmikit"},"content":{"rendered":"<h1>SLIM-PIR-PET Liiketunnistin Pet Immunityll\u00e4<\/h1>\n<p>SLIM-PIR-PET on \u00e4lyk\u00e4s ja luotettava liiketunnistin, joka on suunniteltu yhdist\u00e4m\u00e4\u00e4n turvallisuus ja mukavuus.<\/p>\n<p>Jopa 20 kg painava lemmikkikosketus on t\u00e4ydellinen lemmikkikoteihin turvallisuudesta tinkim\u00e4tt\u00e4.<\/p>\n<p>Ilmaisin k\u00e4ytt\u00e4\u00e4 edistynytt\u00e4 passiivista infrapuna-anturia (PIR) havaitsemaan liikett\u00e4 suojatulla alueella.<\/p>\n<p>Kahdeksassa portaassa s\u00e4\u00e4dett\u00e4v\u00e4n herkkyyden ansiosta voit helposti mukauttaa sen erilaisiin ymp\u00e4rist\u00f6ihin. Laitteessa on my\u00f6s sis\u00e4\u00e4nrakennetut k\u00e4ytt\u00f6i\u00e4n loppu (2EOL) vastukset, jotka yksinkertaistavat asennusta, ja LED-merkkivalo tarjoaa nelj\u00e4 eri v\u00e4ri\u00e4, jotka sopivat turvallisuusasetuksiin.<\/p>\n<p><strong>Ominaisuudet ja edut<\/strong>:<\/p>\n<ul>\n<li><strong>Lemmikkiel\u00e4inten immuniteetti<\/strong>: Tunnistaa enint\u00e4\u00e4n 20 kg painavien lemmikkien liikkeet ilman v\u00e4\u00e4ri\u00e4 h\u00e4lytyksi\u00e4.<\/li>\n<li><strong>Edistynyt tunnistus<\/strong>: PIR-tekniikka digitaalisella l\u00e4mp\u00f6tilakompensaatiolla maksimaalisen suorituskyvyn saavuttamiseksi.<\/li>\n<li><strong>Valittavissa oleva LED-merkkivalo<\/strong>: Muokattavissa eri merkinantov\u00e4reille.<\/li>\n<li><strong>Helppo asentaa<\/strong>: Yhteensopiva kaikkien nykyaikaisten turvaj\u00e4rjestelmien kanssa.<\/li>\n<\/ul>\n<p>Olipa kyseess\u00e4 asuin- tai liikekiinteist\u00f6, SLIM-PIR-PET tarjoaa t\u00e4ydellisen tasapainon tekniikan ja helppok\u00e4ytt\u00f6isyyden v\u00e4lill\u00e4.<\/p>\n<p>Kompakti muotoilu ja vankka rakenne tekev\u00e4t siit\u00e4 sek\u00e4 esteettisen miellytt\u00e4v\u00e4n ett\u00e4 toimivan.<\/p>\n<p>&nbsp;<\/p>","protected":false},"excerpt":{"rendered":"<p><strong>SLIM-PIR-PET Liiketunnistin Pet Immunityll\u00e4<\/strong><br \/>\nSLIM-PIR-PET on tehokas liiketunnistin, joka kest\u00e4\u00e4 lemmikkiel\u00e4imi\u00e4 jopa 20 kg.<\/p>\n<p>Se sopii t\u00e4ydellisesti sek\u00e4 asuin- ett\u00e4 liikekiinteist\u00f6ihin, ja siin\u00e4 yhdistyv\u00e4t edistynyt teknologia ja helppok\u00e4ytt\u00f6isyys.<\/p>","protected":false},"featured_media":144928,"template":"","meta":{"_acf_changed":false},"product_brand":[],"product_cat":[1325],"product_tag":[2963,2145],"class_list":{"0":"post-82476","1":"product","2":"type-product","3":"status-publish","4":"has-post-thumbnail","6":"product_cat-larmgivare-skalskydd","7":"product_tag-grade-2","8":"product_tag-rorelsedetektor-ir-detektorer","9":"product_shipping_class-postnord-varubrev","10":"pa_brands-satel","11":"tm-no-options","13":"first","14":"instock","15":"sale","16":"featured","17":"taxable","18":"shipping-taxable","19":"purchasable","20":"product-type-simple"},"acf":[],"_links":{"self":[{"href":"https:\/\/secureus.se\/fi\/wp-json\/wp\/v2\/product\/82476","targetHints":{"allow":["GET"]}}],"collection":[{"href":"https:\/\/secureus.se\/fi\/wp-json\/wp\/v2\/product"}],"about":[{"href":"https:\/\/secureus.se\/fi\/wp-json\/wp\/v2\/types\/product"}],"wp:featuredmedia":[{"embeddable":true,"href":"https:\/\/secureus.se\/fi\/wp-json\/wp\/v2\/media\/144928"}],"wp:attachment":[{"href":"https:\/\/secureus.se\/fi\/wp-json\/wp\/v2\/media?parent=82476"}],"wp:term":[{"taxonomy":"product_brand","embeddable":true,"href":"https:\/\/secureus.se\/fi\/wp-json\/wp\/v2\/product_brand?post=82476"},{"taxonomy":"product_cat","embeddable":true,"href":"https:\/\/secureus.se\/fi\/wp-json\/wp\/v2\/product_cat?post=82476"},{"taxonomy":"product_tag","embeddable":true,"href":"https:\/\/secureus.se\/fi\/wp-json\/wp\/v2\/product_tag?post=82476"}],"curies":[{"name":"wp","href":"https:\/\/api.w.org\/{rel}","templated":true}]}}