{"id":82477,"date":"2022-03-10T15:48:00","date_gmt":"2022-03-10T14:48:00","guid":{"rendered":"https:\/\/secureus.se\/produkt\/slim-ir-detektor-pro-klass-grade3-20x24-meter-med-antimask\/"},"modified":"2026-04-01T13:50:46","modified_gmt":"2026-04-01T11:50:46","slug":"slim-pir-pro-klass-grade3","status":"publish","type":"product","link":"https:\/\/secureus.se\/fi\/slim-pir-pro-klass-grade3\/","title":{"rendered":"SLIM-PIR-PRO Klass\/Grade3 \u2013 20\u00d724 metri\u00e4 Antimaskin kanssa"},"content":{"rendered":"<h1>Satel SLIM-PIR-PRO \u2013 Ammattimainen liiketunnistin anti-maskilla<\/h1>\n<p>Koe uusi tietoturvan taso <strong>Satelliitti SLIM-PIR-PRO<\/strong>, edistyksellinen liiketunnistin, joka on suunniteltu ammattimaisiin turvaj\u00e4rjestelmiin.<\/p>\n<p>T\u00e4ss\u00e4 EN 50131 Grade 3 -sertifioidussa tunnistimessa yhdistyv\u00e4t korkea suorituskyky ja joustavat asennusvaihtoehdot.<\/p>\n<h2>Ominaisuudet ja edut<\/h2>\n<ul>\n<li><strong>Korkea turvallisuus<\/strong>: T\u00e4ytt\u00e4\u00e4 luokan 3 EN 50131 -luokituksen, joten se on t\u00e4ydellinen vaativiin tietoturvasovelluksiin.<\/li>\n<li><strong>Antimaskin tekniikka<\/strong>: Aktiivinen IR-suojausmaski havaitsee ja ilmaisee yritykset peitt\u00e4\u00e4 tai peukaloida ilmaisinta.<\/li>\n<li><strong>S\u00e4\u00e4dett\u00e4v\u00e4 herkkyys<\/strong>: S\u00e4\u00e4d\u00e4 sek\u00e4 liiketunnistuksen ett\u00e4 anti-maskin herkkyytt\u00e4 tarpeidesi mukaan.<\/li>\n<li><strong>Joustava asennus<\/strong>: Mukana tulevalla kiinnitystelineell\u00e4 ja mahdollisuudella vaihtaa linssi verhoksi tai pitk\u00e4n matkan linssiksi se sopii erilaisiin ymp\u00e4rist\u00f6ihin.<\/li>\n<li><strong>LED-ilmaisimet<\/strong>: Valitse seitsem\u00e4st\u00e4 v\u00e4rist\u00e4 helppoa signalointia ja tilan valvontaa varten.<\/li>\n<\/ul>\n<h2>T\u00e4ydellinen:<\/h2>\n<ul>\n<li>Toimitilat ja liikekiinteist\u00f6t.<\/li>\n<li>Riskiymp\u00e4rist\u00f6t, kuten pankit, varastot ja teollisuuslaitokset.<\/li>\n<li>Kehittyneet asumisj\u00e4rjestelm\u00e4t, joissa on korkeat turvallisuusvaatimukset.<\/li>\n<\/ul>\n<p>Sijoita <strong>Satelliitti SLIM-PIR-PRO<\/strong> ja koe korkein tietoturva ja luotettavuus t\u00e4rkeimpiin sovelluksiisi.<\/p>\n<div class=\"badges\"><\/div>","protected":false},"excerpt":{"rendered":"<p><strong>Satel SLIM-PIR-PRO \u2013 Korkean turvallisuuden ilmaisin<\/strong><br \/>\nSatelin edistyksellinen SLIM-PIR-PRO on liiketunnistin, jolla on EN 50131 Grade 3 -sertifikaatti.<\/p>\n<p>Anti-mask-toiminnon, s\u00e4\u00e4dett\u00e4v\u00e4n herkkyyden ja joustavien asennusvaihtoehtojen ansiosta se on ihanteellinen ammattimaisiin turvaratkaisuihin.<\/p>","protected":false},"featured_media":145556,"template":"","meta":{"_acf_changed":false},"product_brand":[],"product_cat":[1325],"product_tag":[2145],"class_list":{"0":"post-82477","1":"product","2":"type-product","3":"status-publish","4":"has-post-thumbnail","6":"product_cat-larmgivare-skalskydd","7":"product_tag-rorelsedetektor-ir-detektorer","8":"product_shipping_class-postnord-varubrev","9":"pa_brands-satel","10":"tm-no-options","12":"first","13":"instock","14":"sale","15":"featured","16":"taxable","17":"shipping-taxable","18":"purchasable","19":"product-type-simple"},"acf":[],"_links":{"self":[{"href":"https:\/\/secureus.se\/fi\/wp-json\/wp\/v2\/product\/82477","targetHints":{"allow":["GET"]}}],"collection":[{"href":"https:\/\/secureus.se\/fi\/wp-json\/wp\/v2\/product"}],"about":[{"href":"https:\/\/secureus.se\/fi\/wp-json\/wp\/v2\/types\/product"}],"wp:featuredmedia":[{"embeddable":true,"href":"https:\/\/secureus.se\/fi\/wp-json\/wp\/v2\/media\/145556"}],"wp:attachment":[{"href":"https:\/\/secureus.se\/fi\/wp-json\/wp\/v2\/media?parent=82477"}],"wp:term":[{"taxonomy":"product_brand","embeddable":true,"href":"https:\/\/secureus.se\/fi\/wp-json\/wp\/v2\/product_brand?post=82477"},{"taxonomy":"product_cat","embeddable":true,"href":"https:\/\/secureus.se\/fi\/wp-json\/wp\/v2\/product_cat?post=82477"},{"taxonomy":"product_tag","embeddable":true,"href":"https:\/\/secureus.se\/fi\/wp-json\/wp\/v2\/product_tag?post=82477"}],"curies":[{"name":"wp","href":"https:\/\/api.w.org\/{rel}","templated":true}]}}