{"id":82492,"date":"2022-03-10T15:48:00","date_gmt":"2022-03-10T14:48:00","guid":{"rendered":"https:\/\/secureus.se\/produkt\/magnetkontakt-mc240-infalld-6-meter\/"},"modified":"2025-12-31T19:45:02","modified_gmt":"2025-12-31T18:45:02","slug":"magnetkontakt-mc240-infalld-6-meter","status":"publish","type":"product","link":"https:\/\/secureus.se\/fi\/magnetkontakt-mc240-infalld-6-meter\/","title":{"rendered":"Magneettinen kosketin MC 240 upotettu 6 metri\u00e4"},"content":{"rendered":"<p><span style=\"white-space: pre-line\">MC 240 on universaali magneettinen kosketin NC-toiminnolla 6 metrin kaapelilla. Voidaan k\u00e4ytt\u00e4\u00e4 sek\u00e4 h\u00e4lytys- ett\u00e4 kulunvalvontaj\u00e4rjestelmiss\u00e4 mm. ovet, portit ja ikkunat luvattomalta avaamiselta. Sek\u00e4 kosketin- ett\u00e4 magneettiosat ovat metallia ja ne on suunniteltu kierreruuviksi, mik\u00e4 mahdollistaa helpon asennuksen puuhun tai muoviin. Laajan asennustarvikevalikoimamme ansiosta liitin on helppo asentaa sek\u00e4 upotettuna ett\u00e4 pinta-asennuksena, jopa metalliin ja muihin materiaaleihin. Oikealla lis\u00e4varustevalinnalla liitin voidaan asentaa my\u00f6s ter\u00e4soviin, kassakaappeihin, autotallin oviin jne.<\/span><\/p>\n<p><span style=\"white-space: pre-line\">Magneetin tyyppi: Alnico 5<\/span><\/p>\n<p><span style=\"white-space: pre-line\">Tyypillinen sulkuarvo (ei-magneettinen materiaali): 27 mm <\/span><\/p>\n<p><span style=\"white-space: pre-line\">Max kuormitus: 48 VDC\/500 mA\/10 VA<\/span><\/p>\n<p><span style=\"white-space: pre-line\">L\u00e4mp\u00f6tila-alue: -40 - +70\u00b0C<\/span><\/p>\n<p><span style=\"white-space: pre-line\">IP-luokitus: 67<\/span><\/p>\n<p><span style=\"white-space: pre-line\">Poran halkaisija: 9-10 mm<\/span><\/p>\n<p><span style=\"white-space: pre-line\">Kosketinosan mitat: (lx\u00d8) 37\u00d711 mm<\/span><\/p>","protected":false},"excerpt":{"rendered":"<p>Savunilmaisimet - CO2-h\u00e4lytys - L\u00e4mp\u00f6tilatunnistin - T\u00e4rin\u00e4 - Lasinrikottaja - Aina halpa hinta<\/p>","protected":false},"featured_media":145552,"template":"","meta":{"_acf_changed":false},"product_brand":[],"product_cat":[3086],"product_tag":[],"class_list":{"0":"post-82492","1":"product","2":"type-product","3":"status-publish","4":"has-post-thumbnail","6":"product_cat-magnetkontakter","7":"product_shipping_class-postnord-varubrev","8":"pa_brands-alarmtech","9":"tm-no-options","11":"first","12":"onbackorder","13":"sale","14":"featured","15":"taxable","16":"shipping-taxable","17":"purchasable","18":"product-type-simple"},"acf":[],"_links":{"self":[{"href":"https:\/\/secureus.se\/fi\/wp-json\/wp\/v2\/product\/82492","targetHints":{"allow":["GET"]}}],"collection":[{"href":"https:\/\/secureus.se\/fi\/wp-json\/wp\/v2\/product"}],"about":[{"href":"https:\/\/secureus.se\/fi\/wp-json\/wp\/v2\/types\/product"}],"wp:featuredmedia":[{"embeddable":true,"href":"https:\/\/secureus.se\/fi\/wp-json\/wp\/v2\/media\/145552"}],"wp:attachment":[{"href":"https:\/\/secureus.se\/fi\/wp-json\/wp\/v2\/media?parent=82492"}],"wp:term":[{"taxonomy":"product_brand","embeddable":true,"href":"https:\/\/secureus.se\/fi\/wp-json\/wp\/v2\/product_brand?post=82492"},{"taxonomy":"product_cat","embeddable":true,"href":"https:\/\/secureus.se\/fi\/wp-json\/wp\/v2\/product_cat?post=82492"},{"taxonomy":"product_tag","embeddable":true,"href":"https:\/\/secureus.se\/fi\/wp-json\/wp\/v2\/product_tag?post=82492"}],"curies":[{"name":"wp","href":"https:\/\/api.w.org\/{rel}","templated":true}]}}