{"id":82805,"date":"2023-08-19T17:17:28","date_gmt":"2023-08-19T15:17:28","guid":{"rendered":"https:\/\/secureus.se\/produkt\/arbetsrela-infalld-1vxl-uc-10a\/"},"modified":"2026-03-13T18:57:55","modified_gmt":"2026-03-13T17:57:55","slug":"arbetsrela-infalld-1vxl-uc-10a","status":"publish","type":"product","link":"https:\/\/secureus.se\/fi\/arbetsrela-infalld-1vxl-uc-10a\/","title":{"rendered":"Ty\u00f6rele \u2013 Upotettu \u2013 1VXL UC 10A"},"content":{"rendered":"<p>1 potentiaalivapaa vaihtokosketin 10A\/250V AC.<br \/>\nLampun kuormitus jopa 2000W.<br \/>\nEi &quot;valmiustilan&quot; kulutusta.<br \/>\nYksikk\u00f6 asennusta varten. Pituus 45mm, leveys 45mm, syvyys 18mm.<br \/>\nModerni hybriditekniikka, jossa yhdistyv\u00e4t kulumattoman elektronisen ohjauksen ja korkean suorituskyvyn erikoisreleiden parhaat edut.<br \/>\nYleisk\u00e4ytt\u00f6j\u00e4nnite 8 - 230 V AC\/DC. Matala melutaso.<\/p>\n<h2>Tuotteen ominaisuudet<\/h2>\n<div class=\"produkt-egenskaper\"><span class=\"produkt-egenskap\"><span class=\"label\">Toiminto<\/span><span class=\"value\">T\u00e4ysin s\u00e4hk\u00f6inen<br \/>\n<\/span><\/span><span class=\"produkt-egenskap\"><span class=\"label\">Asennusmenetelm\u00e4<br \/>\n<\/span><span class=\"value\">Upotettu kokoonpano<br \/>\n<\/span><\/span><span class=\"produkt-egenskap\"><span class=\"label\">Asennussyvyys<\/span><span class=\"value\">18 mm<br \/>\n<\/span><\/span><span class=\"produkt-egenskap\"><span class=\"label\">Kytkevien koskettimien lukum\u00e4\u00e4r\u00e4<\/span><span class=\"value\">1<br \/>\n<\/span><\/span><span class=\"produkt-egenskap\"><span class=\"label\">Ohjausj\u00e4nnite 1<\/span><span class=\"value\">8...230 V<br \/>\n<\/span><\/span><span class=\"produkt-egenskap\"><span class=\"label\">K\u00e4ytt\u00f6j\u00e4nnitteen tyyppi 1<\/span><span class=\"value\">AC\/DC<\/span><\/span><span class=\"produkt-egenskap\"><span class=\"label\">Taajuuss\u00e4\u00e4t\u00f6j\u00e4nnite 1<\/span><span class=\"value\">0...60 Hz<br \/>\n<\/span><\/span><span class=\"produkt-egenskap\"><span class=\"label\">K\u00e4ytt\u00f6j\u00e4nnitteen tyyppi 2<\/span><span class=\"value\">AC\/DC<\/span><\/span><span class=\"produkt-egenskap\"><span class=\"label\">Nimellisvirta<\/span><span class=\"value\">10 A<br \/>\n<\/span><\/span><span class=\"produkt-egenskap\"><span class=\"label\">Sy\u00f6tt\u00f6j\u00e4nnitealue <\/span><span class=\"value\">0...250V<br \/>\n<\/span><\/span><span class=\"produkt-egenskap\"><span class=\"label\">Sy\u00f6tt\u00f6j\u00e4nnitteen tyyppi <\/span><span class=\"value\">AC\/DC<\/span><\/span><span class=\"produkt-egenskap\"><span class=\"label\">Max.<br \/>\nHehkulampun kuormitus<\/span><span class=\"value\">2000W<br \/>\n<\/span><\/span><span class=\"produkt-egenskap\"><span class=\"label\">Max fluoresoiva kuorma<\/span><span class=\"value\">1000 VA<br \/>\n<\/span><\/span><span class=\"produkt-egenskap\"><span class=\"label\">Suurin fluoresoiva kuorma Duo-liit\u00e4nn\u00e4ss\u00e4<\/span><span class=\"value\">1000 VA<br \/>\n<\/span><\/span><span class=\"produkt-egenskap\"><span class=\"label\">Max fluoresoiva kuorma rinnakkain kompensoitu<\/span><span class=\"value\">500 VA<br \/>\n<\/span><\/span><span class=\"produkt-egenskap\"><span class=\"label\">Max. kytkent\u00e4virta (cos fi = 0,6)<\/span><span class=\"value\">4 A<\/span><\/span><\/div>","protected":false},"excerpt":{"rendered":"<p>Multirele 8-230 volttia kelassa ja 10A 250V kelassa. Huomaa, ett\u00e4 relett\u00e4 ei saa kytke\u00e4 k\u00e4ytt\u00f6moottoreihin tai induktiivisiin kuormiin, kuten loisteputkiin jne.<\/p>","protected":false},"featured_media":140322,"template":"","meta":{"_acf_changed":false},"product_brand":[],"product_cat":[4151,4152,1548],"product_tag":[],"class_list":{"0":"post-82805","1":"product","2":"type-product","3":"status-publish","4":"has-post-thumbnail","6":"product_cat-rela-12-volt","7":"product_cat-rela-24-volt","8":"product_cat-relaer-elektronik","9":"product_shipping_class-postnord-varubrev","10":"tm-no-options","12":"first","13":"instock","14":"sale","15":"featured","16":"taxable","17":"shipping-taxable","18":"purchasable","19":"product-type-simple"},"acf":[],"_links":{"self":[{"href":"https:\/\/secureus.se\/fi\/wp-json\/wp\/v2\/product\/82805","targetHints":{"allow":["GET"]}}],"collection":[{"href":"https:\/\/secureus.se\/fi\/wp-json\/wp\/v2\/product"}],"about":[{"href":"https:\/\/secureus.se\/fi\/wp-json\/wp\/v2\/types\/product"}],"wp:featuredmedia":[{"embeddable":true,"href":"https:\/\/secureus.se\/fi\/wp-json\/wp\/v2\/media\/140322"}],"wp:attachment":[{"href":"https:\/\/secureus.se\/fi\/wp-json\/wp\/v2\/media?parent=82805"}],"wp:term":[{"taxonomy":"product_brand","embeddable":true,"href":"https:\/\/secureus.se\/fi\/wp-json\/wp\/v2\/product_brand?post=82805"},{"taxonomy":"product_cat","embeddable":true,"href":"https:\/\/secureus.se\/fi\/wp-json\/wp\/v2\/product_cat?post=82805"},{"taxonomy":"product_tag","embeddable":true,"href":"https:\/\/secureus.se\/fi\/wp-json\/wp\/v2\/product_tag?post=82805"}],"curies":[{"name":"wp","href":"https:\/\/api.w.org\/{rel}","templated":true}]}}