{"id":82831,"date":"2023-02-20T14:28:55","date_gmt":"2023-02-20T13:28:55","guid":{"rendered":"https:\/\/secureus.se\/produkt\/flx-s-st-flipx-standard-indoor-pir-sensor-with-rotatable-lens\/"},"modified":"2026-04-14T16:11:00","modified_gmt":"2026-04-14T14:11:00","slug":"optex-flx-s-st-flipx-standard-indoor-pir-sensor-with-rotatable-lens","status":"publish","type":"product","link":"https:\/\/secureus.se\/fi\/optex-flx-s-st-flipx-standard-indoor-pir-sensor-with-rotatable-lens\/","title":{"rendered":"Optex FLX-S-ST FlipX Professional PIR-ilmaisin 15 metrin kulma tai pitk\u00e4 s\u00e4de 24 metri\u00e4"},"content":{"rendered":"<h1>Optex FLX-S-ST FlipX Standard PIR-anturi on Optexin uusin tuote, joka tarjoaa edistynytt\u00e4 tekniikkaa sis\u00e4k\u00e4ytt\u00f6\u00f6n.<\/h1>\n<p>T\u00e4m\u00e4 py\u00f6ritett\u00e4v\u00e4ll\u00e4 linssill\u00e4 varustettu PIR-anturi tarjoaa mahdollisuuden vaihtaa laaja- ja kapeatunnistuksen v\u00e4lill\u00e4.<\/p>\n<p>Jopa 12 metrin leve\u00e4 tunnistus ja jopa 18 metrin kapea tunnistus mahdollistavat joustavan ratkaisun erilaisiin turvallisuustarpeisiin.<\/p>\n<p>Yksi FLX-S-ST:n merkitt\u00e4vimmist\u00e4 ominaisuuksista on uuden pyros\u00e4hk\u00f6isen anturin ja ihmisen sieppauselementin k\u00e4ytt\u00f6.<\/p>\n<p>T\u00e4m\u00e4 tekee anturista eritt\u00e4in tarkan liikkeen havaitsemisessa, ja se on my\u00f6s varustettu parannetulla signaalink\u00e4sittelytekniikalla, joka v\u00e4hent\u00e4\u00e4 v\u00e4\u00e4rien h\u00e4lytysten riski\u00e4.<\/p>\n<p>Digitaalinen signaaliprosessori ja pallomainen linssi optimoivat tunnistuksen koko valvonta-alueella.<\/p>\n<p>FLX-S-ST on s\u00e4\u00e4dett\u00e4v\u00e4 herkkyys ja mahdollisuus sijoittaa anturi 2,0\u20133,0 metrin korkeuteen, joten se on t\u00e4ydellinen sek\u00e4 asuin- ett\u00e4 pienempiin liikekiinteist\u00f6ihin.<\/p>\n<p>Lis\u00e4ksi se tarjoaa hyv\u00e4n lemmikkitoleranssin, joten se sopii lemmikkiymp\u00e4rist\u00f6ihin.<\/p>\n<p>FLX-S-ST:n vankka muotoilu ja k\u00e4tev\u00e4t ominaisuudet tekev\u00e4t siit\u00e4 luotettavan ratkaisun turvallisen ja k\u00e4tev\u00e4n valvonnan varmistamiseen sek\u00e4 kodeissa ett\u00e4 pieniss\u00e4 yrityksiss\u00e4.<\/p>\n<p>Luotettavan toiminnallisuuden lis\u00e4ksi se on helppo asentaa mukana tulevalla LED-ilmaisimella, joka helpottaa vianetsint\u00e4\u00e4 ja asennusta.<\/p>","protected":false},"excerpt":{"rendered":"<p>Optex FLX-S-ST on korkean suorituskyvyn sis\u00e4tilojen PIR-anturi, jossa on py\u00f6riv\u00e4 linssi.<\/p>\n<p>Se tarjoaa sek\u00e4 leve\u00e4n ett\u00e4 kapean tunnistuksen, joka on t\u00e4ydellinen asuin- ja matalampiin kaupallisiin sovelluksiin.<\/p>\n<p>Innovatiivinen pyros\u00e4hk\u00f6inen anturi ja ihmisen sieppauselementti takaavat luotettavan ja tarkan havaitsemisen.<\/p>","protected":false},"featured_media":140675,"template":"","meta":{"_acf_changed":false},"product_brand":[],"product_cat":[1325],"product_tag":[2989,2145,2465],"class_list":{"0":"post-82831","1":"product","2":"type-product","3":"status-publish","4":"has-post-thumbnail","6":"product_cat-larmgivare-skalskydd","7":"product_tag-egen-logo-ej-taggar-kort","8":"product_tag-rorelsedetektor-ir-detektorer","9":"product_tag-sbsc-larmklass2","10":"product_shipping_class-postnord-varubrev","11":"pa_brands-optex","12":"tm-no-options","14":"first","15":"instock","16":"sale","17":"featured","18":"taxable","19":"shipping-taxable","20":"purchasable","21":"product-type-simple"},"acf":[],"_links":{"self":[{"href":"https:\/\/secureus.se\/fi\/wp-json\/wp\/v2\/product\/82831","targetHints":{"allow":["GET"]}}],"collection":[{"href":"https:\/\/secureus.se\/fi\/wp-json\/wp\/v2\/product"}],"about":[{"href":"https:\/\/secureus.se\/fi\/wp-json\/wp\/v2\/types\/product"}],"wp:featuredmedia":[{"embeddable":true,"href":"https:\/\/secureus.se\/fi\/wp-json\/wp\/v2\/media\/140675"}],"wp:attachment":[{"href":"https:\/\/secureus.se\/fi\/wp-json\/wp\/v2\/media?parent=82831"}],"wp:term":[{"taxonomy":"product_brand","embeddable":true,"href":"https:\/\/secureus.se\/fi\/wp-json\/wp\/v2\/product_brand?post=82831"},{"taxonomy":"product_cat","embeddable":true,"href":"https:\/\/secureus.se\/fi\/wp-json\/wp\/v2\/product_cat?post=82831"},{"taxonomy":"product_tag","embeddable":true,"href":"https:\/\/secureus.se\/fi\/wp-json\/wp\/v2\/product_tag?post=82831"}],"curies":[{"name":"wp","href":"https:\/\/api.w.org\/{rel}","templated":true}]}}