{"id":83004,"date":"2023-09-08T10:34:08","date_gmt":"2023-09-08T08:34:08","guid":{"rendered":"https:\/\/secureus.se\/?post_type=product&#038;p=83004"},"modified":"2026-03-26T10:11:53","modified_gmt":"2026-03-26T09:11:53","slug":"paxton-214-326-desktop-reader-and-keyboard","status":"publish","type":"product","link":"https:\/\/secureus.se\/fi\/paxton-214-326-desktop-reader-and-keyboard\/","title":{"rendered":"Paxton 214-326 -p\u00f6yt\u00e4lukija ja n\u00e4pp\u00e4imist\u00f6"},"content":{"rendered":"<p>T\u00e4m\u00e4 Paxton 214-326 -p\u00f6yt\u00e4lukija on rakennettu istumaan tietokoneen \u00e4\u00e4ress\u00e4, ja sit\u00e4 k\u00e4ytet\u00e4\u00e4n lis\u00e4\u00e4m\u00e4\u00e4n kaukos\u00e4\u00e4timi\u00e4 Net2-j\u00e4rjestelm\u00e4\u00e4n. Lukija ja n\u00e4pp\u00e4imist\u00f6 lis\u00e4\u00e4v\u00e4t kaukos\u00e4\u00e4timet nopeasti ja tarkasti, ja niiden avulla voidaan my\u00f6s paikantaa kadonneen kaukos\u00e4\u00e4timen omistaja.<\/p>\n<ul>\n<li>USB-liit\u00e4nt\u00e4<\/li>\n<li>P\u00f6yt\u00e4tietokoneen lukija, joka lis\u00e4\u00e4 fobs\/tokens j\u00e4rjestelmiin<\/li>\n<li>Etsi kadonneiden fobs\/tokenin omistaja<\/li>\n<\/ul>\n<p><strong><br \/>\nTuotteen paino:<br \/>\n0,30 kg<br \/>\n<\/strong><\/p>","protected":false},"excerpt":{"rendered":"<p>T\u00e4m\u00e4 Paxton 214-326 -p\u00f6yt\u00e4lukija on rakennettu istumaan tietokoneen \u00e4\u00e4ress\u00e4, ja sit\u00e4 k\u00e4ytet\u00e4\u00e4n lis\u00e4\u00e4m\u00e4\u00e4n kaukos\u00e4\u00e4timi\u00e4 Net2-j\u00e4rjestelm\u00e4\u00e4n. Lukija ja n\u00e4pp\u00e4imist\u00f6 lis\u00e4\u00e4v\u00e4t ohjaimet nopeasti ja tarkasti,<\/p>","protected":false},"featured_media":139972,"template":"","meta":{"_acf_changed":false},"product_brand":[],"product_cat":[1743],"product_tag":[2942,3069],"class_list":{"0":"post-83004","1":"product","2":"type-product","3":"status-publish","4":"has-post-thumbnail","6":"product_cat-rfid-lasare","7":"product_tag-paxton-rg15","8":"product_tag-trade-produkt","9":"product_shipping_class-tunga-paket","10":"pa_brands-paxton","11":"tm-no-options","13":"first","14":"instock","15":"sale","16":"taxable","17":"shipping-taxable","18":"purchasable","19":"product-type-simple"},"acf":[],"_links":{"self":[{"href":"https:\/\/secureus.se\/fi\/wp-json\/wp\/v2\/product\/83004","targetHints":{"allow":["GET"]}}],"collection":[{"href":"https:\/\/secureus.se\/fi\/wp-json\/wp\/v2\/product"}],"about":[{"href":"https:\/\/secureus.se\/fi\/wp-json\/wp\/v2\/types\/product"}],"wp:featuredmedia":[{"embeddable":true,"href":"https:\/\/secureus.se\/fi\/wp-json\/wp\/v2\/media\/139972"}],"wp:attachment":[{"href":"https:\/\/secureus.se\/fi\/wp-json\/wp\/v2\/media?parent=83004"}],"wp:term":[{"taxonomy":"product_brand","embeddable":true,"href":"https:\/\/secureus.se\/fi\/wp-json\/wp\/v2\/product_brand?post=83004"},{"taxonomy":"product_cat","embeddable":true,"href":"https:\/\/secureus.se\/fi\/wp-json\/wp\/v2\/product_cat?post=83004"},{"taxonomy":"product_tag","embeddable":true,"href":"https:\/\/secureus.se\/fi\/wp-json\/wp\/v2\/product_tag?post=83004"}],"curies":[{"name":"wp","href":"https:\/\/api.w.org\/{rel}","templated":true}]}}