{"id":83006,"date":"2023-09-08T10:33:54","date_gmt":"2023-09-08T08:33:54","guid":{"rendered":"https:\/\/secureus.se\/?post_type=product&#038;p=83006"},"modified":"2026-04-23T12:38:21","modified_gmt":"2026-04-23T10:38:21","slug":"paxton-514-326-net2-proximity-card-reader","status":"publish","type":"product","link":"https:\/\/secureus.se\/fi\/paxton-514-326-net2-proximity-card-reader\/","title":{"rendered":"Paxton 514-326 Net2 Proximity Card Reader"},"content":{"rendered":"<p>Meid\u00e4n Paxton 514-326 Net2 Proximity Card Reader -lukijamme on parasta k\u00e4ytt\u00e4\u00e4 tokenien lis\u00e4\u00e4miseen Net2-j\u00e4rjestelm\u00e4\u00e4n nopeasti ja tarkasti. Sit\u00e4 voidaan k\u00e4ytt\u00e4\u00e4 my\u00f6s kadonneiden tokenien tunnistamiseen.<\/p>\n<ul>\n<li>Yksinkertainen USB-liit\u00e4nt\u00e4.<\/li>\n<li>L\u00e4heisyys- ja l\u00e4heisyys\/magstripe-versiot saatavilla.<\/li>\n<li>Lukee Net2- ja MIFARE\u00ae-tunnuksia.<\/li>\n<\/ul>\n<p><strong>N\u00e4iss\u00e4 korteissa ei en\u00e4\u00e4 ole viittausta kortin numeroon ulkopakkauksessa. Jos sinulla ei ole elektronista menetelm\u00e4\u00e4 l\u00e4hestymisnumeron lukemiseen\/n\u00e4ytt\u00f6\u00f6n, t\u00e4m\u00e4 tuote vaaditaan.<\/strong><\/p>\n<p><strong><br \/>\nTuotteen paino:<br \/>\n0,29 kg<br \/>\n<\/strong><\/p>","protected":false},"excerpt":{"rendered":"<p>Meid\u00e4n Paxton 514-326 Net2 Proximity Card Reader -kortinlukijamme on parasta k\u00e4ytt\u00e4\u00e4 tokenien lis\u00e4\u00e4miseen Net2-j\u00e4rjestelm\u00e4\u00e4n nopeasti ja tarkasti. Sit\u00e4 voidaan k\u00e4ytt\u00e4\u00e4 my\u00f6s kadonneiden tokenien tunnistamiseen. Yksinkertainen<\/p>","protected":false},"featured_media":140474,"template":"","meta":{"_acf_changed":false},"product_brand":[],"product_cat":[1743],"product_tag":[2942,3069],"class_list":{"0":"post-83006","1":"product","2":"type-product","3":"status-publish","4":"has-post-thumbnail","6":"product_cat-rfid-lasare","7":"product_tag-paxton-rg15","8":"product_tag-trade-produkt","9":"product_shipping_class-tunga-paket","10":"pa_brands-paxton","11":"tm-no-options","13":"first","14":"instock","15":"sale","16":"taxable","17":"shipping-taxable","18":"purchasable","19":"product-type-simple"},"acf":[],"_links":{"self":[{"href":"https:\/\/secureus.se\/fi\/wp-json\/wp\/v2\/product\/83006","targetHints":{"allow":["GET"]}}],"collection":[{"href":"https:\/\/secureus.se\/fi\/wp-json\/wp\/v2\/product"}],"about":[{"href":"https:\/\/secureus.se\/fi\/wp-json\/wp\/v2\/types\/product"}],"wp:featuredmedia":[{"embeddable":true,"href":"https:\/\/secureus.se\/fi\/wp-json\/wp\/v2\/media\/140474"}],"wp:attachment":[{"href":"https:\/\/secureus.se\/fi\/wp-json\/wp\/v2\/media?parent=83006"}],"wp:term":[{"taxonomy":"product_brand","embeddable":true,"href":"https:\/\/secureus.se\/fi\/wp-json\/wp\/v2\/product_brand?post=83006"},{"taxonomy":"product_cat","embeddable":true,"href":"https:\/\/secureus.se\/fi\/wp-json\/wp\/v2\/product_cat?post=83006"},{"taxonomy":"product_tag","embeddable":true,"href":"https:\/\/secureus.se\/fi\/wp-json\/wp\/v2\/product_tag?post=83006"}],"curies":[{"name":"wp","href":"https:\/\/api.w.org\/{rel}","templated":true}]}}