{"id":83010,"date":"2023-09-08T10:34:53","date_gmt":"2023-09-08T08:34:53","guid":{"rendered":"https:\/\/secureus.se\/?post_type=product&#038;p=83010"},"modified":"2026-04-08T16:26:21","modified_gmt":"2026-04-08T14:26:21","slug":"paxton-paxton10-010-427-proximity-iso-cards-pack-of-10","status":"publish","type":"product","link":"https:\/\/secureus.se\/fi\/paxton-paxton10-010-427-proximity-iso-cards-pack-of-10\/","title":{"rendered":"Paxton Paxton10 010-427 Proximity ISO -kortit (10 kappaleen pakkaus)"},"content":{"rendered":"<p>N\u00e4m\u00e4 Paxton10 010-427 -l\u00e4heisyyskortit on suunniteltu k\u00e4ytett\u00e4viksi Paxton10-kulunvalvontaj\u00e4rjestelm\u00e4n kanssa. 125 kHz:n taajuudella n\u00e4m\u00e4 kevyet kortit sopivat t\u00e4ydellisesti r\u00e4\u00e4t\u00e4l\u00f6it\u00e4v\u00e4ksi kuvallisiksi henkil\u00f6llisyys- ja kulunvalvontakorteiksi k\u00e4ytett\u00e4v\u00e4ksi ty\u00f6paikalla tai paikan p\u00e4\u00e4ll\u00e4.<\/p>\n<ul>\n<li>Myyd\u00e4\u00e4n 10 kappaleen pakkauksissa<\/li>\n<li>Toimii 125 MHz taajuusalueella<\/li>\n<li>Vakiokokoinen CR80-luottokortti (85,60 x 53,98 mm)<\/li>\n<li>K\u00e4ytet\u00e4\u00e4n Paxton10-j\u00e4rjestelm\u00e4n kanssa<\/li>\n<\/ul>\n<p>Valmistajan osanumero: 010-427<\/p>\n<p><strong><br \/>\nTuotteen paino:<br \/>\n0,60 kg<br \/>\n<\/strong><\/p>","protected":false},"excerpt":{"rendered":"<p>N\u00e4m\u00e4 Paxton10 010-427 -l\u00e4heisyyskortit on suunniteltu k\u00e4ytett\u00e4viksi Paxton10-kulunvalvontaj\u00e4rjestelm\u00e4n kanssa. 125 kHz:n taajuudella n\u00e4m\u00e4 kevyet kortit sopivat t\u00e4ydellisesti valokuvaksi r\u00e4\u00e4t\u00e4l\u00f6it\u00e4v\u00e4ksi<\/p>","protected":false},"featured_media":140240,"template":"","meta":{"_acf_changed":false},"product_brand":[],"product_cat":[4820],"product_tag":[2942,3069],"class_list":{"0":"post-83010","1":"product","2":"type-product","3":"status-publish","4":"has-post-thumbnail","6":"product_cat-paxton-kort","7":"product_tag-paxton-rg15","8":"product_tag-trade-produkt","9":"product_shipping_class-postnord-varubrev","10":"pa_brands-paxton","11":"tm-no-options","13":"first","14":"instock","15":"sale","16":"taxable","17":"shipping-taxable","18":"purchasable","19":"product-type-simple"},"acf":[],"_links":{"self":[{"href":"https:\/\/secureus.se\/fi\/wp-json\/wp\/v2\/product\/83010","targetHints":{"allow":["GET"]}}],"collection":[{"href":"https:\/\/secureus.se\/fi\/wp-json\/wp\/v2\/product"}],"about":[{"href":"https:\/\/secureus.se\/fi\/wp-json\/wp\/v2\/types\/product"}],"wp:featuredmedia":[{"embeddable":true,"href":"https:\/\/secureus.se\/fi\/wp-json\/wp\/v2\/media\/140240"}],"wp:attachment":[{"href":"https:\/\/secureus.se\/fi\/wp-json\/wp\/v2\/media?parent=83010"}],"wp:term":[{"taxonomy":"product_brand","embeddable":true,"href":"https:\/\/secureus.se\/fi\/wp-json\/wp\/v2\/product_brand?post=83010"},{"taxonomy":"product_cat","embeddable":true,"href":"https:\/\/secureus.se\/fi\/wp-json\/wp\/v2\/product_cat?post=83010"},{"taxonomy":"product_tag","embeddable":true,"href":"https:\/\/secureus.se\/fi\/wp-json\/wp\/v2\/product_tag?post=83010"}],"curies":[{"name":"wp","href":"https:\/\/api.w.org\/{rel}","templated":true}]}}