{"id":83020,"date":"2023-09-08T10:33:14","date_gmt":"2023-09-08T08:33:14","guid":{"rendered":"https:\/\/secureus.se\/?post_type=product&#038;p=83020"},"modified":"2026-04-08T16:27:14","modified_gmt":"2026-04-08T14:27:14","slug":"paxton-693-112-net2-proximity-with-clamshell-iso-cards-pack-of-10","status":"publish","type":"product","link":"https:\/\/secureus.se\/fi\/paxton-693-112-net2-proximity-with-clamshell-iso-cards-pack-of-10\/","title":{"rendered":"Paxton 693-112 Net2 Proximity Clamshell ISO-korteilla (10 kpl pakkaus)"},"content":{"rendered":"<p>Paxton 693-112 Net2 Proximity Clamshell -kortit ovat kulunvalvontakortteja, jotka on valmistettu paksusta ja kest\u00e4v\u00e4st\u00e4 PVC-materiaalista. Sit\u00e4 ei voi tulostaa, mutta Net2-tarrakorttia voidaan k\u00e4ytt\u00e4\u00e4 r\u00e4\u00e4t\u00e4l\u00f6ityyn tulostukseen.<\/p>\n<ul>\n<li>Myyd\u00e4\u00e4n 10 kappaleen pakkauksissa<\/li>\n<li>Vakiokokoinen CR80-luottokortti (86 mm x 54 mm x 1,8 mm)<\/li>\n<li>Simpukkatyyppinen<\/li>\n<li>Rei&#039;itys mahdollistaa helpon kiinnityksen klipsiin, kaulanauhoihin ja keloihin<\/li>\n<li>K\u00e4yt\u00e4 itseliimautuvia Net2-kortteja valokuvallisten henkil\u00f6todistusten tulostamiseen<\/li>\n<\/ul>\n<p><strong>Huomio: Hinta sis\u00e4lt\u00e4\u00e4 avoimen formaatin ohjelmoinnin. Kun maksu on vastaanotettu, sinuun otetaan yhteytt\u00e4 kortin muodon, sivuston koodin ja numeroalueen vahvistamiseksi.<\/strong><\/p>\n<p><strong><br \/>\nTuotteen paino:<br \/>\n0,13 kg<br \/>\n<\/strong><\/p>","protected":false},"excerpt":{"rendered":"<p>Paxton 693-112 Net2 Proximity Clamshell -kortit ovat kulunvalvontakortteja, jotka on valmistettu paksusta ja kest\u00e4v\u00e4st\u00e4 PVC-materiaalista. Sit\u00e4 ei voi tulostaa, mutta Net2-tarrakorttia voidaan k\u00e4ytt\u00e4\u00e4<\/p>","protected":false},"featured_media":140094,"template":"","meta":{"_acf_changed":false},"product_brand":[],"product_cat":[4820],"product_tag":[2942,3069],"class_list":{"0":"post-83020","1":"product","2":"type-product","3":"status-publish","4":"has-post-thumbnail","6":"product_cat-paxton-kort","7":"product_tag-paxton-rg15","8":"product_tag-trade-produkt","9":"product_shipping_class-postnord-varubrev","10":"pa_brands-paxton","11":"tm-no-options","13":"first","14":"instock","15":"sale","16":"taxable","17":"shipping-taxable","18":"purchasable","19":"product-type-simple"},"acf":[],"_links":{"self":[{"href":"https:\/\/secureus.se\/fi\/wp-json\/wp\/v2\/product\/83020","targetHints":{"allow":["GET"]}}],"collection":[{"href":"https:\/\/secureus.se\/fi\/wp-json\/wp\/v2\/product"}],"about":[{"href":"https:\/\/secureus.se\/fi\/wp-json\/wp\/v2\/types\/product"}],"wp:featuredmedia":[{"embeddable":true,"href":"https:\/\/secureus.se\/fi\/wp-json\/wp\/v2\/media\/140094"}],"wp:attachment":[{"href":"https:\/\/secureus.se\/fi\/wp-json\/wp\/v2\/media?parent=83020"}],"wp:term":[{"taxonomy":"product_brand","embeddable":true,"href":"https:\/\/secureus.se\/fi\/wp-json\/wp\/v2\/product_brand?post=83020"},{"taxonomy":"product_cat","embeddable":true,"href":"https:\/\/secureus.se\/fi\/wp-json\/wp\/v2\/product_cat?post=83020"},{"taxonomy":"product_tag","embeddable":true,"href":"https:\/\/secureus.se\/fi\/wp-json\/wp\/v2\/product_tag?post=83020"}],"curies":[{"name":"wp","href":"https:\/\/api.w.org\/{rel}","templated":true}]}}