{"id":83022,"date":"2023-09-08T10:33:09","date_gmt":"2023-09-08T08:33:09","guid":{"rendered":"https:\/\/secureus.se\/?post_type=product&#038;p=83022"},"modified":"2026-04-07T13:03:00","modified_gmt":"2026-04-07T11:03:00","slug":"paxton-net-2-long-range-handsfree-keycards-690-333-singles","status":"publish","type":"product","link":"https:\/\/secureus.se\/fi\/paxton-net-2-long-range-handsfree-keycards-690-333-singles\/","title":{"rendered":"Paxton Net 2 pitk\u00e4n kantaman handsfree-avainkortit, 690-333 (singlet)"},"content":{"rendered":"<p>Tyhj\u00e4t valkoiset Paxton NET2 pitk\u00e4n kantaman handsfree-avainkortit<\/p>\n<ul>\n<li><strong>Paketin koko:\u00a0<\/strong>Myyd\u00e4\u00e4n singlen\u00e4<\/li>\n<li><strong>Valmistajan tuotekoodi: 690-333<\/strong><\/li>\n<li>K\u00e4ytet\u00e4\u00e4n Paxton-proximity-lukijoiden kanssa osana Net2-j\u00e4rjestelm\u00e4\u00e4<\/li>\n<\/ul>\n<p><strong><br \/>\nTuotteen paino:<br \/>\n0,06 kg<br \/>\n<\/strong><\/p>","protected":false},"excerpt":{"rendered":"<p>Tyhj\u00e4t Valkoiset Paxton NET2 Long Range Handsfree-avainkortit Pakkauskoko: Myyd\u00e4\u00e4n yksitt\u00e4isin\u00e4 Valmistajan tuotekoodi: 690-333 K\u00e4ytett\u00e4v\u00e4ksi Paxton-proximity-lukijoiden kanssa osana Net2-j\u00e4rjestelm\u00e4\u00e4 Tuotteen paino:<\/p>","protected":false},"featured_media":140113,"template":"","meta":{"_acf_changed":false},"product_brand":[],"product_cat":[4820],"product_tag":[2942,3069],"class_list":{"0":"post-83022","1":"product","2":"type-product","3":"status-publish","4":"has-post-thumbnail","6":"product_cat-paxton-kort","7":"product_tag-paxton-rg15","8":"product_tag-trade-produkt","9":"product_shipping_class-postnord-varubrev","10":"pa_brands-paxton","11":"tm-no-options","13":"first","14":"instock","15":"sale","16":"taxable","17":"shipping-taxable","18":"purchasable","19":"product-type-simple"},"acf":[],"_links":{"self":[{"href":"https:\/\/secureus.se\/fi\/wp-json\/wp\/v2\/product\/83022","targetHints":{"allow":["GET"]}}],"collection":[{"href":"https:\/\/secureus.se\/fi\/wp-json\/wp\/v2\/product"}],"about":[{"href":"https:\/\/secureus.se\/fi\/wp-json\/wp\/v2\/types\/product"}],"wp:featuredmedia":[{"embeddable":true,"href":"https:\/\/secureus.se\/fi\/wp-json\/wp\/v2\/media\/140113"}],"wp:attachment":[{"href":"https:\/\/secureus.se\/fi\/wp-json\/wp\/v2\/media?parent=83022"}],"wp:term":[{"taxonomy":"product_brand","embeddable":true,"href":"https:\/\/secureus.se\/fi\/wp-json\/wp\/v2\/product_brand?post=83022"},{"taxonomy":"product_cat","embeddable":true,"href":"https:\/\/secureus.se\/fi\/wp-json\/wp\/v2\/product_cat?post=83022"},{"taxonomy":"product_tag","embeddable":true,"href":"https:\/\/secureus.se\/fi\/wp-json\/wp\/v2\/product_tag?post=83022"}],"curies":[{"name":"wp","href":"https:\/\/api.w.org\/{rel}","templated":true}]}}