{"id":83024,"date":"2023-09-08T10:32:58","date_gmt":"2023-09-08T08:32:58","guid":{"rendered":"https:\/\/secureus.se\/?post_type=product&#038;p=83024"},"modified":"2026-04-23T12:39:48","modified_gmt":"2026-04-23T10:39:48","slug":"paxton-692-500-net2-proximity-iso-cards-pack-of-10","status":"publish","type":"product","link":"https:\/\/secureus.se\/fi\/paxton-692-500-net2-proximity-iso-cards-pack-of-10\/","title":{"rendered":"Paxton 692-500 Net2 Proximity ISO-kortit (10 kappaleen pakkaus)"},"content":{"rendered":"<p>Paxton 692-500 Net2 Proximity ISO -kortit ovat tulostettavia kontaktittomia kortteja, jotka ovat yhteensopivia k\u00e4ytett\u00e4viksi Net2-turvaj\u00e4rjestelmien kanssa. N\u00e4m\u00e4 kortit toimivat 125 kHz:n kantoaaltotaajuudella.<\/p>\n<ul>\n<li>Myyd\u00e4\u00e4n 10 kappaleen pakkauksissa<\/li>\n<li>Toimii 125 MHz taajuusalueella<\/li>\n<li>Koodattu ainutlaatuisella 8-numeroisella numerolla<\/li>\n<li>ISO-kortti \u2013 Ei magneettiraitaa ja allekirjoituspaneelia<\/li>\n<li>Vakiokokoinen CR80-luottokortti (85,60 x 53,98 mm)<\/li>\n<\/ul>\n<p><strong><br \/>\nTuotteen paino:<br \/>\n0,07 kg<br \/>\n<\/strong><\/p>","protected":false},"excerpt":{"rendered":"<p>Paxton 692-500 Net2 Proximity ISO -kortit ovat tulostettavia kontaktittomia kortteja, jotka ovat yhteensopivia k\u00e4ytett\u00e4viksi Net2-turvaj\u00e4rjestelmien kanssa. N\u00e4m\u00e4 kortit toimivat 125 kHz:n kantoaaltotaajuudella. myyty<\/p>","protected":false},"featured_media":141055,"template":"","meta":{"_acf_changed":false},"product_brand":[],"product_cat":[4820,4812,4823],"product_tag":[2942,3069],"class_list":{"0":"post-83024","1":"product","2":"type-product","3":"status-publish","4":"has-post-thumbnail","6":"product_cat-paxton-kort","7":"product_cat-varumarkes-specifika-taggar","8":"product_cat-varumarkes-specifika-kort","9":"product_tag-paxton-rg15","10":"product_tag-trade-produkt","11":"product_shipping_class-postnord-varubrev","12":"pa_brands-paxton","13":"tm-no-options","15":"first","16":"instock","17":"sale","18":"taxable","19":"shipping-taxable","20":"purchasable","21":"product-type-simple"},"acf":[],"_links":{"self":[{"href":"https:\/\/secureus.se\/fi\/wp-json\/wp\/v2\/product\/83024","targetHints":{"allow":["GET"]}}],"collection":[{"href":"https:\/\/secureus.se\/fi\/wp-json\/wp\/v2\/product"}],"about":[{"href":"https:\/\/secureus.se\/fi\/wp-json\/wp\/v2\/types\/product"}],"wp:featuredmedia":[{"embeddable":true,"href":"https:\/\/secureus.se\/fi\/wp-json\/wp\/v2\/media\/141055"}],"wp:attachment":[{"href":"https:\/\/secureus.se\/fi\/wp-json\/wp\/v2\/media?parent=83024"}],"wp:term":[{"taxonomy":"product_brand","embeddable":true,"href":"https:\/\/secureus.se\/fi\/wp-json\/wp\/v2\/product_brand?post=83024"},{"taxonomy":"product_cat","embeddable":true,"href":"https:\/\/secureus.se\/fi\/wp-json\/wp\/v2\/product_cat?post=83024"},{"taxonomy":"product_tag","embeddable":true,"href":"https:\/\/secureus.se\/fi\/wp-json\/wp\/v2\/product_tag?post=83024"}],"curies":[{"name":"wp","href":"https:\/\/api.w.org\/{rel}","templated":true}]}}