{"id":83041,"date":"2023-09-12T10:40:15","date_gmt":"2023-09-12T08:40:15","guid":{"rendered":"https:\/\/secureus.se\/produkt\/detectortesters-soloa10s-hfc-free-non-flammable-smoke-aerosol-for-testing-detectors-250ml-can\/"},"modified":"2026-04-22T15:30:40","modified_gmt":"2026-04-22T13:30:40","slug":"detectortesters-soloa10s-hfc-free-non-flammable-smoke-aerosol-for-testing-detectors-250ml-can","status":"publish","type":"product","link":"https:\/\/secureus.se\/fi\/detectortesters-soloa10s-hfc-free-non-flammable-smoke-aerosol-for-testing-detectors-250ml-can\/","title":{"rendered":"Ilmaisintesterit SoloA10S HFC-vapaa, syttym\u00e4t\u00f6n savuaerosoli ilmaisimien testaukseen, 250 ml t\u00f6lkki"},"content":{"rendered":"<h1>Ilmaisintesterit SoloA10S HFC-vapaa, syttym\u00e4t\u00f6n savuaerosoli ilmaisimien testaukseen, 250 ml t\u00f6lkki<\/h1>\n<h2 data-start=\"373\" data-end=\"425\">Aerosolikaasu savuilmaisimien luotettavaan testaukseen<\/h2>\n<p data-start=\"427\" data-end=\"812\">T\u00e4m\u00e4 250 ml:n aerosolikaasu on kehitetty savunilmaisimien turvalliseen ja tehokkaaseen testaamiseen.<\/p>\n<p data-start=\"427\" data-end=\"812\">Tuote luo m\u00e4\u00e4ritellyn m\u00e4\u00e4r\u00e4n savuhiukkasia, jotka j\u00e4ljittelev\u00e4t oikeaa savua ja varmistavat, ett\u00e4 ilmaisimen anturi reagoi odotetulla tavalla.<\/p>\n<p data-start=\"427\" data-end=\"812\">T\u00e4m\u00e4 on keskeinen osa paloh\u00e4lytysj\u00e4rjestelmien toimintatarkastuksia sek\u00e4 asuin- ett\u00e4 liikeymp\u00e4rist\u00f6iss\u00e4.<\/p>\n<h2 data-start=\"814\" data-end=\"862\">HFC-vapaa ja syttym\u00e4t\u00f6n \u2013 turvallinen k\u00e4ytt\u00e4\u00e4<\/h2>\n<p data-start=\"864\" data-end=\"1126\">SoloA10S on HFC-vapaa ja palamaton, mik\u00e4 minimoi k\u00e4ytt\u00e4j\u00e4lle ja ymp\u00e4rist\u00f6lle aiheutuvat riskit.<\/p>\n<p data-start=\"864\" data-end=\"1126\">Puhdas aerosolikoostumus ei j\u00e4t\u00e4 haitallisia j\u00e4\u00e4mi\u00e4 ilmaisimeen testauksen j\u00e4lkeen, suojaten sek\u00e4 muoviosia ett\u00e4 anturin toimintoja.<\/p>\n<h3 data-start=\"1128\" data-end=\"1154\">Tuotteen edut<\/h3>\n<ul data-start=\"1156\" data-end=\"1469\">\n<li data-start=\"1156\" data-end=\"1216\">\n<p data-start=\"1158\" data-end=\"1216\">Luo realistisia savuhiukkasia tehokasta testausta varten<\/p>\n<\/li>\n<li data-start=\"1217\" data-end=\"1274\">\n<p data-start=\"1219\" data-end=\"1274\">HFC-vapaa ja syttym\u00e4t\u00f6n aerosoli \u2013 korkea turvallisuustaso<\/p>\n<\/li>\n<li data-start=\"1275\" data-end=\"1329\">\n<p data-start=\"1277\" data-end=\"1329\">Ei j\u00e4t\u00e4 haitallisia j\u00e4\u00e4mi\u00e4, jotka vaikuttavat ilmaisimeen<\/p>\n<\/li>\n<li data-start=\"1330\" data-end=\"1385\">\n<p data-start=\"1332\" data-end=\"1385\">Sopii ammattimaisiin savuilmaisimien testausty\u00f6kaluihin<\/p>\n<\/li>\n<li data-start=\"1386\" data-end=\"1469\">\n<p data-start=\"1388\" data-end=\"1469\">Helppo k\u00e4ytt\u00e4\u00e4 ammattimaisissa testeiss\u00e4<\/p>\n<\/li>\n<\/ul>\n<h2 data-start=\"1471\" data-end=\"1492\">K\u00e4ytt\u00f6alueet<\/h2>\n<p data-start=\"1494\" data-end=\"1517\">SoloA10S sopii:<\/p>\n<ul data-start=\"1519\" data-end=\"1749\">\n<li data-start=\"1519\" data-end=\"1574\">\n<p data-start=\"1521\" data-end=\"1574\">Toiminnallinen testaus savuilmaisimien asennuksen yhteydess\u00e4<\/p>\n<\/li>\n<li data-start=\"1575\" data-end=\"1622\">\n<p data-start=\"1577\" data-end=\"1622\">Vuosittainen tai m\u00e4\u00e4r\u00e4aikainen huolto ja kunnossapito<\/p>\n<\/li>\n<li data-start=\"1623\" data-end=\"1688\">\n<p data-start=\"1625\" data-end=\"1688\">Omavalvonta kodeissa, toimistoissa, varastoissa ja julkisissa tiloissa<\/p>\n<\/li>\n<li data-start=\"1689\" data-end=\"1749\">\n<p data-start=\"1691\" data-end=\"1749\">K\u00e4yt\u00e4 yhdess\u00e4 yhteensopivien annosteluty\u00f6kalujen kanssa<\/p>\n<\/li>\n<\/ul>\n<p data-start=\"1751\" data-end=\"1911\">T\u00e4m\u00e4 aerosoli on v\u00e4ltt\u00e4m\u00e4t\u00f6n ty\u00f6kalu palovaroittimien asentajille ja teknikoille, jotka tarvitsevat luotettavia testej\u00e4.<\/p>\n<p data-start=\"1913\" data-end=\"1940\">TEKNISET TIEDOT:<\/p>\n<ul data-start=\"1942\" data-end=\"2371\">\n<li data-start=\"1942\" data-end=\"1985\">\n<p data-start=\"1944\" data-end=\"1985\">Tuote: Aerosolikaasu savuilmaisimien testaukseen<\/p>\n<\/li>\n<li data-start=\"1986\" data-end=\"2010\">\n<p data-start=\"1988\" data-end=\"2010\">Malli: SoloA10S-001<\/p>\n<\/li>\n<li data-start=\"2011\" data-end=\"2028\">\n<p data-start=\"2013\" data-end=\"2028\">Tilavuus: 250 ml<\/p>\n<\/li>\n<li data-start=\"2029\" data-end=\"2081\">\n<p data-start=\"2031\" data-end=\"2081\">V\u00e4ri: (vakioaerosolipurkki \u2013 hopean\/valkoinen malli)<\/p>\n<\/li>\n<li data-start=\"2082\" data-end=\"2146\">\n<p data-start=\"2084\" data-end=\"2146\">Toiminto: Luo aerosolisoituja savuhiukkasia testausta varten<\/p>\n<\/li>\n<li data-start=\"2147\" data-end=\"2205\">\n<p data-start=\"2149\" data-end=\"2205\">Ominaisuudet: HFC-vapaa, syttym\u00e4t\u00f6n, ei j\u00e4t\u00e4 j\u00e4\u00e4mi\u00e4<\/p>\n<\/li>\n<li data-start=\"2206\" data-end=\"2272\">\n<p data-start=\"2208\" data-end=\"2272\">Yhteensopivuus: Ammattimaiset savunilmaisimien testauslaitteet<\/p>\n<\/li>\n<li data-start=\"2273\" data-end=\"2371\">\n<p data-start=\"2275\" data-end=\"2371\">Sertifiointi: UL-sertifioitu nykyisten aerosolim\u00e4\u00e4r\u00e4ysten mukaisesti<\/p>\n<\/li>\n<\/ul>","protected":false},"excerpt":{"rendered":"<p><strong data-start=\"21\" data-end=\"62\"><span class=\"entity-underline hover:entity-accent inline cursor-pointer align-baseline\"><span class=\"whitespace-normal\">Solo A10s -kaasu<\/span><\/span><\/strong>\u00a0on 250 ml:n aerosolikaasu savuilmaisimien toiminnan testaamiseen.<\/p>\n<p>Se on HFC-vapaa ja palamaton, joten sit\u00e4 on turvallista k\u00e4ytt\u00e4\u00e4 ammattimaisissa testauslaitteissa.<\/p>\n<p>Suunniteltu tuottamaan realistisia savuhiukkasia ja varmistamaan, ett\u00e4 ilmaisin reagoi oikein.<\/p>","protected":false},"featured_media":140032,"template":"","meta":{"_acf_changed":false},"product_brand":[],"product_cat":[1764,2943],"product_tag":[],"class_list":{"0":"post-83041","1":"product","2":"type-product","3":"status-publish","4":"has-post-thumbnail","6":"product_cat-professionella-verktyg-for-prov-och-underhall","7":"product_cat-provgas-testgas-rokdetektorer","8":"product_shipping_class-postnord-varubrev","9":"pa_brands-solo","10":"tm-no-options","12":"first","13":"instock","14":"taxable","15":"shipping-taxable","16":"purchasable","17":"product-type-simple"},"acf":[],"_links":{"self":[{"href":"https:\/\/secureus.se\/fi\/wp-json\/wp\/v2\/product\/83041","targetHints":{"allow":["GET"]}}],"collection":[{"href":"https:\/\/secureus.se\/fi\/wp-json\/wp\/v2\/product"}],"about":[{"href":"https:\/\/secureus.se\/fi\/wp-json\/wp\/v2\/types\/product"}],"wp:featuredmedia":[{"embeddable":true,"href":"https:\/\/secureus.se\/fi\/wp-json\/wp\/v2\/media\/140032"}],"wp:attachment":[{"href":"https:\/\/secureus.se\/fi\/wp-json\/wp\/v2\/media?parent=83041"}],"wp:term":[{"taxonomy":"product_brand","embeddable":true,"href":"https:\/\/secureus.se\/fi\/wp-json\/wp\/v2\/product_brand?post=83041"},{"taxonomy":"product_cat","embeddable":true,"href":"https:\/\/secureus.se\/fi\/wp-json\/wp\/v2\/product_cat?post=83041"},{"taxonomy":"product_tag","embeddable":true,"href":"https:\/\/secureus.se\/fi\/wp-json\/wp\/v2\/product_tag?post=83041"}],"curies":[{"name":"wp","href":"https:\/\/api.w.org\/{rel}","templated":true}]}}