{"id":83043,"date":"2023-09-12T10:40:05","date_gmt":"2023-09-12T08:40:05","guid":{"rendered":"https:\/\/secureus.se\/produkt\/detectortesters-soloa5-smoke-detector-tester-aerosol-flammable-gas-handheld-or-use-with-330-and-332-dispensers\/"},"modified":"2026-03-27T10:31:01","modified_gmt":"2026-03-27T09:31:01","slug":"detectortesters-soloa5-smoke-detector-tester-aerosol-flammable-gas-handheld-or-use-with-330-and-332-dispensers","status":"publish","type":"product","link":"https:\/\/secureus.se\/fi\/detectortesters-soloa5-smoke-detector-tester-aerosol-flammable-gas-handheld-or-use-with-330-and-332-dispensers\/","title":{"rendered":"Solo A5 Detector Tester - Savuaerosoli savuilmaisimien testaamiseen."},"content":{"rendered":"<h1 data-start=\"597\" data-end=\"676\">Solo A5 Detector Tester - Savuaerosoli savuilmaisimien testaamiseen.<\/h1>\n<h2 data-start=\"319\" data-end=\"377\">Luotettava savuaerosoli ammattimaiseen ilmaisimien testaukseen<\/h2>\n<p data-start=\"379\" data-end=\"683\">Solo A5 on kehitetty savunilmaisimien tarkkaan ja turvalliseen toiminnan testaamiseen sek\u00e4 asuin- ett\u00e4 liikekiinteist\u00f6iss\u00e4.<\/p>\n<p data-start=\"379\" data-end=\"683\">Tuote korvaa aiemman Solo A3:n ja on optimoitu k\u00e4ytett\u00e4v\u00e4ksi Solo 330- ja Solo 332 -annostelijoiden kanssa varmistaen oikean annostelun ja ilmaisimen tehokkaan aktivoinnin.<\/p>\n<p data-start=\"685\" data-end=\"954\">Asennuksen ja s\u00e4\u00e4nn\u00f6llisen huollon aikana on eritt\u00e4in t\u00e4rke\u00e4\u00e4 varmistaa, ett\u00e4 ilmaisin reagoi oikeaan savuun \u2013 ei pelk\u00e4st\u00e4\u00e4n testipainikkeen kautta.<\/p>\n<p data-start=\"685\" data-end=\"954\">Solo A5 tuottaa kontrolloidusti savuaerosolia, joka aktivoi luotettavasti sek\u00e4 optiset ett\u00e4 ionisoivat savuilmaisimet.<\/p>\n<h2 data-start=\"956\" data-end=\"998\">Turvallinen sek\u00e4 k\u00e4ytt\u00e4jille ett\u00e4 ilmaisimille<\/h2>\n<p data-start=\"1000\" data-end=\"1219\">Toisin kuin yksinkertaisemmat aerosolit, Solo A5 on johtavien savuilmaisimien valmistajien testaama ja hyv\u00e4ksym\u00e4.<\/p>\n<p data-start=\"1000\" data-end=\"1219\">Kaava on mukautettu nykyaikaisissa ilmaisimissa k\u00e4ytett\u00e4ville muoveille ja materiaaleille, mik\u00e4 minimoi seuraavien riskien:<\/p>\n<ul data-start=\"1221\" data-end=\"1331\">\n<li data-start=\"1221\" data-end=\"1255\">\n<p data-start=\"1223\" data-end=\"1255\">J\u00e4nnityshalkeamat muovisuojissa<\/p>\n<\/li>\n<li data-start=\"1256\" data-end=\"1297\">\n<p data-start=\"1258\" data-end=\"1297\">Pinnoitteet tai j\u00e4\u00e4m\u00e4t antureissa<\/p>\n<\/li>\n<li data-start=\"1298\" data-end=\"1331\">\n<p data-start=\"1300\" data-end=\"1331\">Heikentynyt toimintakyky testin j\u00e4lkeen<\/p>\n<\/li>\n<\/ul>\n<p data-start=\"1333\" data-end=\"1415\">Tuote on UL-sertifioitu ja t\u00e4ytt\u00e4\u00e4 alan nykyiset turvallisuustestausvaatimukset.<\/p>\n<h2 data-start=\"1417\" data-end=\"1450\">Taloudellinen ja tehokas ratkaisu<\/h2>\n<p data-start=\"1452\" data-end=\"1564\">Yksi pullo Solo A5:t\u00e4 riitt\u00e4\u00e4 yli 400 testiin, mik\u00e4 takaa alhaiset testikustannukset ja tekee siit\u00e4 erityisen sopivan:<\/p>\n<ul data-start=\"1566\" data-end=\"1701\">\n<li data-start=\"1566\" data-end=\"1596\">\n<p data-start=\"1568\" data-end=\"1596\">Paloh\u00e4lyttimien asentajat<\/p>\n<\/li>\n<li data-start=\"1597\" data-end=\"1631\">\n<p data-start=\"1599\" data-end=\"1631\">Palontorjuntapalveluyritys<\/p>\n<\/li>\n<li data-start=\"1632\" data-end=\"1656\">\n<p data-start=\"1634\" data-end=\"1656\">Kiinteist\u00f6p\u00e4\u00e4llikk\u00f6<\/p>\n<\/li>\n<li data-start=\"1657\" data-end=\"1701\">\n<p data-start=\"1659\" data-end=\"1701\">Teollisuus- ja julkiset toiminnot<\/p>\n<\/li>\n<\/ul>\n<h2 data-start=\"1703\" data-end=\"1722\">T\u00e4rke\u00e4\u00e4 tiet\u00e4\u00e4<\/h2>\n<ul data-start=\"1724\" data-end=\"1875\">\n<li data-start=\"1724\" data-end=\"1761\">\n<p data-start=\"1726\" data-end=\"1761\">Ravista pulloa hyvin ennen k\u00e4ytt\u00f6\u00e4.<\/p>\n<\/li>\n<li data-start=\"1762\" data-end=\"1828\">\n<p data-start=\"1764\" data-end=\"1828\">K\u00e4ytet\u00e4\u00e4n Solo 330- tai Solo 332 -annostelijan kanssa<\/p>\n<\/li>\n<li data-start=\"1829\" data-end=\"1875\">\n<p data-start=\"1831\" data-end=\"1875\">Tarkoitettu ammattimaiseen toimintojen hallintaan<\/p>\n<\/li>\n<\/ul>\n<p data-start=\"1877\" data-end=\"1904\">TEKNISET TIEDOT:<\/p>\n<ul data-start=\"1906\" data-end=\"2238\">\n<li data-start=\"1906\" data-end=\"1949\">\n<p data-start=\"1908\" data-end=\"1949\">Tuote: Savuaerosoli savuilmaisimien testaukseen<\/p>\n<\/li>\n<li data-start=\"1950\" data-end=\"1969\">\n<p data-start=\"1952\" data-end=\"1969\">Malli: Solo A5<\/p>\n<\/li>\n<li data-start=\"1970\" data-end=\"1998\">\n<p data-start=\"1972\" data-end=\"1998\">Korvaa mallin: Solo A3<\/p>\n<\/li>\n<li data-start=\"1999\" data-end=\"2036\">\n<p data-start=\"2001\" data-end=\"2036\">Testien m\u00e4\u00e4r\u00e4: Yli 400 pulloa kohden<\/p>\n<\/li>\n<li data-start=\"2037\" data-end=\"2085\">\n<p data-start=\"2039\" data-end=\"2085\">Yhteensopiva annostelija: Solo 330, Solo 332<\/p>\n<\/li>\n<li data-start=\"2086\" data-end=\"2154\">\n<p data-start=\"2088\" data-end=\"2154\">Ilmaisimien yhteensopivuus: Optiset ja ionisoivat savuilmaisimet<\/p>\n<\/li>\n<li data-start=\"2155\" data-end=\"2187\">\n<p data-start=\"2157\" data-end=\"2187\">Sertifiointi: UL-sertifioitu<\/p>\n<\/li>\n<li data-start=\"2188\" data-end=\"2238\">\n<p data-start=\"2190\" data-end=\"2238\">Sovellus: Savuilmaisimien toiminnan tarkastus<\/p>\n<\/li>\n<\/ul>","protected":false},"excerpt":{"rendered":"<p>Solo A5 on savuaerosoli savuilmaisimien turvalliseen ja tehokkaaseen toiminnan testaukseen.<\/p>\n<p>Sit\u00e4 k\u00e4ytet\u00e4\u00e4n Solo 330- tai Solo 332 -annostelijan kanssa, ja se on johtavien ilmaisinvalmistajien hyv\u00e4ksym\u00e4.<\/p>\n<p>Yksi pullo riitt\u00e4\u00e4 yli 400 testiin, joten se sopii ammattik\u00e4ytt\u00f6\u00f6n.<\/p>","protected":false},"featured_media":156260,"template":"","meta":{"_acf_changed":false},"product_brand":[],"product_cat":[1764,2943],"product_tag":[],"class_list":{"0":"post-83043","1":"product","2":"type-product","3":"status-publish","4":"has-post-thumbnail","6":"product_cat-professionella-verktyg-for-prov-och-underhall","7":"product_cat-provgas-testgas-rokdetektorer","8":"product_shipping_class-tunga-paket","9":"pa_brands-solo","10":"tm-no-options","12":"first","13":"instock","14":"sale","15":"featured","16":"taxable","17":"shipping-taxable","18":"purchasable","19":"product-type-simple"},"acf":[],"_links":{"self":[{"href":"https:\/\/secureus.se\/fi\/wp-json\/wp\/v2\/product\/83043","targetHints":{"allow":["GET"]}}],"collection":[{"href":"https:\/\/secureus.se\/fi\/wp-json\/wp\/v2\/product"}],"about":[{"href":"https:\/\/secureus.se\/fi\/wp-json\/wp\/v2\/types\/product"}],"wp:featuredmedia":[{"embeddable":true,"href":"https:\/\/secureus.se\/fi\/wp-json\/wp\/v2\/media\/156260"}],"wp:attachment":[{"href":"https:\/\/secureus.se\/fi\/wp-json\/wp\/v2\/media?parent=83043"}],"wp:term":[{"taxonomy":"product_brand","embeddable":true,"href":"https:\/\/secureus.se\/fi\/wp-json\/wp\/v2\/product_brand?post=83043"},{"taxonomy":"product_cat","embeddable":true,"href":"https:\/\/secureus.se\/fi\/wp-json\/wp\/v2\/product_cat?post=83043"},{"taxonomy":"product_tag","embeddable":true,"href":"https:\/\/secureus.se\/fi\/wp-json\/wp\/v2\/product_tag?post=83043"}],"curies":[{"name":"wp","href":"https:\/\/api.w.org\/{rel}","templated":true}]}}